{"id":42,"date":"2020-09-11T11:23:22","date_gmt":"2020-09-11T08:23:22","guid":{"rendered":"http:\/\/new.destekotomasyon.com\/destek_new\/?page_id=42"},"modified":"2022-06-18T11:25:29","modified_gmt":"2022-06-18T08:25:29","slug":"aboutus-destek-otomasyon-aboutus","status":"publish","type":"page","link":"http:\/\/www.destekotomasyon.com\/en\/index.php\/aboutus-destek-otomasyon-aboutus\/","title":{"rendered":"About Us"},"content":{"rendered":"\t\t<div data-elementor-type=\"wp-page\" data-elementor-id=\"42\" class=\"elementor elementor-42\" data-elementor-settings=\"[]\">\n\t\t\t\t\t\t<div class=\"elementor-inner\">\n\t\t\t\t\t\t\t<div class=\"elementor-section-wrap\">\n\t\t\t\t\t\t\t<section class=\"elementor-section elementor-top-section elementor-element elementor-element-596af31 elementor-section-boxed elementor-section-height-default elementor-section-height-default\" data-id=\"596af31\" data-element_type=\"section\">\n\t\t\t\t\t\t<div class=\"elementor-container elementor-column-gap-default\">\n\t\t\t\t\t\t\t<div class=\"elementor-row\">\n\t\t\t\t\t<div class=\"elementor-column elementor-col-100 elementor-top-column elementor-element elementor-element-ab60e36\" data-id=\"ab60e36\" data-element_type=\"column\">\n\t\t\t<div class=\"elementor-column-wrap elementor-element-populated\">\n\t\t\t\t\t\t\t<div class=\"elementor-widget-wrap\">\n\t\t\t\t\t\t<div class=\"elementor-element elementor-element-44d7598 elementor-widget elementor-widget-image\" data-id=\"44d7598\" data-element_type=\"widget\" data-widget_type=\"image.default\">\n\t\t\t\t<div class=\"elementor-widget-container\">\n\t\t\t\t\t<div class=\"elementor-image\">\n\t\t\t\t\t\t\t\t\t\t<img width=\"768\" height=\"370\" src=\"http:\/\/www.destekotomasyon.com\/en\/wp-content\/uploads\/2021\/03\/Adsiz-tasarim-50.png\" class=\"attachment-medium_large size-medium_large\" alt=\"\" loading=\"lazy\" srcset=\"http:\/\/www.destekotomasyon.com\/en\/wp-content\/uploads\/2021\/03\/Adsiz-tasarim-50.png 768w, http:\/\/www.destekotomasyon.com\/en\/wp-content\/uploads\/2021\/03\/Adsiz-tasarim-50-300x145.png 300w\" sizes=\"(max-width: 768px) 100vw, 768px\" \/>\t\t\t\t\t\t\t\t\t\t\t<\/div>\n\t\t\t\t<\/div>\n\t\t\t\t<\/div>\n\t\t\t\t\t\t<\/div>\n\t\t\t\t\t<\/div>\n\t\t<\/div>\n\t\t\t\t\t\t\t\t<\/div>\n\t\t\t\t\t<\/div>\n\t\t<\/section>\n\t\t\t\t<section class=\"elementor-section elementor-top-section elementor-element elementor-element-6acead6 elementor-section-boxed elementor-section-height-default elementor-section-height-default\" data-id=\"6acead6\" data-element_type=\"section\">\n\t\t\t\t\t\t<div class=\"elementor-container elementor-column-gap-default\">\n\t\t\t\t\t\t\t<div class=\"elementor-row\">\n\t\t\t\t\t<div class=\"elementor-column elementor-col-100 elementor-top-column elementor-element elementor-element-ad522b4\" data-id=\"ad522b4\" data-element_type=\"column\">\n\t\t\t<div class=\"elementor-column-wrap elementor-element-populated\">\n\t\t\t\t\t\t\t<div class=\"elementor-widget-wrap\">\n\t\t\t\t\t\t<div class=\"elementor-element elementor-element-e87d805 elementor-widget elementor-widget-text-editor\" data-id=\"e87d805\" data-element_type=\"widget\" data-widget_type=\"text-editor.default\">\n\t\t\t\t<div class=\"elementor-widget-container\">\n\t\t\t\t\t<div class=\"elementor-text-editor elementor-clearfix\"><p><!-- wp:paragraph --><\/p>\n<div><strong>Destek Otomasyon<\/strong> started its commercial activities in 2009 with its expert staff and devoted engineers in the field. Since then, it has aimed to meet the needs and expectations of its business partners in automation projects in the best way. For this purpose, <strong>Destek Otomasyon<\/strong> especially takes into account quality standards and produces effective solutions at optimum cost.<\/div>\n<div>\u00a0<\/div>\n<div><strong>Destek Otomasyon<\/strong> has carried out many successful projects since the first day of its activities as a company that adopts the difference of creating value in the sector with its project development, system design, production and testing, installation, training and after-sales services. Moreover, since the first service it has provided, it has tried to provide the satisfaction of its business partners at the highest level.<\/div>\n<div>\u00a0<\/div>\n<div>With the knowledge and competencies gained in engineering, customer relations and sales, it provides services in the fields of embedded card software, hardware design and production, user interfaces, special measurement systems and production, and is also ready to establish new business partnerships in different working options for future projects.<\/div>\n<div>\u00a0<\/div>\n<div><strong>Destek Otomasyon<\/strong> advances its expertise in specific product and service areas. Therefore, it carries the quality standards forward every day. With this awareness and competence, it offers solutions to its customers with heat recovery control systems, humidity and temperature monitoring and precise measurement control unit.<\/div>\n<p><!-- \/wp:paragraph --><\/p><\/div>\n\t\t\t\t<\/div>\n\t\t\t\t<\/div>\n\t\t\t\t\t\t<\/div>\n\t\t\t\t\t<\/div>\n\t\t<\/div>\n\t\t\t\t\t\t\t\t<\/div>\n\t\t\t\t\t<\/div>\n\t\t<\/section>\n\t\t\t\t<section class=\"elementor-section elementor-top-section elementor-element elementor-element-47f4c99 elementor-section-boxed elementor-section-height-default elementor-section-height-default\" data-id=\"47f4c99\" data-element_type=\"section\">\n\t\t\t\t\t\t<div class=\"elementor-container elementor-column-gap-default\">\n\t\t\t\t\t\t\t<div class=\"elementor-row\">\n\t\t\t\t\t<div class=\"elementor-column elementor-col-100 elementor-top-column elementor-element elementor-element-b47ac89\" data-id=\"b47ac89\" data-element_type=\"column\">\n\t\t\t<div class=\"elementor-column-wrap elementor-element-populated\">\n\t\t\t\t\t\t\t<div class=\"elementor-widget-wrap\">\n\t\t\t\t\t\t<div class=\"elementor-element elementor-element-84ec64e elementor-shape-circle elementor-grid-0 e-grid-align-center elementor-widget elementor-widget-social-icons\" data-id=\"84ec64e\" data-element_type=\"widget\" data-widget_type=\"social-icons.default\">\n\t\t\t\t<div class=\"elementor-widget-container\">\n\t\t\t\t\t<div class=\"elementor-social-icons-wrapper elementor-grid\">\n\t\t\t\t\t\t\t<div class=\"elementor-grid-item\">\n\t\t\t\t\t<a class=\"elementor-icon elementor-social-icon elementor-social-icon-facebook elementor-repeater-item-07066a6\" href=\"https:\/\/www.facebook.com\/destekotomasyon\/?fref=ts%20\" target=\"_blank\">\n\t\t\t\t\t\t<span class=\"elementor-screen-only\">Facebook<\/span>\n\t\t\t\t\t\t<i class=\"fab fa-facebook\"><\/i>\t\t\t\t\t<\/a>\n\t\t\t\t<\/div>\n\t\t\t\t\t\t\t<div class=\"elementor-grid-item\">\n\t\t\t\t\t<a class=\"elementor-icon elementor-social-icon elementor-social-icon-linkedin elementor-repeater-item-00d3dd0\" href=\"https:\/\/www.linkedin.com\/company\/destek-otomasyon\" target=\"_blank\">\n\t\t\t\t\t\t<span class=\"elementor-screen-only\">Linkedin<\/span>\n\t\t\t\t\t\t<i class=\"fab fa-linkedin\"><\/i>\t\t\t\t\t<\/a>\n\t\t\t\t<\/div>\n\t\t\t\t\t\t\t<div class=\"elementor-grid-item\">\n\t\t\t\t\t<a class=\"elementor-icon elementor-social-icon elementor-social-icon-youtube elementor-repeater-item-e389a3c\" href=\"https:\/\/www.youtube.com\/channel\/UC-1U6Za9o0FAfcesell1n0A\" target=\"_blank\">\n\t\t\t\t\t\t<span class=\"elementor-screen-only\">Youtube<\/span>\n\t\t\t\t\t\t<i class=\"fab fa-youtube\"><\/i>\t\t\t\t\t<\/a>\n\t\t\t\t<\/div>\n\t\t\t\t\t\t\t<div class=\"elementor-grid-item\">\n\t\t\t\t\t<a class=\"elementor-icon elementor-social-icon elementor-social-icon-instagram elementor-repeater-item-58f6b4c\" href=\"https:\/\/www.instagram.com\/destekotomasyon\/\" target=\"_blank\">\n\t\t\t\t\t\t<span class=\"elementor-screen-only\">Instagram<\/span>\n\t\t\t\t\t\t<i class=\"fab fa-instagram\"><\/i>\t\t\t\t\t<\/a>\n\t\t\t\t<\/div>\n\t\t\t\t\t<\/div>\n\t\t\t\t<\/div>\n\t\t\t\t<\/div>\n\t\t\t\t\t\t<\/div>\n\t\t\t\t\t<\/div>\n\t\t<\/div>\n\t\t\t\t\t\t\t\t<\/div>\n\t\t\t\t\t<\/div>\n\t\t<\/section>\n\t\t\t\t\t\t<\/div>\n\t\t\t\t\t\t<\/div>\n\t\t\t\t\t<\/div>\n\t\t","protected":false},"excerpt":{"rendered":"<p class=\"qua-blog-post-description\">Destek Otomasyon started its commercial activities in 2009 with its expert staff and devoted engineers in the field. Since then, it has aimed to meet the needs and expectations of its business partners in automation projects in the best way. For this purpose, Destek Otomasyon especially takes into account quality standards and produces effective solutions [&hellip;]<\/p>\n","protected":false},"author":1,"featured_media":113,"parent":0,"menu_order":0,"comment_status":"closed","ping_status":"closed","template":"","meta":[],"yoast_head":"<!-- This site is optimized with the Yoast SEO plugin v18.4.1 - https:\/\/yoast.com\/wordpress\/plugins\/seo\/ -->\n<title>About Us &ndash; Destek Otomasyon Destek Otomasyon<\/title>\n<meta name=\"description\" content=\"Destek Otomasyon, Proje geli\u015ftirme, sistem tasar\u0131m\u0131, \u00fcretim ve test, kurulum, e\u011fitim ve sat\u0131\u015f sonras\u0131 hizmetleriyle sekt\u00f6rde...\" \/>\n<meta name=\"robots\" content=\"index, follow, max-snippet:-1, max-image-preview:large, max-video-preview:-1\" \/>\n<link rel=\"canonical\" href=\"http:\/\/www.destekotomasyon.com\/en\/index.php\/aboutus-destek-otomasyon-aboutus\/\" \/>\n<meta property=\"og:locale\" content=\"en_US\" \/>\n<meta property=\"og:type\" content=\"article\" \/>\n<meta property=\"og:title\" content=\"About Us &ndash; Destek Otomasyon Destek Otomasyon\" \/>\n<meta property=\"og:description\" content=\"Destek Otomasyon, Proje geli\u015ftirme, sistem tasar\u0131m\u0131, \u00fcretim ve test, kurulum, e\u011fitim ve sat\u0131\u015f sonras\u0131 hizmetleriyle sekt\u00f6rde...\" \/>\n<meta property=\"og:url\" content=\"http:\/\/www.destekotomasyon.com\/en\/index.php\/aboutus-destek-otomasyon-aboutus\/\" \/>\n<meta property=\"og:site_name\" content=\"Destek Otomasyon\" \/>\n<meta property=\"article:publisher\" content=\"https:\/\/www.facebook.com\/destekotomasyon\/?fref=ts\" \/>\n<meta property=\"article:modified_time\" content=\"2022-06-18T08:25:29+00:00\" \/>\n<meta property=\"og:image\" content=\"http:\/\/www.destekotomasyon.com\/en\/wp-content\/uploads\/2020\/09\/drew-beamer-Se7vVKzYxTI-unsplash-scaled.jpg\" \/>\n\t<meta property=\"og:image:width\" content=\"2560\" \/>\n\t<meta property=\"og:image:height\" content=\"1707\" \/>\n\t<meta property=\"og:image:type\" content=\"image\/jpeg\" \/>\n<meta name=\"twitter:card\" content=\"summary_large_image\" \/>\n<meta name=\"twitter:label1\" content=\"Est. reading time\" \/>\n\t<meta name=\"twitter:data1\" content=\"2 minutes\" \/>\n<script type=\"application\/ld+json\" class=\"yoast-schema-graph\">{\"@context\":\"https:\/\/schema.org\",\"@graph\":[{\"@type\":\"Organization\",\"@id\":\"http:\/\/www.destekotomasyon.com\/en\/#organization\",\"name\":\"Destek Otomasyon\",\"url\":\"http:\/\/www.destekotomasyon.com\/en\/\",\"sameAs\":[\"https:\/\/www.facebook.com\/destekotomasyon\/?fref=ts\",\"https:\/\/www.instagram.com\/destekotomasyon\/\",\"https:\/\/www.linkedin.com\/company\/destek-otomasyon\",\"https:\/\/www.youtube.com\/channel\/UC-1U6Za9o0FAfcesell1n0A\"],\"logo\":{\"@type\":\"ImageObject\",\"@id\":\"http:\/\/www.destekotomasyon.com\/en\/#logo\",\"inLanguage\":\"en-US\",\"url\":\"http:\/\/www.destekotomasyon.com\/wp-content\/uploads\/2020\/09\/cropped-Adsiz-tasarim-2.png\",\"contentUrl\":\"http:\/\/www.destekotomasyon.com\/wp-content\/uploads\/2020\/09\/cropped-Adsiz-tasarim-2.png\",\"width\":153,\"height\":123,\"caption\":\"Destek Otomasyon\"},\"image\":{\"@id\":\"http:\/\/www.destekotomasyon.com\/en\/#logo\"}},{\"@type\":\"WebSite\",\"@id\":\"http:\/\/www.destekotomasyon.com\/en\/#website\",\"url\":\"http:\/\/www.destekotomasyon.com\/en\/\",\"name\":\"Destek Otomasyon\",\"description\":\"Destek Otomasyon Enerji Elektronik Makina San. ve Tic. Ltd. \u015eti.\",\"publisher\":{\"@id\":\"http:\/\/www.destekotomasyon.com\/en\/#organization\"},\"potentialAction\":[{\"@type\":\"SearchAction\",\"target\":{\"@type\":\"EntryPoint\",\"urlTemplate\":\"http:\/\/www.destekotomasyon.com\/en\/?s={search_term_string}\"},\"query-input\":\"required name=search_term_string\"}],\"inLanguage\":\"en-US\"},{\"@type\":\"ImageObject\",\"@id\":\"http:\/\/www.destekotomasyon.com\/en\/index.php\/aboutus-destek-otomasyon-aboutus\/#primaryimage\",\"inLanguage\":\"en-US\",\"url\":\"http:\/\/www.destekotomasyon.com\/en\/wp-content\/uploads\/2020\/09\/drew-beamer-Se7vVKzYxTI-unsplash-scaled.jpg\",\"contentUrl\":\"http:\/\/www.destekotomasyon.com\/en\/wp-content\/uploads\/2020\/09\/drew-beamer-Se7vVKzYxTI-unsplash-scaled.jpg\",\"width\":2560,\"height\":1707},{\"@type\":\"WebPage\",\"@id\":\"http:\/\/www.destekotomasyon.com\/en\/index.php\/aboutus-destek-otomasyon-aboutus\/#webpage\",\"url\":\"http:\/\/www.destekotomasyon.com\/en\/index.php\/aboutus-destek-otomasyon-aboutus\/\",\"name\":\"About Us &ndash; Destek Otomasyon Destek Otomasyon\",\"isPartOf\":{\"@id\":\"http:\/\/www.destekotomasyon.com\/en\/#website\"},\"primaryImageOfPage\":{\"@id\":\"http:\/\/www.destekotomasyon.com\/en\/index.php\/aboutus-destek-otomasyon-aboutus\/#primaryimage\"},\"datePublished\":\"2020-09-11T08:23:22+00:00\",\"dateModified\":\"2022-06-18T08:25:29+00:00\",\"description\":\"Destek Otomasyon, Proje geli\u015ftirme, sistem tasar\u0131m\u0131, \u00fcretim ve test, kurulum, e\u011fitim ve sat\u0131\u015f sonras\u0131 hizmetleriyle sekt\u00f6rde...\",\"breadcrumb\":{\"@id\":\"http:\/\/www.destekotomasyon.com\/en\/index.php\/aboutus-destek-otomasyon-aboutus\/#breadcrumb\"},\"inLanguage\":\"en-US\",\"potentialAction\":[{\"@type\":\"ReadAction\",\"target\":[\"http:\/\/www.destekotomasyon.com\/en\/index.php\/aboutus-destek-otomasyon-aboutus\/\"]}]},{\"@type\":\"BreadcrumbList\",\"@id\":\"http:\/\/www.destekotomasyon.com\/en\/index.php\/aboutus-destek-otomasyon-aboutus\/#breadcrumb\",\"itemListElement\":[{\"@type\":\"ListItem\",\"position\":1,\"name\":\"Ana sayfa\",\"item\":\"http:\/\/www.destekotomasyon.com\/en\/\"},{\"@type\":\"ListItem\",\"position\":2,\"name\":\"About Us\"}]}]}<\/script>\n<!-- \/ Yoast SEO plugin. -->","yoast_head_json":{"title":"About Us &ndash; Destek Otomasyon Destek Otomasyon","description":"Destek Otomasyon, Proje geli\u015ftirme, sistem tasar\u0131m\u0131, \u00fcretim ve test, kurulum, e\u011fitim ve sat\u0131\u015f sonras\u0131 hizmetleriyle sekt\u00f6rde...","robots":{"index":"index","follow":"follow","max-snippet":"max-snippet:-1","max-image-preview":"max-image-preview:large","max-video-preview":"max-video-preview:-1"},"canonical":"http:\/\/www.destekotomasyon.com\/en\/index.php\/aboutus-destek-otomasyon-aboutus\/","og_locale":"en_US","og_type":"article","og_title":"About Us &ndash; Destek Otomasyon Destek Otomasyon","og_description":"Destek Otomasyon, Proje geli\u015ftirme, sistem tasar\u0131m\u0131, \u00fcretim ve test, kurulum, e\u011fitim ve sat\u0131\u015f sonras\u0131 hizmetleriyle sekt\u00f6rde...","og_url":"http:\/\/www.destekotomasyon.com\/en\/index.php\/aboutus-destek-otomasyon-aboutus\/","og_site_name":"Destek Otomasyon","article_publisher":"https:\/\/www.facebook.com\/destekotomasyon\/?fref=ts","article_modified_time":"2022-06-18T08:25:29+00:00","og_image":[{"width":2560,"height":1707,"url":"http:\/\/www.destekotomasyon.com\/en\/wp-content\/uploads\/2020\/09\/drew-beamer-Se7vVKzYxTI-unsplash-scaled.jpg","type":"image\/jpeg"}],"twitter_card":"summary_large_image","twitter_misc":{"Est. reading time":"2 minutes"},"schema":{"@context":"https:\/\/schema.org","@graph":[{"@type":"Organization","@id":"http:\/\/www.destekotomasyon.com\/en\/#organization","name":"Destek Otomasyon","url":"http:\/\/www.destekotomasyon.com\/en\/","sameAs":["https:\/\/www.facebook.com\/destekotomasyon\/?fref=ts","https:\/\/www.instagram.com\/destekotomasyon\/","https:\/\/www.linkedin.com\/company\/destek-otomasyon","https:\/\/www.youtube.com\/channel\/UC-1U6Za9o0FAfcesell1n0A"],"logo":{"@type":"ImageObject","@id":"http:\/\/www.destekotomasyon.com\/en\/#logo","inLanguage":"en-US","url":"http:\/\/www.destekotomasyon.com\/wp-content\/uploads\/2020\/09\/cropped-Adsiz-tasarim-2.png","contentUrl":"http:\/\/www.destekotomasyon.com\/wp-content\/uploads\/2020\/09\/cropped-Adsiz-tasarim-2.png","width":153,"height":123,"caption":"Destek Otomasyon"},"image":{"@id":"http:\/\/www.destekotomasyon.com\/en\/#logo"}},{"@type":"WebSite","@id":"http:\/\/www.destekotomasyon.com\/en\/#website","url":"http:\/\/www.destekotomasyon.com\/en\/","name":"Destek Otomasyon","description":"Destek Otomasyon Enerji Elektronik Makina San. ve Tic. Ltd. \u015eti.","publisher":{"@id":"http:\/\/www.destekotomasyon.com\/en\/#organization"},"potentialAction":[{"@type":"SearchAction","target":{"@type":"EntryPoint","urlTemplate":"http:\/\/www.destekotomasyon.com\/en\/?s={search_term_string}"},"query-input":"required name=search_term_string"}],"inLanguage":"en-US"},{"@type":"ImageObject","@id":"http:\/\/www.destekotomasyon.com\/en\/index.php\/aboutus-destek-otomasyon-aboutus\/#primaryimage","inLanguage":"en-US","url":"http:\/\/www.destekotomasyon.com\/en\/wp-content\/uploads\/2020\/09\/drew-beamer-Se7vVKzYxTI-unsplash-scaled.jpg","contentUrl":"http:\/\/www.destekotomasyon.com\/en\/wp-content\/uploads\/2020\/09\/drew-beamer-Se7vVKzYxTI-unsplash-scaled.jpg","width":2560,"height":1707},{"@type":"WebPage","@id":"http:\/\/www.destekotomasyon.com\/en\/index.php\/aboutus-destek-otomasyon-aboutus\/#webpage","url":"http:\/\/www.destekotomasyon.com\/en\/index.php\/aboutus-destek-otomasyon-aboutus\/","name":"About Us &ndash; Destek Otomasyon Destek Otomasyon","isPartOf":{"@id":"http:\/\/www.destekotomasyon.com\/en\/#website"},"primaryImageOfPage":{"@id":"http:\/\/www.destekotomasyon.com\/en\/index.php\/aboutus-destek-otomasyon-aboutus\/#primaryimage"},"datePublished":"2020-09-11T08:23:22+00:00","dateModified":"2022-06-18T08:25:29+00:00","description":"Destek Otomasyon, Proje geli\u015ftirme, sistem tasar\u0131m\u0131, \u00fcretim ve test, kurulum, e\u011fitim ve sat\u0131\u015f sonras\u0131 hizmetleriyle sekt\u00f6rde...","breadcrumb":{"@id":"http:\/\/www.destekotomasyon.com\/en\/index.php\/aboutus-destek-otomasyon-aboutus\/#breadcrumb"},"inLanguage":"en-US","potentialAction":[{"@type":"ReadAction","target":["http:\/\/www.destekotomasyon.com\/en\/index.php\/aboutus-destek-otomasyon-aboutus\/"]}]},{"@type":"BreadcrumbList","@id":"http:\/\/www.destekotomasyon.com\/en\/index.php\/aboutus-destek-otomasyon-aboutus\/#breadcrumb","itemListElement":[{"@type":"ListItem","position":1,"name":"Ana sayfa","item":"http:\/\/www.destekotomasyon.com\/en\/"},{"@type":"ListItem","position":2,"name":"About Us"}]}]}},"_links":{"self":[{"href":"http:\/\/www.destekotomasyon.com\/en\/index.php\/wp-json\/wp\/v2\/pages\/42"}],"collection":[{"href":"http:\/\/www.destekotomasyon.com\/en\/index.php\/wp-json\/wp\/v2\/pages"}],"about":[{"href":"http:\/\/www.destekotomasyon.com\/en\/index.php\/wp-json\/wp\/v2\/types\/page"}],"author":[{"embeddable":true,"href":"http:\/\/www.destekotomasyon.com\/en\/index.php\/wp-json\/wp\/v2\/users\/1"}],"replies":[{"embeddable":true,"href":"http:\/\/www.destekotomasyon.com\/en\/index.php\/wp-json\/wp\/v2\/comments?post=42"}],"version-history":[{"count":81,"href":"http:\/\/www.destekotomasyon.com\/en\/index.php\/wp-json\/wp\/v2\/pages\/42\/revisions"}],"predecessor-version":[{"id":1711,"href":"http:\/\/www.destekotomasyon.com\/en\/index.php\/wp-json\/wp\/v2\/pages\/42\/revisions\/1711"}],"wp:featuredmedia":[{"embeddable":true,"href":"http:\/\/www.destekotomasyon.com\/en\/index.php\/wp-json\/wp\/v2\/media\/113"}],"wp:attachment":[{"href":"http:\/\/www.destekotomasyon.com\/en\/index.php\/wp-json\/wp\/v2\/media?parent=42"}],"curies":[{"name":"wp","href":"https:\/\/api.w.org\/{rel}","templated":true}]}}