{"id":511,"date":"2020-12-02T12:04:54","date_gmt":"2020-12-02T09:04:54","guid":{"rendered":"http:\/\/new.destekotomasyon.com\/destek_new\/?page_id=511"},"modified":"2022-06-18T14:55:14","modified_gmt":"2022-06-18T11:55:14","slug":"destekotomasyon-heat-recovery-control-systems","status":"publish","type":"page","link":"http:\/\/www.destekotomasyon.com\/en\/index.php\/destekotomasyon-heat-recovery-control-systems\/","title":{"rendered":"Heat Recovery Control Systems"},"content":{"rendered":"\t\t<div data-elementor-type=\"wp-page\" data-elementor-id=\"511\" class=\"elementor elementor-511\" data-elementor-settings=\"[]\">\n\t\t\t\t\t\t<div class=\"elementor-inner\">\n\t\t\t\t\t\t\t<div class=\"elementor-section-wrap\">\n\t\t\t\t\t\t\t<section class=\"elementor-section elementor-top-section elementor-element elementor-element-1b221db elementor-section-boxed elementor-section-height-default elementor-section-height-default\" data-id=\"1b221db\" data-element_type=\"section\">\n\t\t\t\t\t\t<div class=\"elementor-container elementor-column-gap-default\">\n\t\t\t\t\t\t\t<div class=\"elementor-row\">\n\t\t\t\t\t<div class=\"elementor-column elementor-col-100 elementor-top-column elementor-element elementor-element-1f587bb\" data-id=\"1f587bb\" data-element_type=\"column\">\n\t\t\t<div class=\"elementor-column-wrap elementor-element-populated\">\n\t\t\t\t\t\t\t<div class=\"elementor-widget-wrap\">\n\t\t\t\t\t\t<div class=\"elementor-element elementor-element-a7aaa14 elementor-widget elementor-widget-image\" data-id=\"a7aaa14\" data-element_type=\"widget\" data-widget_type=\"image.default\">\n\t\t\t\t<div class=\"elementor-widget-container\">\n\t\t\t\t\t<div class=\"elementor-image\">\n\t\t\t\t\t\t\t\t\t\t<img width=\"768\" height=\"396\" src=\"http:\/\/www.destekotomasyon.com\/en\/wp-content\/uploads\/2022\/06\/Adsiz-tasarim-14-768x396.png\" class=\"attachment-medium_large size-medium_large\" alt=\"\" loading=\"lazy\" srcset=\"http:\/\/www.destekotomasyon.com\/en\/wp-content\/uploads\/2022\/06\/Adsiz-tasarim-14-768x396.png 768w, http:\/\/www.destekotomasyon.com\/en\/wp-content\/uploads\/2022\/06\/Adsiz-tasarim-14-300x155.png 300w, http:\/\/www.destekotomasyon.com\/en\/wp-content\/uploads\/2022\/06\/Adsiz-tasarim-14-1024x528.png 1024w, http:\/\/www.destekotomasyon.com\/en\/wp-content\/uploads\/2022\/06\/Adsiz-tasarim-14.png 1436w\" sizes=\"(max-width: 768px) 100vw, 768px\" \/>\t\t\t\t\t\t\t\t\t\t\t<\/div>\n\t\t\t\t<\/div>\n\t\t\t\t<\/div>\n\t\t\t\t\t\t<\/div>\n\t\t\t\t\t<\/div>\n\t\t<\/div>\n\t\t\t\t\t\t\t\t<\/div>\n\t\t\t\t\t<\/div>\n\t\t<\/section>\n\t\t\t\t<section class=\"elementor-section elementor-top-section elementor-element elementor-element-657a7847 elementor-section-boxed elementor-section-height-default elementor-section-height-default\" data-id=\"657a7847\" data-element_type=\"section\">\n\t\t\t\t\t\t<div class=\"elementor-container elementor-column-gap-default\">\n\t\t\t\t\t\t\t<div class=\"elementor-row\">\n\t\t\t\t\t<div class=\"elementor-column elementor-col-100 elementor-top-column elementor-element elementor-element-1d1f5534\" data-id=\"1d1f5534\" data-element_type=\"column\">\n\t\t\t<div class=\"elementor-column-wrap elementor-element-populated\">\n\t\t\t\t\t\t\t<div class=\"elementor-widget-wrap\">\n\t\t\t\t\t\t<div class=\"elementor-element elementor-element-6bf7860 elementor-widget elementor-widget-text-editor\" data-id=\"6bf7860\" data-element_type=\"widget\" data-widget_type=\"text-editor.default\">\n\t\t\t\t<div class=\"elementor-widget-container\">\n\t\t\t\t\t<div class=\"elementor-text-editor elementor-clearfix\"><p><!-- wp:paragraph --><\/p>\n<p>Today, a large part of human life is spent in indoor environments such as home, office, factory and it is desired to improve indoor air quality. For this reason, different solutions are sought. Heat Recovery Devices, on the other hand, basically ensure that some air is exhausted from the indoor environment and fresh air is taken from the outdoor environment. In addition, by filtering the fresh air, it is cleaned of dust and particles in it, making it possible to benefit from the energy of the exhausted air.<\/p>\n<p><!-- \/wp:paragraph --><!-- wp:heading --><\/p>\n<h2><strong>Heat Recovery Control Devices<\/strong><\/h2>\n<p><!-- \/wp:heading --><!-- wp:paragraph --><\/p>\n<p>The most basic differences of heat recovery devices compared to basic heating-cooling and ventilation devices (fan-coil, duct-type fan, duct-type indoor units, etc.) are that they have two fans (fresh air and exhaust). In various operating conditions, both fans need to be controlled separately. For example, in some cases, it may be desirable to bring the ventilation environment to positive pressure or to make only exhaust. In this case, both fans are wanted to be turned on at different speeds or one fan is turned on and the other fan is closed.<\/p>\n<p><!-- \/wp:paragraph --><!-- wp:heading --><\/p>\n<h2><strong>Basic Functions of Heat Recovery Constrol Devices<\/strong><\/h2>\n<p><!-- \/wp:heading --><!-- wp:paragraph --><\/p>\n<p>In these devices used to save energy, as many ventilation functions can be created as requested. This should ensure that the amount of ventilation is automatically adjusted depending on the amount of CO2 or humidity. Apart from these, in the latest regulations, it is required to have a by-pass system in plate heat recovery devices. If necessary, it is also stipulated that fresh air should be passed through the plate heat exchanger and given directly to the indoor environment.<\/p>\n<p><!-- \/wp:paragraph --><!-- wp:paragraph --><\/p>\n<p>You can review the links for Support Automation IGK Control Systems.<\/p>\n<p><a href=\"http:\/\/www.destekotomasyon.com\/en\/index.php\/destek-otomasyon-destechrc-controller\/\">Destech HRC Controller<\/a><\/p>\n<p><a href=\"http:\/\/www.destekotomasyon.com\/en\/index.php\/destek-otomasyon-user-interfaces\/\">User Interfaces<\/a><\/p>\n<p><a href=\"http:\/\/www.destekotomasyon.com\/en\/index.php\/destekotomasyon-sensorgroup-accessories\/\">Sensor Group \/ Accessories<\/a><\/p>\n<p><!-- \/wp:paragraph --><!-- wp:paragraph --><\/p>\n<p><!-- \/wp:paragraph --><\/p><\/div>\n\t\t\t\t<\/div>\n\t\t\t\t<\/div>\n\t\t\t\t\t\t<\/div>\n\t\t\t\t\t<\/div>\n\t\t<\/div>\n\t\t\t\t\t\t\t\t<\/div>\n\t\t\t\t\t<\/div>\n\t\t<\/section>\n\t\t\t\t<section class=\"elementor-section elementor-top-section elementor-element elementor-element-c214e41 elementor-section-boxed elementor-section-height-default elementor-section-height-default\" data-id=\"c214e41\" data-element_type=\"section\">\n\t\t\t\t\t\t<div class=\"elementor-container elementor-column-gap-default\">\n\t\t\t\t\t\t\t<div class=\"elementor-row\">\n\t\t\t\t\t<div class=\"elementor-column elementor-col-100 elementor-top-column elementor-element elementor-element-6f71db2\" data-id=\"6f71db2\" data-element_type=\"column\">\n\t\t\t<div class=\"elementor-column-wrap elementor-element-populated\">\n\t\t\t\t\t\t\t<div class=\"elementor-widget-wrap\">\n\t\t\t\t\t\t<div class=\"elementor-element elementor-element-bb69982 elementor-shape-circle elementor-grid-0 e-grid-align-center elementor-widget elementor-widget-social-icons\" data-id=\"bb69982\" data-element_type=\"widget\" data-widget_type=\"social-icons.default\">\n\t\t\t\t<div class=\"elementor-widget-container\">\n\t\t\t\t\t<div class=\"elementor-social-icons-wrapper elementor-grid\">\n\t\t\t\t\t\t\t<div class=\"elementor-grid-item\">\n\t\t\t\t\t<a class=\"elementor-icon elementor-social-icon elementor-social-icon-facebook elementor-repeater-item-259a1de\" href=\"https:\/\/www.facebook.com\/destekotomasyon\/?fref=ts%20\" target=\"_blank\">\n\t\t\t\t\t\t<span class=\"elementor-screen-only\">Facebook<\/span>\n\t\t\t\t\t\t<i class=\"fab fa-facebook\"><\/i>\t\t\t\t\t<\/a>\n\t\t\t\t<\/div>\n\t\t\t\t\t\t\t<div class=\"elementor-grid-item\">\n\t\t\t\t\t<a class=\"elementor-icon elementor-social-icon elementor-social-icon-linkedin elementor-repeater-item-573ae39\" href=\"https:\/\/www.linkedin.com\/company\/destek-otomasyon\" target=\"_blank\">\n\t\t\t\t\t\t<span class=\"elementor-screen-only\">Linkedin<\/span>\n\t\t\t\t\t\t<i class=\"fab fa-linkedin\"><\/i>\t\t\t\t\t<\/a>\n\t\t\t\t<\/div>\n\t\t\t\t\t\t\t<div class=\"elementor-grid-item\">\n\t\t\t\t\t<a class=\"elementor-icon elementor-social-icon elementor-social-icon-youtube elementor-repeater-item-8364cbe\" href=\"https:\/\/www.youtube.com\/channel\/UC-1U6Za9o0FAfcesell1n0A\" target=\"_blank\">\n\t\t\t\t\t\t<span class=\"elementor-screen-only\">Youtube<\/span>\n\t\t\t\t\t\t<i class=\"fab fa-youtube\"><\/i>\t\t\t\t\t<\/a>\n\t\t\t\t<\/div>\n\t\t\t\t\t\t\t<div class=\"elementor-grid-item\">\n\t\t\t\t\t<a class=\"elementor-icon elementor-social-icon elementor-social-icon-instagram elementor-repeater-item-d095547\" href=\"https:\/\/www.instagram.com\/destekotomasyon\/\" target=\"_blank\">\n\t\t\t\t\t\t<span class=\"elementor-screen-only\">Instagram<\/span>\n\t\t\t\t\t\t<i class=\"fab fa-instagram\"><\/i>\t\t\t\t\t<\/a>\n\t\t\t\t<\/div>\n\t\t\t\t\t<\/div>\n\t\t\t\t<\/div>\n\t\t\t\t<\/div>\n\t\t\t\t\t\t<\/div>\n\t\t\t\t\t<\/div>\n\t\t<\/div>\n\t\t\t\t\t\t\t\t<\/div>\n\t\t\t\t\t<\/div>\n\t\t<\/section>\n\t\t\t\t\t\t<\/div>\n\t\t\t\t\t\t<\/div>\n\t\t\t\t\t<\/div>\n\t\t","protected":false},"excerpt":{"rendered":"<p class=\"qua-blog-post-description\">Today, a large part of human life is spent in indoor environments such as home, office, factory and it is desired to improve indoor air quality. For this reason, different solutions are sought. Heat Recovery Devices, on the other hand, basically ensure that some air is exhausted from the indoor environment and fresh air is [&hellip;]<\/p>\n","protected":false},"author":1,"featured_media":0,"parent":0,"menu_order":0,"comment_status":"closed","ping_status":"closed","template":"","meta":[],"yoast_head":"<!-- This site is optimized with the Yoast SEO plugin v18.4.1 - https:\/\/yoast.com\/wordpress\/plugins\/seo\/ -->\n<title>Heat Recovery Control Systems &ndash; Destek Otomasyon<\/title>\n<meta name=\"description\" content=\"Is\u0131 Geri Kazan\u0131m Cihazlar\u0131 ise temelde i\u00e7 ortamdan bir miktar havan\u0131n egzoz edilmesini ve d\u0131\u015f ortamdan taze hava al\u0131nmas\u0131n\u0131 sa\u011flayan bir...\" \/>\n<meta name=\"robots\" content=\"index, follow, max-snippet:-1, max-image-preview:large, max-video-preview:-1\" \/>\n<link rel=\"canonical\" href=\"http:\/\/www.destekotomasyon.com\/en\/index.php\/destekotomasyon-heat-recovery-control-systems\/\" \/>\n<meta property=\"og:locale\" content=\"en_US\" \/>\n<meta property=\"og:type\" content=\"article\" \/>\n<meta property=\"og:title\" content=\"Heat Recovery Control Systems &ndash; Destek Otomasyon\" \/>\n<meta property=\"og:description\" content=\"Is\u0131 Geri Kazan\u0131m Cihazlar\u0131 ise temelde i\u00e7 ortamdan bir miktar havan\u0131n egzoz edilmesini ve d\u0131\u015f ortamdan taze hava al\u0131nmas\u0131n\u0131 sa\u011flayan bir...\" \/>\n<meta property=\"og:url\" content=\"http:\/\/www.destekotomasyon.com\/en\/index.php\/destekotomasyon-heat-recovery-control-systems\/\" \/>\n<meta property=\"og:site_name\" content=\"Destek Otomasyon\" \/>\n<meta property=\"article:publisher\" content=\"https:\/\/www.facebook.com\/destekotomasyon\/?fref=ts\" \/>\n<meta property=\"article:modified_time\" content=\"2022-06-18T11:55:14+00:00\" \/>\n<meta property=\"og:image\" content=\"http:\/\/www.destekotomasyon.com\/en\/wp-content\/uploads\/2022\/06\/Adsiz-tasarim-14-768x396.png\" \/>\n<meta name=\"twitter:card\" content=\"summary_large_image\" \/>\n<meta name=\"twitter:label1\" content=\"Est. reading time\" \/>\n\t<meta name=\"twitter:data1\" content=\"2 minutes\" \/>\n<script type=\"application\/ld+json\" class=\"yoast-schema-graph\">{\"@context\":\"https:\/\/schema.org\",\"@graph\":[{\"@type\":\"Organization\",\"@id\":\"http:\/\/www.destekotomasyon.com\/en\/#organization\",\"name\":\"Destek Otomasyon\",\"url\":\"http:\/\/www.destekotomasyon.com\/en\/\",\"sameAs\":[\"https:\/\/www.facebook.com\/destekotomasyon\/?fref=ts\",\"https:\/\/www.instagram.com\/destekotomasyon\/\",\"https:\/\/www.linkedin.com\/company\/destek-otomasyon\",\"https:\/\/www.youtube.com\/channel\/UC-1U6Za9o0FAfcesell1n0A\"],\"logo\":{\"@type\":\"ImageObject\",\"@id\":\"http:\/\/www.destekotomasyon.com\/en\/#logo\",\"inLanguage\":\"en-US\",\"url\":\"http:\/\/www.destekotomasyon.com\/wp-content\/uploads\/2020\/09\/cropped-Adsiz-tasarim-2.png\",\"contentUrl\":\"http:\/\/www.destekotomasyon.com\/wp-content\/uploads\/2020\/09\/cropped-Adsiz-tasarim-2.png\",\"width\":153,\"height\":123,\"caption\":\"Destek Otomasyon\"},\"image\":{\"@id\":\"http:\/\/www.destekotomasyon.com\/en\/#logo\"}},{\"@type\":\"WebSite\",\"@id\":\"http:\/\/www.destekotomasyon.com\/en\/#website\",\"url\":\"http:\/\/www.destekotomasyon.com\/en\/\",\"name\":\"Destek Otomasyon\",\"description\":\"Destek Otomasyon Enerji Elektronik Makina San. ve Tic. Ltd. \u015eti.\",\"publisher\":{\"@id\":\"http:\/\/www.destekotomasyon.com\/en\/#organization\"},\"potentialAction\":[{\"@type\":\"SearchAction\",\"target\":{\"@type\":\"EntryPoint\",\"urlTemplate\":\"http:\/\/www.destekotomasyon.com\/en\/?s={search_term_string}\"},\"query-input\":\"required name=search_term_string\"}],\"inLanguage\":\"en-US\"},{\"@type\":\"ImageObject\",\"@id\":\"http:\/\/www.destekotomasyon.com\/en\/index.php\/destekotomasyon-heat-recovery-control-systems\/#primaryimage\",\"inLanguage\":\"en-US\",\"url\":\"http:\/\/www.destekotomasyon.com\/en\/wp-content\/uploads\/2022\/06\/Adsiz-tasarim-14.png\",\"contentUrl\":\"http:\/\/www.destekotomasyon.com\/en\/wp-content\/uploads\/2022\/06\/Adsiz-tasarim-14.png\",\"width\":1436,\"height\":740},{\"@type\":\"WebPage\",\"@id\":\"http:\/\/www.destekotomasyon.com\/en\/index.php\/destekotomasyon-heat-recovery-control-systems\/#webpage\",\"url\":\"http:\/\/www.destekotomasyon.com\/en\/index.php\/destekotomasyon-heat-recovery-control-systems\/\",\"name\":\"Heat Recovery Control Systems &ndash; Destek Otomasyon\",\"isPartOf\":{\"@id\":\"http:\/\/www.destekotomasyon.com\/en\/#website\"},\"primaryImageOfPage\":{\"@id\":\"http:\/\/www.destekotomasyon.com\/en\/index.php\/destekotomasyon-heat-recovery-control-systems\/#primaryimage\"},\"datePublished\":\"2020-12-02T09:04:54+00:00\",\"dateModified\":\"2022-06-18T11:55:14+00:00\",\"description\":\"Is\u0131 Geri Kazan\u0131m Cihazlar\u0131 ise temelde i\u00e7 ortamdan bir miktar havan\u0131n egzoz edilmesini ve d\u0131\u015f ortamdan taze hava al\u0131nmas\u0131n\u0131 sa\u011flayan bir...\",\"breadcrumb\":{\"@id\":\"http:\/\/www.destekotomasyon.com\/en\/index.php\/destekotomasyon-heat-recovery-control-systems\/#breadcrumb\"},\"inLanguage\":\"en-US\",\"potentialAction\":[{\"@type\":\"ReadAction\",\"target\":[\"http:\/\/www.destekotomasyon.com\/en\/index.php\/destekotomasyon-heat-recovery-control-systems\/\"]}]},{\"@type\":\"BreadcrumbList\",\"@id\":\"http:\/\/www.destekotomasyon.com\/en\/index.php\/destekotomasyon-heat-recovery-control-systems\/#breadcrumb\",\"itemListElement\":[{\"@type\":\"ListItem\",\"position\":1,\"name\":\"Ana sayfa\",\"item\":\"http:\/\/www.destekotomasyon.com\/en\/\"},{\"@type\":\"ListItem\",\"position\":2,\"name\":\"Heat Recovery Control Systems\"}]}]}<\/script>\n<!-- \/ Yoast SEO plugin. -->","yoast_head_json":{"title":"Heat Recovery Control Systems &ndash; Destek Otomasyon","description":"Is\u0131 Geri Kazan\u0131m Cihazlar\u0131 ise temelde i\u00e7 ortamdan bir miktar havan\u0131n egzoz edilmesini ve d\u0131\u015f ortamdan taze hava al\u0131nmas\u0131n\u0131 sa\u011flayan bir...","robots":{"index":"index","follow":"follow","max-snippet":"max-snippet:-1","max-image-preview":"max-image-preview:large","max-video-preview":"max-video-preview:-1"},"canonical":"http:\/\/www.destekotomasyon.com\/en\/index.php\/destekotomasyon-heat-recovery-control-systems\/","og_locale":"en_US","og_type":"article","og_title":"Heat Recovery Control Systems &ndash; Destek Otomasyon","og_description":"Is\u0131 Geri Kazan\u0131m Cihazlar\u0131 ise temelde i\u00e7 ortamdan bir miktar havan\u0131n egzoz edilmesini ve d\u0131\u015f ortamdan taze hava al\u0131nmas\u0131n\u0131 sa\u011flayan bir...","og_url":"http:\/\/www.destekotomasyon.com\/en\/index.php\/destekotomasyon-heat-recovery-control-systems\/","og_site_name":"Destek Otomasyon","article_publisher":"https:\/\/www.facebook.com\/destekotomasyon\/?fref=ts","article_modified_time":"2022-06-18T11:55:14+00:00","og_image":[{"url":"http:\/\/www.destekotomasyon.com\/en\/wp-content\/uploads\/2022\/06\/Adsiz-tasarim-14-768x396.png"}],"twitter_card":"summary_large_image","twitter_misc":{"Est. reading time":"2 minutes"},"schema":{"@context":"https:\/\/schema.org","@graph":[{"@type":"Organization","@id":"http:\/\/www.destekotomasyon.com\/en\/#organization","name":"Destek Otomasyon","url":"http:\/\/www.destekotomasyon.com\/en\/","sameAs":["https:\/\/www.facebook.com\/destekotomasyon\/?fref=ts","https:\/\/www.instagram.com\/destekotomasyon\/","https:\/\/www.linkedin.com\/company\/destek-otomasyon","https:\/\/www.youtube.com\/channel\/UC-1U6Za9o0FAfcesell1n0A"],"logo":{"@type":"ImageObject","@id":"http:\/\/www.destekotomasyon.com\/en\/#logo","inLanguage":"en-US","url":"http:\/\/www.destekotomasyon.com\/wp-content\/uploads\/2020\/09\/cropped-Adsiz-tasarim-2.png","contentUrl":"http:\/\/www.destekotomasyon.com\/wp-content\/uploads\/2020\/09\/cropped-Adsiz-tasarim-2.png","width":153,"height":123,"caption":"Destek Otomasyon"},"image":{"@id":"http:\/\/www.destekotomasyon.com\/en\/#logo"}},{"@type":"WebSite","@id":"http:\/\/www.destekotomasyon.com\/en\/#website","url":"http:\/\/www.destekotomasyon.com\/en\/","name":"Destek Otomasyon","description":"Destek Otomasyon Enerji Elektronik Makina San. ve Tic. Ltd. \u015eti.","publisher":{"@id":"http:\/\/www.destekotomasyon.com\/en\/#organization"},"potentialAction":[{"@type":"SearchAction","target":{"@type":"EntryPoint","urlTemplate":"http:\/\/www.destekotomasyon.com\/en\/?s={search_term_string}"},"query-input":"required name=search_term_string"}],"inLanguage":"en-US"},{"@type":"ImageObject","@id":"http:\/\/www.destekotomasyon.com\/en\/index.php\/destekotomasyon-heat-recovery-control-systems\/#primaryimage","inLanguage":"en-US","url":"http:\/\/www.destekotomasyon.com\/en\/wp-content\/uploads\/2022\/06\/Adsiz-tasarim-14.png","contentUrl":"http:\/\/www.destekotomasyon.com\/en\/wp-content\/uploads\/2022\/06\/Adsiz-tasarim-14.png","width":1436,"height":740},{"@type":"WebPage","@id":"http:\/\/www.destekotomasyon.com\/en\/index.php\/destekotomasyon-heat-recovery-control-systems\/#webpage","url":"http:\/\/www.destekotomasyon.com\/en\/index.php\/destekotomasyon-heat-recovery-control-systems\/","name":"Heat Recovery Control Systems &ndash; Destek Otomasyon","isPartOf":{"@id":"http:\/\/www.destekotomasyon.com\/en\/#website"},"primaryImageOfPage":{"@id":"http:\/\/www.destekotomasyon.com\/en\/index.php\/destekotomasyon-heat-recovery-control-systems\/#primaryimage"},"datePublished":"2020-12-02T09:04:54+00:00","dateModified":"2022-06-18T11:55:14+00:00","description":"Is\u0131 Geri Kazan\u0131m Cihazlar\u0131 ise temelde i\u00e7 ortamdan bir miktar havan\u0131n egzoz edilmesini ve d\u0131\u015f ortamdan taze hava al\u0131nmas\u0131n\u0131 sa\u011flayan bir...","breadcrumb":{"@id":"http:\/\/www.destekotomasyon.com\/en\/index.php\/destekotomasyon-heat-recovery-control-systems\/#breadcrumb"},"inLanguage":"en-US","potentialAction":[{"@type":"ReadAction","target":["http:\/\/www.destekotomasyon.com\/en\/index.php\/destekotomasyon-heat-recovery-control-systems\/"]}]},{"@type":"BreadcrumbList","@id":"http:\/\/www.destekotomasyon.com\/en\/index.php\/destekotomasyon-heat-recovery-control-systems\/#breadcrumb","itemListElement":[{"@type":"ListItem","position":1,"name":"Ana sayfa","item":"http:\/\/www.destekotomasyon.com\/en\/"},{"@type":"ListItem","position":2,"name":"Heat Recovery Control Systems"}]}]}},"_links":{"self":[{"href":"http:\/\/www.destekotomasyon.com\/en\/index.php\/wp-json\/wp\/v2\/pages\/511"}],"collection":[{"href":"http:\/\/www.destekotomasyon.com\/en\/index.php\/wp-json\/wp\/v2\/pages"}],"about":[{"href":"http:\/\/www.destekotomasyon.com\/en\/index.php\/wp-json\/wp\/v2\/types\/page"}],"author":[{"embeddable":true,"href":"http:\/\/www.destekotomasyon.com\/en\/index.php\/wp-json\/wp\/v2\/users\/1"}],"replies":[{"embeddable":true,"href":"http:\/\/www.destekotomasyon.com\/en\/index.php\/wp-json\/wp\/v2\/comments?post=511"}],"version-history":[{"count":72,"href":"http:\/\/www.destekotomasyon.com\/en\/index.php\/wp-json\/wp\/v2\/pages\/511\/revisions"}],"predecessor-version":[{"id":1771,"href":"http:\/\/www.destekotomasyon.com\/en\/index.php\/wp-json\/wp\/v2\/pages\/511\/revisions\/1771"}],"wp:attachment":[{"href":"http:\/\/www.destekotomasyon.com\/en\/index.php\/wp-json\/wp\/v2\/media?parent=511"}],"curies":[{"name":"wp","href":"https:\/\/api.w.org\/{rel}","templated":true}]}}