{"id":1811,"date":"2024-01-29T12:14:37","date_gmt":"2024-01-29T09:14:37","guid":{"rendered":"http:\/\/www.destekotomasyon.com\/?page_id=1811"},"modified":"2024-01-29T12:16:22","modified_gmt":"2024-01-29T09:16:22","slug":"destech-hrc-iot-touch-panel","status":"publish","type":"page","link":"http:\/\/www.destekotomasyon.com\/index.php\/destech-hrc-iot-touch-panel\/","title":{"rendered":"Destech-HRC IoT Touch Panel"},"content":{"rendered":"\n<div class=\"wp-block-columns\">\n<div class=\"wp-block-column\">\n<figure class=\"wp-block-image size-large is-resized\"><img loading=\"lazy\" src=\"http:\/\/www.destechhrc.com\/wp-content\/uploads\/2023\/10\/dhrc_touch-1024x576.png\" alt=\"\" class=\"wp-image-712\" width=\"536\" height=\"301\"\/><\/figure>\n<\/div>\n\n\n\n<div class=\"wp-block-column\">\n<p class=\"has-startupzy-secondary-color has-text-color has-normal-font-size\">Destech HRC IoT Touch Panel; Kullan\u0131c\u0131n\u0131n cihaz\u0131n t\u00fcm i\u015flevlerini kolayca kontrol etmesine ve cihaz\u0131 kablosuz bir a\u011fa (Wi-Fi) ba\u011flamas\u0131na olanak sa\u011flayacak \u015fekilde tasarlanm\u0131\u015ft\u0131r.<\/p>\n\n\n\n<p class=\"has-startupzy-secondary-color has-text-color has-normal-font-size\">Bu tasar\u0131m ve basit aray\u00fcz sayesinde a\u00e7ma\/kapama, sistem fan h\u0131z\u0131n\u0131n ayarlanmas\u0131, ar\u0131za durumunda s\u0131f\u0131rlama ve filtre s\u00fcresinin s\u0131f\u0131rlanmas\u0131 i\u015flemleri yap\u0131labilmektedir.<\/p>\n<\/div>\n<\/div>\n\n\n\n<p class=\"has-startupzy-secondary-color has-text-color has-normal-font-size\">IoT Touch Panel, 3,5 in\u00e7 Dokunmatik ekrana ve dahili s\u0131cakl\u0131k sens\u00f6r\u00fcne sahip, \u00f6zel olarak tasarlanm\u0131\u015ft\u0131r. <\/p>\n\n\n\n<p><\/p>\n\n\n\n<figure class=\"wp-block-table\"><table><tbody><tr><td><strong>Ekran<\/strong><\/td><td>3.5&#8243; Renkli<\/td><\/tr><tr><td><strong>Dokunmatik<\/strong><\/td><td>Evet<\/td><\/tr><tr><td><strong>LED<\/strong><\/td><td>Hay\u0131r<\/td><\/tr><tr><td><strong>Buton<\/strong><\/td><td>Hay\u0131r<\/td><\/tr><tr><td><strong>Boyut<\/strong><\/td><td>65\u00d7105\u00d718 mm<\/td><\/tr><tr><td><strong>Dahili Sens\u00f6r<\/strong><\/td><td>S\u0131cakl\u0131k Sens\u00f6r\u00fc<\/td><\/tr><tr><td><strong>Ba\u011flant\u0131<\/strong><\/td><td>5 metre (20 m artt\u0131r\u0131labilir)<\/td><\/tr><tr><td><strong>Zamanlay\u0131c\u0131<\/strong><\/td><td>Haftan\u0131n 7 g\u00fcn\u00fc i\u00e7in 4 farkl\u0131 zamanlay\u0131c\u0131<\/td><\/tr><tr><td><strong>Mobil Uygulama<\/strong><\/td><td>Evet (Android\/IOS)<\/td><\/tr><\/tbody><\/table><\/figure>\n\n\n\n<p><strong>Kutu i\u00e7eri\u011fi:<\/strong>&nbsp;Destech HRC IoT Touch Panel, ba\u011flant\u0131 kablosu ve montaj malzemeleri <\/p>\n\n\n\n<div class=\"wp-block-columns\">\n<div class=\"wp-block-column\" style=\"flex-basis:66.66%\">\n<div class=\"wp-block-image size-full\"><figure class=\"aligncenter is-resized\"><img loading=\"lazy\" src=\"http:\/\/www.destechhrc.com\/wp-content\/uploads\/2022\/06\/Ekran-goruntusu-2022-06-23-143907-1.png\" alt=\"\" class=\"wp-image-385\" width=\"456\" height=\"634\"\/><\/figure><\/div>\n<\/div>\n\n\n\n<div class=\"wp-block-column\" style=\"flex-basis:33.33%\">\n<div class=\"wp-block-image size-full\"><figure class=\"aligncenter is-resized\"><img loading=\"lazy\" src=\"http:\/\/www.destechhrc.com\/wp-content\/uploads\/2022\/06\/Ekran-goruntusu-2022-06-23-sdvsdvsdvsdv.png\" alt=\"\" class=\"wp-image-384\" width=\"509\" height=\"351\"\/><\/figure><\/div>\n<\/div>\n<\/div>\n","protected":false},"excerpt":{"rendered":"<p class=\"qua-blog-post-description\">Destech HRC IoT Touch Panel; Kullan\u0131c\u0131n\u0131n cihaz\u0131n t\u00fcm i\u015flevlerini kolayca kontrol etmesine ve cihaz\u0131 kablosuz bir a\u011fa (Wi-Fi) ba\u011flamas\u0131na olanak sa\u011flayacak \u015fekilde tasarlanm\u0131\u015ft\u0131r. Bu tasar\u0131m ve basit aray\u00fcz sayesinde a\u00e7ma\/kapama, sistem fan h\u0131z\u0131n\u0131n ayarlanmas\u0131, ar\u0131za durumunda s\u0131f\u0131rlama ve filtre s\u00fcresinin s\u0131f\u0131rlanmas\u0131 i\u015flemleri yap\u0131labilmektedir. IoT Touch Panel, 3,5 in\u00e7 Dokunmatik ekrana ve dahili s\u0131cakl\u0131k sens\u00f6r\u00fcne sahip, [&hellip;]<\/p>\n","protected":false},"author":1,"featured_media":0,"parent":0,"menu_order":0,"comment_status":"closed","ping_status":"closed","template":"","meta":[],"yoast_head":"<!-- This site is optimized with the Yoast SEO plugin v18.4.1 - https:\/\/yoast.com\/wordpress\/plugins\/seo\/ -->\n<title>Destech-HRC IoT Touch Panel &ndash; Destek Otomasyon<\/title>\n<meta name=\"robots\" content=\"index, follow, max-snippet:-1, max-image-preview:large, max-video-preview:-1\" \/>\n<link rel=\"canonical\" href=\"http:\/\/www.destekotomasyon.com\/index.php\/destech-hrc-iot-touch-panel\/\" \/>\n<meta property=\"og:locale\" content=\"tr_TR\" \/>\n<meta property=\"og:type\" content=\"article\" \/>\n<meta property=\"og:title\" content=\"Destech-HRC IoT Touch Panel &ndash; Destek Otomasyon\" \/>\n<meta property=\"og:description\" content=\"Destech HRC IoT Touch Panel; Kullan\u0131c\u0131n\u0131n cihaz\u0131n t\u00fcm i\u015flevlerini kolayca kontrol etmesine ve cihaz\u0131 kablosuz bir a\u011fa (Wi-Fi) ba\u011flamas\u0131na olanak sa\u011flayacak \u015fekilde tasarlanm\u0131\u015ft\u0131r. Bu tasar\u0131m ve basit aray\u00fcz sayesinde a\u00e7ma\/kapama, sistem fan h\u0131z\u0131n\u0131n ayarlanmas\u0131, ar\u0131za durumunda s\u0131f\u0131rlama ve filtre s\u00fcresinin s\u0131f\u0131rlanmas\u0131 i\u015flemleri yap\u0131labilmektedir. IoT Touch Panel, 3,5 in\u00e7 Dokunmatik ekrana ve dahili s\u0131cakl\u0131k sens\u00f6r\u00fcne sahip, [&hellip;]\" \/>\n<meta property=\"og:url\" content=\"http:\/\/www.destekotomasyon.com\/index.php\/destech-hrc-iot-touch-panel\/\" \/>\n<meta property=\"og:site_name\" content=\"Destek Otomasyon\" \/>\n<meta property=\"article:publisher\" content=\"https:\/\/www.facebook.com\/destekotomasyon\/?fref=ts\" \/>\n<meta property=\"article:modified_time\" content=\"2024-01-29T09:16:22+00:00\" \/>\n<meta property=\"og:image\" content=\"http:\/\/www.destechhrc.com\/wp-content\/uploads\/2023\/10\/dhrc_touch-1024x576.png\" \/>\n<meta name=\"twitter:card\" content=\"summary_large_image\" \/>\n<meta name=\"twitter:label1\" content=\"Tahmini okuma s\u00fcresi\" \/>\n\t<meta name=\"twitter:data1\" content=\"2 dakika\" \/>\n<script type=\"application\/ld+json\" class=\"yoast-schema-graph\">{\"@context\":\"https:\/\/schema.org\",\"@graph\":[{\"@type\":\"Organization\",\"@id\":\"http:\/\/www.destekotomasyon.com\/#organization\",\"name\":\"Destek Otomasyon\",\"url\":\"http:\/\/www.destekotomasyon.com\/\",\"sameAs\":[\"https:\/\/www.facebook.com\/destekotomasyon\/?fref=ts\",\"https:\/\/www.instagram.com\/destekotomasyon\/\",\"https:\/\/www.linkedin.com\/company\/destek-otomasyon\",\"https:\/\/www.youtube.com\/channel\/UC-1U6Za9o0FAfcesell1n0A\"],\"logo\":{\"@type\":\"ImageObject\",\"@id\":\"http:\/\/www.destekotomasyon.com\/#logo\",\"inLanguage\":\"tr\",\"url\":\"http:\/\/www.destekotomasyon.com\/wp-content\/uploads\/2020\/09\/cropped-Adsiz-tasarim-2.png\",\"contentUrl\":\"http:\/\/www.destekotomasyon.com\/wp-content\/uploads\/2020\/09\/cropped-Adsiz-tasarim-2.png\",\"width\":153,\"height\":123,\"caption\":\"Destek Otomasyon\"},\"image\":{\"@id\":\"http:\/\/www.destekotomasyon.com\/#logo\"}},{\"@type\":\"WebSite\",\"@id\":\"http:\/\/www.destekotomasyon.com\/#website\",\"url\":\"http:\/\/www.destekotomasyon.com\/\",\"name\":\"Destek Otomasyon\",\"description\":\"Destek Otomasyon Enerji Elektronik Makina San. ve Tic. Ltd. \u015eti.\",\"publisher\":{\"@id\":\"http:\/\/www.destekotomasyon.com\/#organization\"},\"potentialAction\":[{\"@type\":\"SearchAction\",\"target\":{\"@type\":\"EntryPoint\",\"urlTemplate\":\"http:\/\/www.destekotomasyon.com\/?s={search_term_string}\"},\"query-input\":\"required name=search_term_string\"}],\"inLanguage\":\"tr\"},{\"@type\":\"ImageObject\",\"@id\":\"http:\/\/www.destekotomasyon.com\/index.php\/destech-hrc-iot-touch-panel\/#primaryimage\",\"inLanguage\":\"tr\",\"url\":\"http:\/\/www.destechhrc.com\/wp-content\/uploads\/2023\/10\/dhrc_touch-1024x576.png\",\"contentUrl\":\"http:\/\/www.destechhrc.com\/wp-content\/uploads\/2023\/10\/dhrc_touch-1024x576.png\"},{\"@type\":\"WebPage\",\"@id\":\"http:\/\/www.destekotomasyon.com\/index.php\/destech-hrc-iot-touch-panel\/#webpage\",\"url\":\"http:\/\/www.destekotomasyon.com\/index.php\/destech-hrc-iot-touch-panel\/\",\"name\":\"Destech-HRC IoT Touch Panel &ndash; Destek Otomasyon\",\"isPartOf\":{\"@id\":\"http:\/\/www.destekotomasyon.com\/#website\"},\"primaryImageOfPage\":{\"@id\":\"http:\/\/www.destekotomasyon.com\/index.php\/destech-hrc-iot-touch-panel\/#primaryimage\"},\"datePublished\":\"2024-01-29T09:14:37+00:00\",\"dateModified\":\"2024-01-29T09:16:22+00:00\",\"breadcrumb\":{\"@id\":\"http:\/\/www.destekotomasyon.com\/index.php\/destech-hrc-iot-touch-panel\/#breadcrumb\"},\"inLanguage\":\"tr\",\"potentialAction\":[{\"@type\":\"ReadAction\",\"target\":[\"http:\/\/www.destekotomasyon.com\/index.php\/destech-hrc-iot-touch-panel\/\"]}]},{\"@type\":\"BreadcrumbList\",\"@id\":\"http:\/\/www.destekotomasyon.com\/index.php\/destech-hrc-iot-touch-panel\/#breadcrumb\",\"itemListElement\":[{\"@type\":\"ListItem\",\"position\":1,\"name\":\"Ana sayfa\",\"item\":\"http:\/\/www.destekotomasyon.com\/\"},{\"@type\":\"ListItem\",\"position\":2,\"name\":\"Destech-HRC IoT Touch Panel\"}]}]}<\/script>\n<!-- \/ Yoast SEO plugin. -->","yoast_head_json":{"title":"Destech-HRC IoT Touch Panel &ndash; Destek Otomasyon","robots":{"index":"index","follow":"follow","max-snippet":"max-snippet:-1","max-image-preview":"max-image-preview:large","max-video-preview":"max-video-preview:-1"},"canonical":"http:\/\/www.destekotomasyon.com\/index.php\/destech-hrc-iot-touch-panel\/","og_locale":"tr_TR","og_type":"article","og_title":"Destech-HRC IoT Touch Panel &ndash; Destek Otomasyon","og_description":"Destech HRC IoT Touch Panel; Kullan\u0131c\u0131n\u0131n cihaz\u0131n t\u00fcm i\u015flevlerini kolayca kontrol etmesine ve cihaz\u0131 kablosuz bir a\u011fa (Wi-Fi) ba\u011flamas\u0131na olanak sa\u011flayacak \u015fekilde tasarlanm\u0131\u015ft\u0131r. Bu tasar\u0131m ve basit aray\u00fcz sayesinde a\u00e7ma\/kapama, sistem fan h\u0131z\u0131n\u0131n ayarlanmas\u0131, ar\u0131za durumunda s\u0131f\u0131rlama ve filtre s\u00fcresinin s\u0131f\u0131rlanmas\u0131 i\u015flemleri yap\u0131labilmektedir. IoT Touch Panel, 3,5 in\u00e7 Dokunmatik ekrana ve dahili s\u0131cakl\u0131k sens\u00f6r\u00fcne sahip, [&hellip;]","og_url":"http:\/\/www.destekotomasyon.com\/index.php\/destech-hrc-iot-touch-panel\/","og_site_name":"Destek Otomasyon","article_publisher":"https:\/\/www.facebook.com\/destekotomasyon\/?fref=ts","article_modified_time":"2024-01-29T09:16:22+00:00","og_image":[{"url":"http:\/\/www.destechhrc.com\/wp-content\/uploads\/2023\/10\/dhrc_touch-1024x576.png"}],"twitter_card":"summary_large_image","twitter_misc":{"Tahmini okuma s\u00fcresi":"2 dakika"},"schema":{"@context":"https:\/\/schema.org","@graph":[{"@type":"Organization","@id":"http:\/\/www.destekotomasyon.com\/#organization","name":"Destek Otomasyon","url":"http:\/\/www.destekotomasyon.com\/","sameAs":["https:\/\/www.facebook.com\/destekotomasyon\/?fref=ts","https:\/\/www.instagram.com\/destekotomasyon\/","https:\/\/www.linkedin.com\/company\/destek-otomasyon","https:\/\/www.youtube.com\/channel\/UC-1U6Za9o0FAfcesell1n0A"],"logo":{"@type":"ImageObject","@id":"http:\/\/www.destekotomasyon.com\/#logo","inLanguage":"tr","url":"http:\/\/www.destekotomasyon.com\/wp-content\/uploads\/2020\/09\/cropped-Adsiz-tasarim-2.png","contentUrl":"http:\/\/www.destekotomasyon.com\/wp-content\/uploads\/2020\/09\/cropped-Adsiz-tasarim-2.png","width":153,"height":123,"caption":"Destek Otomasyon"},"image":{"@id":"http:\/\/www.destekotomasyon.com\/#logo"}},{"@type":"WebSite","@id":"http:\/\/www.destekotomasyon.com\/#website","url":"http:\/\/www.destekotomasyon.com\/","name":"Destek Otomasyon","description":"Destek Otomasyon Enerji Elektronik Makina San. ve Tic. Ltd. \u015eti.","publisher":{"@id":"http:\/\/www.destekotomasyon.com\/#organization"},"potentialAction":[{"@type":"SearchAction","target":{"@type":"EntryPoint","urlTemplate":"http:\/\/www.destekotomasyon.com\/?s={search_term_string}"},"query-input":"required name=search_term_string"}],"inLanguage":"tr"},{"@type":"ImageObject","@id":"http:\/\/www.destekotomasyon.com\/index.php\/destech-hrc-iot-touch-panel\/#primaryimage","inLanguage":"tr","url":"http:\/\/www.destechhrc.com\/wp-content\/uploads\/2023\/10\/dhrc_touch-1024x576.png","contentUrl":"http:\/\/www.destechhrc.com\/wp-content\/uploads\/2023\/10\/dhrc_touch-1024x576.png"},{"@type":"WebPage","@id":"http:\/\/www.destekotomasyon.com\/index.php\/destech-hrc-iot-touch-panel\/#webpage","url":"http:\/\/www.destekotomasyon.com\/index.php\/destech-hrc-iot-touch-panel\/","name":"Destech-HRC IoT Touch Panel &ndash; Destek Otomasyon","isPartOf":{"@id":"http:\/\/www.destekotomasyon.com\/#website"},"primaryImageOfPage":{"@id":"http:\/\/www.destekotomasyon.com\/index.php\/destech-hrc-iot-touch-panel\/#primaryimage"},"datePublished":"2024-01-29T09:14:37+00:00","dateModified":"2024-01-29T09:16:22+00:00","breadcrumb":{"@id":"http:\/\/www.destekotomasyon.com\/index.php\/destech-hrc-iot-touch-panel\/#breadcrumb"},"inLanguage":"tr","potentialAction":[{"@type":"ReadAction","target":["http:\/\/www.destekotomasyon.com\/index.php\/destech-hrc-iot-touch-panel\/"]}]},{"@type":"BreadcrumbList","@id":"http:\/\/www.destekotomasyon.com\/index.php\/destech-hrc-iot-touch-panel\/#breadcrumb","itemListElement":[{"@type":"ListItem","position":1,"name":"Ana sayfa","item":"http:\/\/www.destekotomasyon.com\/"},{"@type":"ListItem","position":2,"name":"Destech-HRC IoT Touch Panel"}]}]}},"_links":{"self":[{"href":"http:\/\/www.destekotomasyon.com\/index.php\/wp-json\/wp\/v2\/pages\/1811"}],"collection":[{"href":"http:\/\/www.destekotomasyon.com\/index.php\/wp-json\/wp\/v2\/pages"}],"about":[{"href":"http:\/\/www.destekotomasyon.com\/index.php\/wp-json\/wp\/v2\/types\/page"}],"author":[{"embeddable":true,"href":"http:\/\/www.destekotomasyon.com\/index.php\/wp-json\/wp\/v2\/users\/1"}],"replies":[{"embeddable":true,"href":"http:\/\/www.destekotomasyon.com\/index.php\/wp-json\/wp\/v2\/comments?post=1811"}],"version-history":[{"count":4,"href":"http:\/\/www.destekotomasyon.com\/index.php\/wp-json\/wp\/v2\/pages\/1811\/revisions"}],"predecessor-version":[{"id":1906,"href":"http:\/\/www.destekotomasyon.com\/index.php\/wp-json\/wp\/v2\/pages\/1811\/revisions\/1906"}],"wp:attachment":[{"href":"http:\/\/www.destekotomasyon.com\/index.php\/wp-json\/wp\/v2\/media?parent=1811"}],"curies":[{"name":"wp","href":"https:\/\/api.w.org\/{rel}","templated":true}]}}