{"id":2,"date":"2020-09-08T18:35:05","date_gmt":"2020-09-08T15:35:05","guid":{"rendered":"http:\/\/new.destekotomasyon.com\/destek_new\/?page_id=2"},"modified":"2022-06-19T13:13:21","modified_gmt":"2022-06-19T10:13:21","slug":"urunler-destekotomasyon-urunler","status":"publish","type":"page","link":"http:\/\/www.destekotomasyon.com\/index.php\/urunler-destekotomasyon-urunler\/","title":{"rendered":"\u00dcR\u00dcNLER"},"content":{"rendered":"\t\t<div data-elementor-type=\"wp-page\" data-elementor-id=\"2\" class=\"elementor elementor-2\" data-elementor-settings=\"[]\">\n\t\t\t\t\t\t<div class=\"elementor-inner\">\n\t\t\t\t\t\t\t<div class=\"elementor-section-wrap\">\n\t\t\t\t\t\t\t<section class=\"elementor-section elementor-top-section elementor-element elementor-element-67a8a90 elementor-section-boxed elementor-section-height-default elementor-section-height-default\" data-id=\"67a8a90\" data-element_type=\"section\">\n\t\t\t\t\t\t<div class=\"elementor-container elementor-column-gap-default\">\n\t\t\t\t\t\t\t<div class=\"elementor-row\">\n\t\t\t\t\t<div class=\"elementor-column elementor-col-100 elementor-top-column elementor-element elementor-element-a909845\" data-id=\"a909845\" data-element_type=\"column\">\n\t\t\t<div class=\"elementor-column-wrap elementor-element-populated\">\n\t\t\t\t\t\t\t<div class=\"elementor-widget-wrap\">\n\t\t\t\t\t\t<div class=\"elementor-element elementor-element-7b195f6 elementor-widget elementor-widget-image\" data-id=\"7b195f6\" data-element_type=\"widget\" data-widget_type=\"image.default\">\n\t\t\t\t<div class=\"elementor-widget-container\">\n\t\t\t\t\t<div class=\"elementor-image\">\n\t\t\t\t\t\t\t\t\t\t<img width=\"768\" height=\"370\" src=\"http:\/\/www.destekotomasyon.com\/wp-content\/uploads\/2022\/06\/ONE-CIKAN-URUNLERIMIZ-10.png\" class=\"attachment-medium_large size-medium_large\" alt=\"\u00f6ne \u00e7\u0131kan \u00fcr\u00fcnler destek otomasyon\" loading=\"lazy\" srcset=\"http:\/\/www.destekotomasyon.com\/wp-content\/uploads\/2022\/06\/ONE-CIKAN-URUNLERIMIZ-10.png 768w, http:\/\/www.destekotomasyon.com\/wp-content\/uploads\/2022\/06\/ONE-CIKAN-URUNLERIMIZ-10-300x145.png 300w\" sizes=\"(max-width: 768px) 100vw, 768px\" \/>\t\t\t\t\t\t\t\t\t\t\t<\/div>\n\t\t\t\t<\/div>\n\t\t\t\t<\/div>\n\t\t\t\t\t\t<\/div>\n\t\t\t\t\t<\/div>\n\t\t<\/div>\n\t\t\t\t\t\t\t\t<\/div>\n\t\t\t\t\t<\/div>\n\t\t<\/section>\n\t\t\t\t<section class=\"elementor-section elementor-top-section elementor-element elementor-element-4162f897 elementor-section-boxed elementor-section-height-default elementor-section-height-default\" data-id=\"4162f897\" data-element_type=\"section\">\n\t\t\t\t\t\t<div class=\"elementor-container elementor-column-gap-default\">\n\t\t\t\t\t\t\t<div class=\"elementor-row\">\n\t\t\t\t\t<div class=\"elementor-column elementor-col-100 elementor-top-column elementor-element elementor-element-68041000\" data-id=\"68041000\" data-element_type=\"column\">\n\t\t\t<div class=\"elementor-column-wrap elementor-element-populated\">\n\t\t\t\t\t\t\t<div class=\"elementor-widget-wrap\">\n\t\t\t\t\t\t<div class=\"elementor-element elementor-element-478d9f59 elementor-widget elementor-widget-text-editor\" data-id=\"478d9f59\" data-element_type=\"widget\" data-widget_type=\"text-editor.default\">\n\t\t\t\t<div class=\"elementor-widget-container\">\n\t\t\t\t\t<div class=\"elementor-text-editor elementor-clearfix\"><!-- wp:paragraph -->\n<p>Destek Otomasyon, \u00e7\u00f6z\u00fcm ortaklar\u0131na faaliyet alanlar\u0131na g\u00f6re geni\u015f bir yelpazede hizmet sunmaktad\u0131r. Bu hizmetler farkl\u0131la\u015fan sekt\u00f6r ve sanayi kollar\u0131na g\u00f6re \u00e7e\u015fitlenmektetir. Talep do\u011frultusunda \u00f6nceliklendirilerek en uygun <strong>\u00fcr\u00fcn<\/strong>\u00fcn temin edilmesi ile somutla\u015fmaktad\u0131r.<\/p>\n<!-- \/wp:paragraph --><!-- wp:quote -->\n<blockquote class=\"wp-block-quote\">\n<p>Do\u011frusal hareket yapan mekanizmalarda kullan\u0131m alan\u0131na sahip motor ve s\u00fcr\u00fcc\u00fcler d\u0131\u015f\u0131nda nem, h\u0131z ve s\u0131cakl\u0131k \u00f6l\u00e7\u00fcm cihazlar\u0131 bu <strong>\u00fcr\u00fcn<\/strong>lerden birka\u00e7\u0131d\u0131r.<\/p>\n<\/blockquote>\n<!-- \/wp:quote --><!-- wp:quote -->\n<blockquote class=\"wp-block-quote\">\n<p>S\u00fcrd\u00fcr\u00fclebilirlik ve \u00e7evresel y\u00f6netimlerin uzmanla\u015fmas\u0131 ve geli\u015fmesi ile de\u011fer kazanan yenilebilir enerji alan\u0131nda <strong>\u00fcr\u00fcn<\/strong>ler de \u00fcretilmektedir.<\/p>\n<\/blockquote>\n<!-- \/wp:quote --><!-- wp:paragraph -->\n<p>Bu \u00fcr\u00fcnlerin ayr\u0131nt\u0131lar\u0131n\u0131 g\u00f6rmek ve bilgi edinmek i\u00e7in a\u015fa\u011f\u0131daki ba\u011flant\u0131lar\u0131 ve men\u00fcden a\u00e7\u0131lan sekmeleri ziyaret edebilirsiniz.<\/p>\n<p><a href=\"http:\/\/www.destekotomasyon.com\/index.php\/isi-geri-kazanim-kontrol-sistemleri\/\">Destech HRC IGK Kontrol Sistemleri<\/a><\/p>\n<p><a href=\"http:\/\/www.destekotomasyon.com\/index.php\/nem-ve-sicaklik-takip-sistemi\/\">Nem ve S\u0131cakl\u0131k Takip Sistemleri<\/a><\/p>\n<p><a href=\"http:\/\/www.destekotomasyon.com\/index.php\/hassas-olcum-kontrol-unitesi\/\">Hassas \u00d6l\u00e7\u00fcm Kontrol \u00dcnitesi<\/a><\/p>\n<!-- \/wp:paragraph --><\/div>\n\t\t\t\t<\/div>\n\t\t\t\t<\/div>\n\t\t\t\t\t\t<\/div>\n\t\t\t\t\t<\/div>\n\t\t<\/div>\n\t\t\t\t\t\t\t\t<\/div>\n\t\t\t\t\t<\/div>\n\t\t<\/section>\n\t\t\t\t<section class=\"elementor-section elementor-top-section elementor-element elementor-element-48f218c elementor-section-boxed elementor-section-height-default elementor-section-height-default\" data-id=\"48f218c\" data-element_type=\"section\">\n\t\t\t\t\t\t<div class=\"elementor-container elementor-column-gap-default\">\n\t\t\t\t\t\t\t<div class=\"elementor-row\">\n\t\t\t\t\t<div class=\"elementor-column elementor-col-100 elementor-top-column elementor-element elementor-element-54348f8\" data-id=\"54348f8\" data-element_type=\"column\">\n\t\t\t<div class=\"elementor-column-wrap elementor-element-populated\">\n\t\t\t\t\t\t\t<div class=\"elementor-widget-wrap\">\n\t\t\t\t\t\t<div class=\"elementor-element elementor-element-9d5cd30 elementor-shape-circle elementor-grid-0 e-grid-align-center elementor-widget elementor-widget-social-icons\" data-id=\"9d5cd30\" data-element_type=\"widget\" data-widget_type=\"social-icons.default\">\n\t\t\t\t<div class=\"elementor-widget-container\">\n\t\t\t\t\t<div class=\"elementor-social-icons-wrapper elementor-grid\">\n\t\t\t\t\t\t\t<div class=\"elementor-grid-item\">\n\t\t\t\t\t<a class=\"elementor-icon elementor-social-icon elementor-social-icon-facebook elementor-repeater-item-54d81b3\" href=\"https:\/\/www.facebook.com\/destekotomasyon\/?fref=ts%20\" target=\"_blank\">\n\t\t\t\t\t\t<span class=\"elementor-screen-only\">Facebook<\/span>\n\t\t\t\t\t\t<i class=\"fab fa-facebook\"><\/i>\t\t\t\t\t<\/a>\n\t\t\t\t<\/div>\n\t\t\t\t\t\t\t<div class=\"elementor-grid-item\">\n\t\t\t\t\t<a class=\"elementor-icon elementor-social-icon elementor-social-icon-linkedin elementor-repeater-item-66acfd5\" href=\"https:\/\/www.linkedin.com\/company\/destek-otomasyon\" target=\"_blank\">\n\t\t\t\t\t\t<span class=\"elementor-screen-only\">Linkedin<\/span>\n\t\t\t\t\t\t<i class=\"fab fa-linkedin\"><\/i>\t\t\t\t\t<\/a>\n\t\t\t\t<\/div>\n\t\t\t\t\t\t\t<div class=\"elementor-grid-item\">\n\t\t\t\t\t<a class=\"elementor-icon elementor-social-icon elementor-social-icon-youtube elementor-repeater-item-d467c3c\" href=\"https:\/\/www.youtube.com\/channel\/UC-1U6Za9o0FAfcesell1n0A\" target=\"_blank\">\n\t\t\t\t\t\t<span class=\"elementor-screen-only\">Youtube<\/span>\n\t\t\t\t\t\t<i class=\"fab fa-youtube\"><\/i>\t\t\t\t\t<\/a>\n\t\t\t\t<\/div>\n\t\t\t\t\t\t\t<div class=\"elementor-grid-item\">\n\t\t\t\t\t<a class=\"elementor-icon elementor-social-icon elementor-social-icon-instagram elementor-repeater-item-6143b3d\" href=\"https:\/\/www.instagram.com\/destekotomasyon\/\" target=\"_blank\">\n\t\t\t\t\t\t<span class=\"elementor-screen-only\">Instagram<\/span>\n\t\t\t\t\t\t<i class=\"fab fa-instagram\"><\/i>\t\t\t\t\t<\/a>\n\t\t\t\t<\/div>\n\t\t\t\t\t<\/div>\n\t\t\t\t<\/div>\n\t\t\t\t<\/div>\n\t\t\t\t\t\t<\/div>\n\t\t\t\t\t<\/div>\n\t\t<\/div>\n\t\t\t\t\t\t\t\t<\/div>\n\t\t\t\t\t<\/div>\n\t\t<\/section>\n\t\t\t\t\t\t<\/div>\n\t\t\t\t\t\t<\/div>\n\t\t\t\t\t<\/div>\n\t\t","protected":false},"excerpt":{"rendered":"<p class=\"qua-blog-post-description\">Destek Otomasyon, \u00e7\u00f6z\u00fcm ortaklar\u0131na faaliyet alanlar\u0131na g\u00f6re geni\u015f bir yelpazede hizmet sunmaktad\u0131r. Bu hizmetler farkl\u0131la\u015fan sekt\u00f6r ve sanayi kollar\u0131na g\u00f6re \u00e7e\u015fitlenmektetir. Talep do\u011frultusunda \u00f6nceliklendirilerek en uygun \u00fcr\u00fcn\u00fcn temin edilmesi ile somutla\u015fmaktad\u0131r. Do\u011frusal hareket yapan mekanizmalarda kullan\u0131m alan\u0131na sahip motor ve s\u00fcr\u00fcc\u00fcler d\u0131\u015f\u0131nda nem, h\u0131z ve s\u0131cakl\u0131k \u00f6l\u00e7\u00fcm cihazlar\u0131 bu \u00fcr\u00fcnlerden birka\u00e7\u0131d\u0131r. S\u00fcrd\u00fcr\u00fclebilirlik ve \u00e7evresel y\u00f6netimlerin [&hellip;]<\/p>\n","protected":false},"author":1,"featured_media":137,"parent":0,"menu_order":0,"comment_status":"closed","ping_status":"open","template":"","meta":[],"yoast_head":"<!-- This site is optimized with the Yoast SEO plugin v18.4.1 - https:\/\/yoast.com\/wordpress\/plugins\/seo\/ -->\n<title>\u00dcR\u00dcNLER &ndash; Destek Otomasyon<\/title>\n<meta name=\"description\" content=\"Destek Otomasyon, \u00e7\u00f6z\u00fcm ortaklar\u0131na faaliyet alanlar\u0131na g\u00f6re geni\u015f bir yelpazede hizmet sunmaktad\u0131r. Bu hizmetler farkl\u0131la\u015fan sekt\u00f6r ve...\" \/>\n<meta name=\"robots\" content=\"index, follow, max-snippet:-1, max-image-preview:large, max-video-preview:-1\" \/>\n<link rel=\"canonical\" href=\"http:\/\/www.destekotomasyon.com\/index.php\/urunler-destekotomasyon-urunler\/\" \/>\n<meta property=\"og:locale\" content=\"tr_TR\" \/>\n<meta property=\"og:type\" content=\"article\" \/>\n<meta property=\"og:title\" content=\"\u00dcR\u00dcNLER &ndash; Destek Otomasyon\" \/>\n<meta property=\"og:description\" content=\"Destek Otomasyon, \u00e7\u00f6z\u00fcm ortaklar\u0131na faaliyet alanlar\u0131na g\u00f6re geni\u015f bir yelpazede hizmet sunmaktad\u0131r. Bu hizmetler farkl\u0131la\u015fan sekt\u00f6r ve...\" \/>\n<meta property=\"og:url\" content=\"http:\/\/www.destekotomasyon.com\/index.php\/urunler-destekotomasyon-urunler\/\" \/>\n<meta property=\"og:site_name\" content=\"Destek Otomasyon\" \/>\n<meta property=\"article:publisher\" content=\"https:\/\/www.facebook.com\/destekotomasyon\/?fref=ts\" \/>\n<meta property=\"article:modified_time\" content=\"2022-06-19T10:13:21+00:00\" \/>\n<meta property=\"og:image\" content=\"http:\/\/www.destekotomasyon.com\/wp-content\/uploads\/2020\/09\/carlos-irineu-da-costa-eMc0lpn1P60-unsplash-scaled.jpg\" \/>\n\t<meta property=\"og:image:width\" content=\"2560\" \/>\n\t<meta property=\"og:image:height\" content=\"1709\" \/>\n\t<meta property=\"og:image:type\" content=\"image\/jpeg\" \/>\n<meta name=\"twitter:card\" content=\"summary_large_image\" \/>\n<meta name=\"twitter:label1\" content=\"Tahmini okuma s\u00fcresi\" \/>\n\t<meta name=\"twitter:data1\" content=\"1 dakika\" \/>\n<script type=\"application\/ld+json\" class=\"yoast-schema-graph\">{\"@context\":\"https:\/\/schema.org\",\"@graph\":[{\"@type\":\"Organization\",\"@id\":\"http:\/\/www.destekotomasyon.com\/#organization\",\"name\":\"Destek Otomasyon\",\"url\":\"http:\/\/www.destekotomasyon.com\/\",\"sameAs\":[\"https:\/\/www.facebook.com\/destekotomasyon\/?fref=ts\",\"https:\/\/www.instagram.com\/destekotomasyon\/\",\"https:\/\/www.linkedin.com\/company\/destek-otomasyon\",\"https:\/\/www.youtube.com\/channel\/UC-1U6Za9o0FAfcesell1n0A\"],\"logo\":{\"@type\":\"ImageObject\",\"@id\":\"http:\/\/www.destekotomasyon.com\/#logo\",\"inLanguage\":\"tr\",\"url\":\"http:\/\/www.destekotomasyon.com\/wp-content\/uploads\/2020\/09\/cropped-Adsiz-tasarim-2.png\",\"contentUrl\":\"http:\/\/www.destekotomasyon.com\/wp-content\/uploads\/2020\/09\/cropped-Adsiz-tasarim-2.png\",\"width\":153,\"height\":123,\"caption\":\"Destek Otomasyon\"},\"image\":{\"@id\":\"http:\/\/www.destekotomasyon.com\/#logo\"}},{\"@type\":\"WebSite\",\"@id\":\"http:\/\/www.destekotomasyon.com\/#website\",\"url\":\"http:\/\/www.destekotomasyon.com\/\",\"name\":\"Destek Otomasyon\",\"description\":\"Destek Otomasyon Enerji Elektronik Makina San. ve Tic. Ltd. \u015eti.\",\"publisher\":{\"@id\":\"http:\/\/www.destekotomasyon.com\/#organization\"},\"potentialAction\":[{\"@type\":\"SearchAction\",\"target\":{\"@type\":\"EntryPoint\",\"urlTemplate\":\"http:\/\/www.destekotomasyon.com\/?s={search_term_string}\"},\"query-input\":\"required name=search_term_string\"}],\"inLanguage\":\"tr\"},{\"@type\":\"ImageObject\",\"@id\":\"http:\/\/www.destekotomasyon.com\/index.php\/urunler-destekotomasyon-urunler\/#primaryimage\",\"inLanguage\":\"tr\",\"url\":\"http:\/\/www.destekotomasyon.com\/wp-content\/uploads\/2020\/09\/carlos-irineu-da-costa-eMc0lpn1P60-unsplash-scaled.jpg\",\"contentUrl\":\"http:\/\/www.destekotomasyon.com\/wp-content\/uploads\/2020\/09\/carlos-irineu-da-costa-eMc0lpn1P60-unsplash-scaled.jpg\",\"width\":2560,\"height\":1709},{\"@type\":\"WebPage\",\"@id\":\"http:\/\/www.destekotomasyon.com\/index.php\/urunler-destekotomasyon-urunler\/#webpage\",\"url\":\"http:\/\/www.destekotomasyon.com\/index.php\/urunler-destekotomasyon-urunler\/\",\"name\":\"\u00dcR\u00dcNLER &ndash; Destek Otomasyon\",\"isPartOf\":{\"@id\":\"http:\/\/www.destekotomasyon.com\/#website\"},\"primaryImageOfPage\":{\"@id\":\"http:\/\/www.destekotomasyon.com\/index.php\/urunler-destekotomasyon-urunler\/#primaryimage\"},\"datePublished\":\"2020-09-08T15:35:05+00:00\",\"dateModified\":\"2022-06-19T10:13:21+00:00\",\"description\":\"Destek Otomasyon, \u00e7\u00f6z\u00fcm ortaklar\u0131na faaliyet alanlar\u0131na g\u00f6re geni\u015f bir yelpazede hizmet sunmaktad\u0131r. Bu hizmetler farkl\u0131la\u015fan sekt\u00f6r ve...\",\"breadcrumb\":{\"@id\":\"http:\/\/www.destekotomasyon.com\/index.php\/urunler-destekotomasyon-urunler\/#breadcrumb\"},\"inLanguage\":\"tr\",\"potentialAction\":[{\"@type\":\"ReadAction\",\"target\":[\"http:\/\/www.destekotomasyon.com\/index.php\/urunler-destekotomasyon-urunler\/\"]}]},{\"@type\":\"BreadcrumbList\",\"@id\":\"http:\/\/www.destekotomasyon.com\/index.php\/urunler-destekotomasyon-urunler\/#breadcrumb\",\"itemListElement\":[{\"@type\":\"ListItem\",\"position\":1,\"name\":\"Ana sayfa\",\"item\":\"http:\/\/www.destekotomasyon.com\/\"},{\"@type\":\"ListItem\",\"position\":2,\"name\":\"\u00dcR\u00dcNLER\"}]}]}<\/script>\n<!-- \/ Yoast SEO plugin. -->","yoast_head_json":{"title":"\u00dcR\u00dcNLER &ndash; Destek Otomasyon","description":"Destek Otomasyon, \u00e7\u00f6z\u00fcm ortaklar\u0131na faaliyet alanlar\u0131na g\u00f6re geni\u015f bir yelpazede hizmet sunmaktad\u0131r. Bu hizmetler farkl\u0131la\u015fan sekt\u00f6r ve...","robots":{"index":"index","follow":"follow","max-snippet":"max-snippet:-1","max-image-preview":"max-image-preview:large","max-video-preview":"max-video-preview:-1"},"canonical":"http:\/\/www.destekotomasyon.com\/index.php\/urunler-destekotomasyon-urunler\/","og_locale":"tr_TR","og_type":"article","og_title":"\u00dcR\u00dcNLER &ndash; Destek Otomasyon","og_description":"Destek Otomasyon, \u00e7\u00f6z\u00fcm ortaklar\u0131na faaliyet alanlar\u0131na g\u00f6re geni\u015f bir yelpazede hizmet sunmaktad\u0131r. Bu hizmetler farkl\u0131la\u015fan sekt\u00f6r ve...","og_url":"http:\/\/www.destekotomasyon.com\/index.php\/urunler-destekotomasyon-urunler\/","og_site_name":"Destek Otomasyon","article_publisher":"https:\/\/www.facebook.com\/destekotomasyon\/?fref=ts","article_modified_time":"2022-06-19T10:13:21+00:00","og_image":[{"width":2560,"height":1709,"url":"http:\/\/www.destekotomasyon.com\/wp-content\/uploads\/2020\/09\/carlos-irineu-da-costa-eMc0lpn1P60-unsplash-scaled.jpg","type":"image\/jpeg"}],"twitter_card":"summary_large_image","twitter_misc":{"Tahmini okuma s\u00fcresi":"1 dakika"},"schema":{"@context":"https:\/\/schema.org","@graph":[{"@type":"Organization","@id":"http:\/\/www.destekotomasyon.com\/#organization","name":"Destek Otomasyon","url":"http:\/\/www.destekotomasyon.com\/","sameAs":["https:\/\/www.facebook.com\/destekotomasyon\/?fref=ts","https:\/\/www.instagram.com\/destekotomasyon\/","https:\/\/www.linkedin.com\/company\/destek-otomasyon","https:\/\/www.youtube.com\/channel\/UC-1U6Za9o0FAfcesell1n0A"],"logo":{"@type":"ImageObject","@id":"http:\/\/www.destekotomasyon.com\/#logo","inLanguage":"tr","url":"http:\/\/www.destekotomasyon.com\/wp-content\/uploads\/2020\/09\/cropped-Adsiz-tasarim-2.png","contentUrl":"http:\/\/www.destekotomasyon.com\/wp-content\/uploads\/2020\/09\/cropped-Adsiz-tasarim-2.png","width":153,"height":123,"caption":"Destek Otomasyon"},"image":{"@id":"http:\/\/www.destekotomasyon.com\/#logo"}},{"@type":"WebSite","@id":"http:\/\/www.destekotomasyon.com\/#website","url":"http:\/\/www.destekotomasyon.com\/","name":"Destek Otomasyon","description":"Destek Otomasyon Enerji Elektronik Makina San. ve Tic. Ltd. \u015eti.","publisher":{"@id":"http:\/\/www.destekotomasyon.com\/#organization"},"potentialAction":[{"@type":"SearchAction","target":{"@type":"EntryPoint","urlTemplate":"http:\/\/www.destekotomasyon.com\/?s={search_term_string}"},"query-input":"required name=search_term_string"}],"inLanguage":"tr"},{"@type":"ImageObject","@id":"http:\/\/www.destekotomasyon.com\/index.php\/urunler-destekotomasyon-urunler\/#primaryimage","inLanguage":"tr","url":"http:\/\/www.destekotomasyon.com\/wp-content\/uploads\/2020\/09\/carlos-irineu-da-costa-eMc0lpn1P60-unsplash-scaled.jpg","contentUrl":"http:\/\/www.destekotomasyon.com\/wp-content\/uploads\/2020\/09\/carlos-irineu-da-costa-eMc0lpn1P60-unsplash-scaled.jpg","width":2560,"height":1709},{"@type":"WebPage","@id":"http:\/\/www.destekotomasyon.com\/index.php\/urunler-destekotomasyon-urunler\/#webpage","url":"http:\/\/www.destekotomasyon.com\/index.php\/urunler-destekotomasyon-urunler\/","name":"\u00dcR\u00dcNLER &ndash; Destek Otomasyon","isPartOf":{"@id":"http:\/\/www.destekotomasyon.com\/#website"},"primaryImageOfPage":{"@id":"http:\/\/www.destekotomasyon.com\/index.php\/urunler-destekotomasyon-urunler\/#primaryimage"},"datePublished":"2020-09-08T15:35:05+00:00","dateModified":"2022-06-19T10:13:21+00:00","description":"Destek Otomasyon, \u00e7\u00f6z\u00fcm ortaklar\u0131na faaliyet alanlar\u0131na g\u00f6re geni\u015f bir yelpazede hizmet sunmaktad\u0131r. Bu hizmetler farkl\u0131la\u015fan sekt\u00f6r ve...","breadcrumb":{"@id":"http:\/\/www.destekotomasyon.com\/index.php\/urunler-destekotomasyon-urunler\/#breadcrumb"},"inLanguage":"tr","potentialAction":[{"@type":"ReadAction","target":["http:\/\/www.destekotomasyon.com\/index.php\/urunler-destekotomasyon-urunler\/"]}]},{"@type":"BreadcrumbList","@id":"http:\/\/www.destekotomasyon.com\/index.php\/urunler-destekotomasyon-urunler\/#breadcrumb","itemListElement":[{"@type":"ListItem","position":1,"name":"Ana sayfa","item":"http:\/\/www.destekotomasyon.com\/"},{"@type":"ListItem","position":2,"name":"\u00dcR\u00dcNLER"}]}]}},"_links":{"self":[{"href":"http:\/\/www.destekotomasyon.com\/index.php\/wp-json\/wp\/v2\/pages\/2"}],"collection":[{"href":"http:\/\/www.destekotomasyon.com\/index.php\/wp-json\/wp\/v2\/pages"}],"about":[{"href":"http:\/\/www.destekotomasyon.com\/index.php\/wp-json\/wp\/v2\/types\/page"}],"author":[{"embeddable":true,"href":"http:\/\/www.destekotomasyon.com\/index.php\/wp-json\/wp\/v2\/users\/1"}],"replies":[{"embeddable":true,"href":"http:\/\/www.destekotomasyon.com\/index.php\/wp-json\/wp\/v2\/comments?post=2"}],"version-history":[{"count":32,"href":"http:\/\/www.destekotomasyon.com\/index.php\/wp-json\/wp\/v2\/pages\/2\/revisions"}],"predecessor-version":[{"id":1676,"href":"http:\/\/www.destekotomasyon.com\/index.php\/wp-json\/wp\/v2\/pages\/2\/revisions\/1676"}],"wp:featuredmedia":[{"embeddable":true,"href":"http:\/\/www.destekotomasyon.com\/index.php\/wp-json\/wp\/v2\/media\/137"}],"wp:attachment":[{"href":"http:\/\/www.destekotomasyon.com\/index.php\/wp-json\/wp\/v2\/media?parent=2"}],"curies":[{"name":"wp","href":"https:\/\/api.w.org\/{rel}","templated":true}]}}