{"id":221,"date":"2020-10-01T11:11:06","date_gmt":"2020-10-01T08:11:06","guid":{"rendered":"http:\/\/new.destekotomasyon.com\/destek_new\/?page_id=221"},"modified":"2024-01-11T17:13:36","modified_gmt":"2024-01-11T14:13:36","slug":"hassas-olcum-kontrol-unitesi","status":"publish","type":"page","link":"http:\/\/www.destekotomasyon.com\/index.php\/hassas-olcum-kontrol-unitesi\/","title":{"rendered":"Hassas \u00d6l\u00e7\u00fcm Kontrol \u00dcnitesi"},"content":{"rendered":"\n<div class=\"wp-block-columns\">\n<div class=\"wp-block-column\">\n<figure class=\"wp-block-embed is-type-video is-provider-youtube wp-block-embed-youtube wp-embed-aspect-16-9 wp-has-aspect-ratio\"><div class=\"wp-block-embed__wrapper\">\n<iframe title=\"Hassas \u00d6l\u00e7\u00fcm Kontrol \u00dcnitesi - (Air Gauge Measurement) \u2013 01 Genel Kurulum Videosu - Destek Otomasyon\" width=\"500\" height=\"281\" src=\"https:\/\/www.youtube.com\/embed\/3kdEiOzWZmw?feature=oembed\" frameborder=\"0\" allow=\"accelerometer; autoplay; clipboard-write; encrypted-media; gyroscope; picture-in-picture; web-share\" allowfullscreen><\/iframe>\n<\/div><\/figure>\n<\/div>\n\n\n\n<div class=\"wp-block-column\">\n<figure class=\"wp-block-embed is-type-video is-provider-youtube wp-block-embed-youtube wp-embed-aspect-16-9 wp-has-aspect-ratio\"><div class=\"wp-block-embed__wrapper\">\n<iframe title=\"Hassas \u00d6l\u00e7\u00fcm Kontrol \u00dcnitesi  (Air Gauge) - 02 Kalibrasyon  Videosu Destek Otomasyon Haval\u0131 \u00d6l\u00e7\u00fcm\" width=\"500\" height=\"281\" src=\"https:\/\/www.youtube.com\/embed\/yBMp2hUJZZE?feature=oembed\" frameborder=\"0\" allow=\"accelerometer; autoplay; clipboard-write; encrypted-media; gyroscope; picture-in-picture; web-share\" allowfullscreen><\/iframe>\n<\/div><\/figure>\n<\/div>\n<\/div>\n\n\n\n<p>Hassas \u00d6l\u00e7\u00fcm Kontrol \u00dcnitesi bas\u0131n\u00e7l\u0131 hava kullanarak prob vas\u0131tas\u0131 ile saniyeler i\u00e7erisinde micrometre hassasiyetinde \u00f6l\u00e7\u00fcm yapar. Renkli ekran\u0131 sayesinde \u00f6l\u00e7\u00fcm takibi, ayar ve log tutma i\u015flemleri pratik olarak yap\u0131labilmektedir. Wifi, Ethernet gibi a\u011f ba\u011flant\u0131lar\u0131n\u0131 kullanarak lokal a\u011f \u00fczerinden ya da internet \u00fczerinden veriler kullan\u0131c\u0131ya iletilir. Kendi tasar\u0131m ve \u00fcretimimiz olan bu sistem farkl\u0131 donan\u0131m ve kullan\u0131m entegrasyonlar\u0131na a\u00e7\u0131k bir yap\u0131dad\u0131r.&nbsp;<\/p>\n\n\n\n<p>4,3 inch renkli dokunmatik ekran\u0131 sayesinde istenmeyen \u00f6l\u00e7\u00fcler i\u00e7in farkl\u0131 renkler ile kullan\u0131c\u0131y\u0131 uyaran aray\u00fcze sahiptir. Men\u00fcs\u00fc sayesinde 10 saniyede h\u0131zl\u0131 ve kolay kalibrasyon yapabilmektedir. Mikron \u00f6l\u00e7\u00fcm hassasiyetinde ve 5-8 bar aral\u0131\u011f\u0131nda hava bas\u0131nc\u0131 ile \u00e7al\u0131\u015fmaktad\u0131r. Ekran \u00fczerinden takip edilen ve USB \u00fczerinden CSV format\u0131nda \u00e7\u0131kt\u0131 veren SPC uygulamas\u0131 mevcuttur. Wifi, Ethernet ve Rs485 ba\u011flant\u0131lar\u0131 bulunmaktad\u0131r. \u0130nternet \u00fczerinden kullan\u0131mda Destek M2M API sistemi ile uyumludur. \u0130ste\u011fe ba\u011fl\u0131 olarak USB ba\u011flant\u0131s\u0131 ile yaz\u0131c\u0131, barkod okuyucu, GPS, mobil ileti\u015fim ayg\u0131tlar\u0131 gibi donan\u0131mlar ile entegrasyonu sa\u011flanabilir.<\/p>\n\n\n\n<h2 class=\"has-text-align-center has-medium-font-size\">Hassas \u00d6l\u00e7\u00fcm Kontrol \u00dcnitesi seri imalat \u00fcr\u00fcnlerin %100 kontrol\u00fc i\u00e7in \u00f6zel \u00fcretilmi\u015ftir. <\/h2>\n\n\n\n<div class=\"wp-block-columns\">\n<div class=\"wp-block-column\">\n<figure class=\"wp-block-embed is-type-video is-provider-youtube wp-block-embed-youtube wp-embed-aspect-16-9 wp-has-aspect-ratio\"><div class=\"wp-block-embed__wrapper\">\n<iframe title=\"Air Gauge \u00d6l\u00e7\u00fcm Cihaz\u0131 (Air Gauge Metrology Device)\" width=\"500\" height=\"281\" src=\"https:\/\/www.youtube.com\/embed\/gypKOxRVoms?feature=oembed\" frameborder=\"0\" allow=\"accelerometer; autoplay; clipboard-write; encrypted-media; gyroscope; picture-in-picture; web-share\" allowfullscreen><\/iframe>\n<\/div><\/figure>\n<\/div>\n\n\n\n<div class=\"wp-block-column\">\n<p><strong>Destek Otomasyon Hassas \u00d6l\u00e7\u00fcm Kontrol \u00dcnitesi<\/strong><\/p>\n\n\n\n<ul><li>Saniyeler i\u00e7inde mikron hassasiyetle \u00f6l\u00e7\u00fcm,<\/li><li>Delik mil \u00e7ap\u0131 \u00f6l\u00e7\u00fcm\u00fc i\u00e7in de\u011fi\u015ftirilebilir nozzle,<\/li><li>\u00d6l\u00e7\u00fcye ve kullan\u0131m yerlerine g\u00f6re farkl\u0131 \u00f6zelliklerde nozzle bulabilme imkan\u0131,<\/li><li>\u0130stenmeyen \u00f6l\u00e7\u00fclerde farkl\u0131 renkle uyaran kullan\u0131c\u0131 dostu aray\u00fcz,<\/li><li>H\u0131zl\u0131 ve kolay kalibrayon,<\/li><li>Ayn\u0131 anda 1\/2\/4 sens\u00f6r verisi okuyabilen modeller,<\/li><\/ul>\n<\/div>\n<\/div>\n\n\n\n<p><strong>Destek Otomasyon Hassas \u00d6l\u00e7\u00fcm Kontrol \u00dcnitesi Teknik \u00d6zellikleri<\/strong><\/p>\n\n\n\n<ul><li>Bas\u0131n\u00e7 ile mikron (\u03bc) hassasiyetinde \u00e7ap \u00f6l\u00e7\u00fcm\u00fc,<\/li><li>10sn&#8217;de h\u0131zl\u0131 ve kolay kalibrasyon imkan\u0131,<\/li><li>4.3\u2033 Dokunmatik renkli ekran,<\/li><li>USB \u00fczerinden CSV format\u0131nda \u00e7\u0131ktI veren SPC uygulamas\u0131,<\/li><li>65.000 adete kadar log tutma kapasitesi,<\/li><li>Giri\u015f Bas\u0131nc\u0131 5-8 Bar,<\/li><li>Cihaz boyutlar\u0131 300 mm X 150mm X 190 mm,<\/li><li>\u00c7al\u0131\u015fma gerilimi 220V 50Hz<\/li><\/ul>\n\n\n\n<p><a href=\"http:\/\/www.destekotomasyon.com\/wp-content\/uploads\/2024\/01\/HASSAS-OLCUM-KONTROL-UNITESI.pdf\">\u00dcr\u00fcn katalo\u011fu i\u00e7in t\u0131klay\u0131n\u0131z.. <\/a><\/p>\n","protected":false},"excerpt":{"rendered":"<p class=\"qua-blog-post-description\">Hassas \u00d6l\u00e7\u00fcm Kontrol \u00dcnitesi bas\u0131n\u00e7l\u0131 hava kullanarak prob vas\u0131tas\u0131 ile saniyeler i\u00e7erisinde micrometre hassasiyetinde \u00f6l\u00e7\u00fcm yapar. Renkli ekran\u0131 sayesinde \u00f6l\u00e7\u00fcm takibi, ayar ve log tutma i\u015flemleri pratik olarak yap\u0131labilmektedir. Wifi, Ethernet gibi a\u011f ba\u011flant\u0131lar\u0131n\u0131 kullanarak lokal a\u011f \u00fczerinden ya da internet \u00fczerinden veriler kullan\u0131c\u0131ya iletilir. Kendi tasar\u0131m ve \u00fcretimimiz olan bu sistem farkl\u0131 donan\u0131m ve [&hellip;]<\/p>\n","protected":false},"author":1,"featured_media":0,"parent":0,"menu_order":0,"comment_status":"closed","ping_status":"closed","template":"","meta":[],"yoast_head":"<!-- This site is optimized with the Yoast SEO plugin v18.4.1 - https:\/\/yoast.com\/wordpress\/plugins\/seo\/ -->\n<title>Hassas \u00d6l\u00e7\u00fcm Kontrol \u00dcnitesi &ndash; Destek Otomasyon<\/title>\n<meta name=\"robots\" content=\"index, follow, max-snippet:-1, max-image-preview:large, max-video-preview:-1\" \/>\n<link rel=\"canonical\" href=\"http:\/\/www.destekotomasyon.com\/index.php\/hassas-olcum-kontrol-unitesi\/\" \/>\n<meta property=\"og:locale\" content=\"tr_TR\" \/>\n<meta property=\"og:type\" content=\"article\" \/>\n<meta property=\"og:title\" content=\"Hassas \u00d6l\u00e7\u00fcm Kontrol \u00dcnitesi &ndash; Destek Otomasyon\" \/>\n<meta property=\"og:description\" content=\"Hassas \u00d6l\u00e7\u00fcm Kontrol \u00dcnitesi bas\u0131n\u00e7l\u0131 hava kullanarak prob vas\u0131tas\u0131 ile saniyeler i\u00e7erisinde micrometre hassasiyetinde \u00f6l\u00e7\u00fcm yapar. Renkli ekran\u0131 sayesinde \u00f6l\u00e7\u00fcm takibi, ayar ve log tutma i\u015flemleri pratik olarak yap\u0131labilmektedir. Wifi, Ethernet gibi a\u011f ba\u011flant\u0131lar\u0131n\u0131 kullanarak lokal a\u011f \u00fczerinden ya da internet \u00fczerinden veriler kullan\u0131c\u0131ya iletilir. Kendi tasar\u0131m ve \u00fcretimimiz olan bu sistem farkl\u0131 donan\u0131m ve [&hellip;]\" \/>\n<meta property=\"og:url\" content=\"http:\/\/www.destekotomasyon.com\/index.php\/hassas-olcum-kontrol-unitesi\/\" \/>\n<meta property=\"og:site_name\" content=\"Destek Otomasyon\" \/>\n<meta property=\"article:publisher\" content=\"https:\/\/www.facebook.com\/destekotomasyon\/?fref=ts\" \/>\n<meta property=\"article:modified_time\" content=\"2024-01-11T14:13:36+00:00\" \/>\n<meta name=\"twitter:card\" content=\"summary_large_image\" \/>\n<meta name=\"twitter:label1\" content=\"Tahmini okuma s\u00fcresi\" \/>\n\t<meta name=\"twitter:data1\" content=\"2 dakika\" \/>\n<script type=\"application\/ld+json\" class=\"yoast-schema-graph\">{\"@context\":\"https:\/\/schema.org\",\"@graph\":[{\"@type\":\"Organization\",\"@id\":\"http:\/\/www.destekotomasyon.com\/#organization\",\"name\":\"Destek Otomasyon\",\"url\":\"http:\/\/www.destekotomasyon.com\/\",\"sameAs\":[\"https:\/\/www.facebook.com\/destekotomasyon\/?fref=ts\",\"https:\/\/www.instagram.com\/destekotomasyon\/\",\"https:\/\/www.linkedin.com\/company\/destek-otomasyon\",\"https:\/\/www.youtube.com\/channel\/UC-1U6Za9o0FAfcesell1n0A\"],\"logo\":{\"@type\":\"ImageObject\",\"@id\":\"http:\/\/www.destekotomasyon.com\/#logo\",\"inLanguage\":\"tr\",\"url\":\"http:\/\/www.destekotomasyon.com\/wp-content\/uploads\/2020\/09\/cropped-Adsiz-tasarim-2.png\",\"contentUrl\":\"http:\/\/www.destekotomasyon.com\/wp-content\/uploads\/2020\/09\/cropped-Adsiz-tasarim-2.png\",\"width\":153,\"height\":123,\"caption\":\"Destek Otomasyon\"},\"image\":{\"@id\":\"http:\/\/www.destekotomasyon.com\/#logo\"}},{\"@type\":\"WebSite\",\"@id\":\"http:\/\/www.destekotomasyon.com\/#website\",\"url\":\"http:\/\/www.destekotomasyon.com\/\",\"name\":\"Destek Otomasyon\",\"description\":\"Destek Otomasyon Enerji Elektronik Makina San. ve Tic. Ltd. \u015eti.\",\"publisher\":{\"@id\":\"http:\/\/www.destekotomasyon.com\/#organization\"},\"potentialAction\":[{\"@type\":\"SearchAction\",\"target\":{\"@type\":\"EntryPoint\",\"urlTemplate\":\"http:\/\/www.destekotomasyon.com\/?s={search_term_string}\"},\"query-input\":\"required name=search_term_string\"}],\"inLanguage\":\"tr\"},{\"@type\":\"WebPage\",\"@id\":\"http:\/\/www.destekotomasyon.com\/index.php\/hassas-olcum-kontrol-unitesi\/#webpage\",\"url\":\"http:\/\/www.destekotomasyon.com\/index.php\/hassas-olcum-kontrol-unitesi\/\",\"name\":\"Hassas \u00d6l\u00e7\u00fcm Kontrol \u00dcnitesi &ndash; Destek Otomasyon\",\"isPartOf\":{\"@id\":\"http:\/\/www.destekotomasyon.com\/#website\"},\"datePublished\":\"2020-10-01T08:11:06+00:00\",\"dateModified\":\"2024-01-11T14:13:36+00:00\",\"breadcrumb\":{\"@id\":\"http:\/\/www.destekotomasyon.com\/index.php\/hassas-olcum-kontrol-unitesi\/#breadcrumb\"},\"inLanguage\":\"tr\",\"potentialAction\":[{\"@type\":\"ReadAction\",\"target\":[\"http:\/\/www.destekotomasyon.com\/index.php\/hassas-olcum-kontrol-unitesi\/\"]}]},{\"@type\":\"BreadcrumbList\",\"@id\":\"http:\/\/www.destekotomasyon.com\/index.php\/hassas-olcum-kontrol-unitesi\/#breadcrumb\",\"itemListElement\":[{\"@type\":\"ListItem\",\"position\":1,\"name\":\"Ana sayfa\",\"item\":\"http:\/\/www.destekotomasyon.com\/\"},{\"@type\":\"ListItem\",\"position\":2,\"name\":\"Hassas \u00d6l\u00e7\u00fcm Kontrol \u00dcnitesi\"}]}]}<\/script>\n<!-- \/ Yoast SEO plugin. -->","yoast_head_json":{"title":"Hassas \u00d6l\u00e7\u00fcm Kontrol \u00dcnitesi &ndash; Destek Otomasyon","robots":{"index":"index","follow":"follow","max-snippet":"max-snippet:-1","max-image-preview":"max-image-preview:large","max-video-preview":"max-video-preview:-1"},"canonical":"http:\/\/www.destekotomasyon.com\/index.php\/hassas-olcum-kontrol-unitesi\/","og_locale":"tr_TR","og_type":"article","og_title":"Hassas \u00d6l\u00e7\u00fcm Kontrol \u00dcnitesi &ndash; Destek Otomasyon","og_description":"Hassas \u00d6l\u00e7\u00fcm Kontrol \u00dcnitesi bas\u0131n\u00e7l\u0131 hava kullanarak prob vas\u0131tas\u0131 ile saniyeler i\u00e7erisinde micrometre hassasiyetinde \u00f6l\u00e7\u00fcm yapar. Renkli ekran\u0131 sayesinde \u00f6l\u00e7\u00fcm takibi, ayar ve log tutma i\u015flemleri pratik olarak yap\u0131labilmektedir. Wifi, Ethernet gibi a\u011f ba\u011flant\u0131lar\u0131n\u0131 kullanarak lokal a\u011f \u00fczerinden ya da internet \u00fczerinden veriler kullan\u0131c\u0131ya iletilir. Kendi tasar\u0131m ve \u00fcretimimiz olan bu sistem farkl\u0131 donan\u0131m ve [&hellip;]","og_url":"http:\/\/www.destekotomasyon.com\/index.php\/hassas-olcum-kontrol-unitesi\/","og_site_name":"Destek Otomasyon","article_publisher":"https:\/\/www.facebook.com\/destekotomasyon\/?fref=ts","article_modified_time":"2024-01-11T14:13:36+00:00","twitter_card":"summary_large_image","twitter_misc":{"Tahmini okuma s\u00fcresi":"2 dakika"},"schema":{"@context":"https:\/\/schema.org","@graph":[{"@type":"Organization","@id":"http:\/\/www.destekotomasyon.com\/#organization","name":"Destek Otomasyon","url":"http:\/\/www.destekotomasyon.com\/","sameAs":["https:\/\/www.facebook.com\/destekotomasyon\/?fref=ts","https:\/\/www.instagram.com\/destekotomasyon\/","https:\/\/www.linkedin.com\/company\/destek-otomasyon","https:\/\/www.youtube.com\/channel\/UC-1U6Za9o0FAfcesell1n0A"],"logo":{"@type":"ImageObject","@id":"http:\/\/www.destekotomasyon.com\/#logo","inLanguage":"tr","url":"http:\/\/www.destekotomasyon.com\/wp-content\/uploads\/2020\/09\/cropped-Adsiz-tasarim-2.png","contentUrl":"http:\/\/www.destekotomasyon.com\/wp-content\/uploads\/2020\/09\/cropped-Adsiz-tasarim-2.png","width":153,"height":123,"caption":"Destek Otomasyon"},"image":{"@id":"http:\/\/www.destekotomasyon.com\/#logo"}},{"@type":"WebSite","@id":"http:\/\/www.destekotomasyon.com\/#website","url":"http:\/\/www.destekotomasyon.com\/","name":"Destek Otomasyon","description":"Destek Otomasyon Enerji Elektronik Makina San. ve Tic. Ltd. \u015eti.","publisher":{"@id":"http:\/\/www.destekotomasyon.com\/#organization"},"potentialAction":[{"@type":"SearchAction","target":{"@type":"EntryPoint","urlTemplate":"http:\/\/www.destekotomasyon.com\/?s={search_term_string}"},"query-input":"required name=search_term_string"}],"inLanguage":"tr"},{"@type":"WebPage","@id":"http:\/\/www.destekotomasyon.com\/index.php\/hassas-olcum-kontrol-unitesi\/#webpage","url":"http:\/\/www.destekotomasyon.com\/index.php\/hassas-olcum-kontrol-unitesi\/","name":"Hassas \u00d6l\u00e7\u00fcm Kontrol \u00dcnitesi &ndash; Destek Otomasyon","isPartOf":{"@id":"http:\/\/www.destekotomasyon.com\/#website"},"datePublished":"2020-10-01T08:11:06+00:00","dateModified":"2024-01-11T14:13:36+00:00","breadcrumb":{"@id":"http:\/\/www.destekotomasyon.com\/index.php\/hassas-olcum-kontrol-unitesi\/#breadcrumb"},"inLanguage":"tr","potentialAction":[{"@type":"ReadAction","target":["http:\/\/www.destekotomasyon.com\/index.php\/hassas-olcum-kontrol-unitesi\/"]}]},{"@type":"BreadcrumbList","@id":"http:\/\/www.destekotomasyon.com\/index.php\/hassas-olcum-kontrol-unitesi\/#breadcrumb","itemListElement":[{"@type":"ListItem","position":1,"name":"Ana sayfa","item":"http:\/\/www.destekotomasyon.com\/"},{"@type":"ListItem","position":2,"name":"Hassas \u00d6l\u00e7\u00fcm Kontrol \u00dcnitesi"}]}]}},"_links":{"self":[{"href":"http:\/\/www.destekotomasyon.com\/index.php\/wp-json\/wp\/v2\/pages\/221"}],"collection":[{"href":"http:\/\/www.destekotomasyon.com\/index.php\/wp-json\/wp\/v2\/pages"}],"about":[{"href":"http:\/\/www.destekotomasyon.com\/index.php\/wp-json\/wp\/v2\/types\/page"}],"author":[{"embeddable":true,"href":"http:\/\/www.destekotomasyon.com\/index.php\/wp-json\/wp\/v2\/users\/1"}],"replies":[{"embeddable":true,"href":"http:\/\/www.destekotomasyon.com\/index.php\/wp-json\/wp\/v2\/comments?post=221"}],"version-history":[{"count":91,"href":"http:\/\/www.destekotomasyon.com\/index.php\/wp-json\/wp\/v2\/pages\/221\/revisions"}],"predecessor-version":[{"id":1829,"href":"http:\/\/www.destekotomasyon.com\/index.php\/wp-json\/wp\/v2\/pages\/221\/revisions\/1829"}],"wp:attachment":[{"href":"http:\/\/www.destekotomasyon.com\/index.php\/wp-json\/wp\/v2\/media?parent=221"}],"curies":[{"name":"wp","href":"https:\/\/api.w.org\/{rel}","templated":true}]}}