{"id":241,"date":"2024-01-29T12:46:42","date_gmt":"2024-01-29T09:46:42","guid":{"rendered":"http:\/\/new.destekotomasyon.com\/destek_new\/?page_id=241"},"modified":"2024-01-29T14:13:57","modified_gmt":"2024-01-29T11:13:57","slug":"destech-hrc-iot-basic-panel","status":"publish","type":"page","link":"http:\/\/www.destekotomasyon.com\/index.php\/destech-hrc-iot-basic-panel\/","title":{"rendered":"Destech-HRC IOT Basic Panel"},"content":{"rendered":"\n<div class=\"wp-block-columns\">\n<div class=\"wp-block-column\">\n<figure class=\"wp-block-image size-large\"><img src=\"http:\/\/www.destechhrc.com\/wp-content\/uploads\/2023\/10\/dhrc_iot_basic-2-1024x576.png\" alt=\"\" class=\"wp-image-641\"\/><\/figure>\n<\/div>\n\n\n\n<div class=\"wp-block-column\">\n<p class=\"has-startupzy-secondary-color has-text-color has-normal-font-size\">Destech HRC IoT Basic Panel; Kullan\u0131c\u0131n\u0131n kablosuz bir a\u011fa (Wi-Fi) ba\u011flanmas\u0131n\u0131 sa\u011flayacak \u015fekilde tasarlanm\u0131\u015ft\u0131r ve \u00fczerinde bulunan LED \u0131\u015f\u0131klar ile kullan\u0131c\u0131y\u0131 bilgilendirebilmektedir.<\/p>\n\n\n\n<p class=\"has-startupzy-secondary-color has-text-color has-normal-font-size\">IoT Basic Panel, 3 LED, 1 buton ve dahili s\u0131cakl\u0131k sens\u00f6r\u00fc i\u00e7eren, \u00f6zel olarak tasarlanm\u0131\u015f g\u00f6m\u00fcl\u00fc bir kartt\u0131r.<\/p>\n<\/div>\n<\/div>\n\n\n\n<div class=\"wp-block-columns\">\n<div class=\"wp-block-column\">\n<p class=\"has-text-align-center has-startupzy-secondary-color has-text-color has-small-font-size\"><strong>Cihaz Ekleme<\/strong><\/p>\n<\/div>\n\n\n\n<div class=\"wp-block-column\">\n<p class=\"has-text-align-center has-startupzy-secondary-color has-text-color has-small-font-size\"><strong>A\u011f Kurulumu<\/strong><\/p>\n<\/div>\n<\/div>\n\n\n\n<div class=\"wp-block-columns\">\n<div class=\"wp-block-column\">\n<figure class=\"wp-block-embed is-type-video is-provider-youtube wp-block-embed-youtube wp-embed-aspect-16-9 wp-has-aspect-ratio\"><div class=\"wp-block-embed__wrapper\">\n<iframe title=\"Destech HRC IOT Basic Pro Panel - Add Device\" width=\"500\" height=\"281\" src=\"https:\/\/www.youtube.com\/embed\/pydN7WpgrI4?feature=oembed\" frameborder=\"0\" allow=\"accelerometer; autoplay; clipboard-write; encrypted-media; gyroscope; picture-in-picture; web-share\" allowfullscreen><\/iframe>\n<\/div><\/figure>\n<\/div>\n\n\n\n<div class=\"wp-block-column\">\n<figure class=\"wp-block-embed is-type-video is-provider-youtube wp-block-embed-youtube wp-embed-aspect-16-9 wp-has-aspect-ratio\"><div class=\"wp-block-embed__wrapper\">\n<iframe title=\"Destech HRC IOT Basic Pro Panel - Setup Network\" width=\"500\" height=\"281\" src=\"https:\/\/www.youtube.com\/embed\/TGged6ZUVfg?feature=oembed\" frameborder=\"0\" allow=\"accelerometer; autoplay; clipboard-write; encrypted-media; gyroscope; picture-in-picture; web-share\" allowfullscreen><\/iframe>\n<\/div><\/figure>\n<\/div>\n<\/div>\n\n\n\n<figure class=\"wp-block-table\"><table><tbody><tr><td><strong>Ekran<\/strong><\/td><td>Hay\u0131r<\/td><\/tr><tr><td><strong>Dokunmatik<\/strong><\/td><td>Hay\u0131r<\/td><\/tr><tr><td><strong>LED<\/strong><\/td><td>3<\/td><\/tr><tr><td><strong>Button<\/strong><\/td><td>1<\/td><\/tr><tr><td><strong><strong>Boyut<\/strong><\/strong><\/td><td>90\u00d765\u00d715 mm<\/td><\/tr><tr><td><strong><strong>Dahili Sens\u00f6r<\/strong><\/strong><\/td><td>S\u0131cakl\u0131k Sens\u00f6r\u00fc<\/td><\/tr><tr><td><strong><strong>Ba\u011flant\u0131<\/strong><\/strong><\/td><td>5 metre 20m artt\u0131r\u0131labilir)<\/td><\/tr><tr><td><strong><strong>Zamanlay\u0131c\u0131<\/strong><\/strong><\/td><td>Haftan\u0131n 7 g\u00fcn\u00fc i\u00e7in 4 farkl\u0131 zamanlay\u0131c\u0131<\/td><\/tr><tr><td><strong><strong>Mobil Uygulama<\/strong><\/strong><\/td><td>Evet (Android\/IOS)<\/td><\/tr><\/tbody><\/table><\/figure>\n\n\n\n<p><strong><strong>Kutu i\u00e7eri\u011fi:<\/strong><\/strong>&nbsp;Destech HRC IoT Basic Panel, ba\u011flant\u0131 kablosu ve montaj malzemeleri<\/p>\n\n\n\n<div class=\"wp-block-columns\">\n<div class=\"wp-block-column\" style=\"flex-basis:66.66%\">\n<div class=\"wp-block-image size-full\"><figure class=\"aligncenter\"><img src=\"http:\/\/www.destechhrc.com\/wp-content\/uploads\/2023\/09\/image-4.png\" alt=\"\" class=\"wp-image-522\"\/><\/figure><\/div>\n<\/div>\n\n\n\n<div class=\"wp-block-column\" style=\"flex-basis:33.33%\">\n<div class=\"wp-block-image size-full\"><figure class=\"aligncenter is-resized\"><img loading=\"lazy\" src=\"http:\/\/www.destechhrc.com\/wp-content\/uploads\/2023\/09\/image-5.png\" alt=\"\" class=\"wp-image-523\" width=\"357\" height=\"306\"\/><\/figure><\/div>\n<\/div>\n<\/div>\n","protected":false},"excerpt":{"rendered":"<p class=\"qua-blog-post-description\">Destech HRC IoT Basic Panel; Kullan\u0131c\u0131n\u0131n kablosuz bir a\u011fa (Wi-Fi) ba\u011flanmas\u0131n\u0131 sa\u011flayacak \u015fekilde tasarlanm\u0131\u015ft\u0131r ve \u00fczerinde bulunan LED \u0131\u015f\u0131klar ile kullan\u0131c\u0131y\u0131 bilgilendirebilmektedir. IoT Basic Panel, 3 LED, 1 buton ve dahili s\u0131cakl\u0131k sens\u00f6r\u00fc i\u00e7eren, \u00f6zel olarak tasarlanm\u0131\u015f g\u00f6m\u00fcl\u00fc bir kartt\u0131r. Cihaz Ekleme A\u011f Kurulumu Ekran Hay\u0131r Dokunmatik Hay\u0131r LED 3 Button 1 Boyut 90\u00d765\u00d715 mm [&hellip;]<\/p>\n","protected":false},"author":1,"featured_media":0,"parent":0,"menu_order":0,"comment_status":"closed","ping_status":"closed","template":"","meta":[],"yoast_head":"<!-- This site is optimized with the Yoast SEO plugin v18.4.1 - https:\/\/yoast.com\/wordpress\/plugins\/seo\/ -->\n<title>Destech-HRC IOT Basic Panel &ndash; Destek Otomasyon<\/title>\n<meta name=\"robots\" content=\"index, follow, max-snippet:-1, max-image-preview:large, max-video-preview:-1\" \/>\n<link rel=\"canonical\" href=\"http:\/\/www.destekotomasyon.com\/index.php\/destech-hrc-iot-basic-panel\/\" \/>\n<meta property=\"og:locale\" content=\"tr_TR\" \/>\n<meta property=\"og:type\" content=\"article\" \/>\n<meta property=\"og:title\" content=\"Destech-HRC IOT Basic Panel &ndash; Destek Otomasyon\" \/>\n<meta property=\"og:description\" content=\"Destech HRC IoT Basic Panel; Kullan\u0131c\u0131n\u0131n kablosuz bir a\u011fa (Wi-Fi) ba\u011flanmas\u0131n\u0131 sa\u011flayacak \u015fekilde tasarlanm\u0131\u015ft\u0131r ve \u00fczerinde bulunan LED \u0131\u015f\u0131klar ile kullan\u0131c\u0131y\u0131 bilgilendirebilmektedir. IoT Basic Panel, 3 LED, 1 buton ve dahili s\u0131cakl\u0131k sens\u00f6r\u00fc i\u00e7eren, \u00f6zel olarak tasarlanm\u0131\u015f g\u00f6m\u00fcl\u00fc bir kartt\u0131r. Cihaz Ekleme A\u011f Kurulumu Ekran Hay\u0131r Dokunmatik Hay\u0131r LED 3 Button 1 Boyut 90\u00d765\u00d715 mm [&hellip;]\" \/>\n<meta property=\"og:url\" content=\"http:\/\/www.destekotomasyon.com\/index.php\/destech-hrc-iot-basic-panel\/\" \/>\n<meta property=\"og:site_name\" content=\"Destek Otomasyon\" \/>\n<meta property=\"article:publisher\" content=\"https:\/\/www.facebook.com\/destekotomasyon\/?fref=ts\" \/>\n<meta property=\"article:modified_time\" content=\"2024-01-29T11:13:57+00:00\" \/>\n<meta property=\"og:image\" content=\"http:\/\/www.destechhrc.com\/wp-content\/uploads\/2023\/10\/dhrc_iot_basic-2-1024x576.png\" \/>\n<meta name=\"twitter:card\" content=\"summary_large_image\" \/>\n<meta name=\"twitter:label1\" content=\"Tahmini okuma s\u00fcresi\" \/>\n\t<meta name=\"twitter:data1\" content=\"2 dakika\" \/>\n<script type=\"application\/ld+json\" class=\"yoast-schema-graph\">{\"@context\":\"https:\/\/schema.org\",\"@graph\":[{\"@type\":\"Organization\",\"@id\":\"http:\/\/www.destekotomasyon.com\/#organization\",\"name\":\"Destek Otomasyon\",\"url\":\"http:\/\/www.destekotomasyon.com\/\",\"sameAs\":[\"https:\/\/www.facebook.com\/destekotomasyon\/?fref=ts\",\"https:\/\/www.instagram.com\/destekotomasyon\/\",\"https:\/\/www.linkedin.com\/company\/destek-otomasyon\",\"https:\/\/www.youtube.com\/channel\/UC-1U6Za9o0FAfcesell1n0A\"],\"logo\":{\"@type\":\"ImageObject\",\"@id\":\"http:\/\/www.destekotomasyon.com\/#logo\",\"inLanguage\":\"tr\",\"url\":\"http:\/\/www.destekotomasyon.com\/wp-content\/uploads\/2020\/09\/cropped-Adsiz-tasarim-2.png\",\"contentUrl\":\"http:\/\/www.destekotomasyon.com\/wp-content\/uploads\/2020\/09\/cropped-Adsiz-tasarim-2.png\",\"width\":153,\"height\":123,\"caption\":\"Destek Otomasyon\"},\"image\":{\"@id\":\"http:\/\/www.destekotomasyon.com\/#logo\"}},{\"@type\":\"WebSite\",\"@id\":\"http:\/\/www.destekotomasyon.com\/#website\",\"url\":\"http:\/\/www.destekotomasyon.com\/\",\"name\":\"Destek Otomasyon\",\"description\":\"Destek Otomasyon Enerji Elektronik Makina San. ve Tic. Ltd. \u015eti.\",\"publisher\":{\"@id\":\"http:\/\/www.destekotomasyon.com\/#organization\"},\"potentialAction\":[{\"@type\":\"SearchAction\",\"target\":{\"@type\":\"EntryPoint\",\"urlTemplate\":\"http:\/\/www.destekotomasyon.com\/?s={search_term_string}\"},\"query-input\":\"required name=search_term_string\"}],\"inLanguage\":\"tr\"},{\"@type\":\"ImageObject\",\"@id\":\"http:\/\/www.destekotomasyon.com\/index.php\/destech-hrc-iot-basic-panel\/#primaryimage\",\"inLanguage\":\"tr\",\"url\":\"http:\/\/www.destechhrc.com\/wp-content\/uploads\/2023\/10\/dhrc_iot_basic-2-1024x576.png\",\"contentUrl\":\"http:\/\/www.destechhrc.com\/wp-content\/uploads\/2023\/10\/dhrc_iot_basic-2-1024x576.png\"},{\"@type\":\"WebPage\",\"@id\":\"http:\/\/www.destekotomasyon.com\/index.php\/destech-hrc-iot-basic-panel\/#webpage\",\"url\":\"http:\/\/www.destekotomasyon.com\/index.php\/destech-hrc-iot-basic-panel\/\",\"name\":\"Destech-HRC IOT Basic Panel &ndash; Destek Otomasyon\",\"isPartOf\":{\"@id\":\"http:\/\/www.destekotomasyon.com\/#website\"},\"primaryImageOfPage\":{\"@id\":\"http:\/\/www.destekotomasyon.com\/index.php\/destech-hrc-iot-basic-panel\/#primaryimage\"},\"datePublished\":\"2024-01-29T09:46:42+00:00\",\"dateModified\":\"2024-01-29T11:13:57+00:00\",\"breadcrumb\":{\"@id\":\"http:\/\/www.destekotomasyon.com\/index.php\/destech-hrc-iot-basic-panel\/#breadcrumb\"},\"inLanguage\":\"tr\",\"potentialAction\":[{\"@type\":\"ReadAction\",\"target\":[\"http:\/\/www.destekotomasyon.com\/index.php\/destech-hrc-iot-basic-panel\/\"]}]},{\"@type\":\"BreadcrumbList\",\"@id\":\"http:\/\/www.destekotomasyon.com\/index.php\/destech-hrc-iot-basic-panel\/#breadcrumb\",\"itemListElement\":[{\"@type\":\"ListItem\",\"position\":1,\"name\":\"Ana sayfa\",\"item\":\"http:\/\/www.destekotomasyon.com\/\"},{\"@type\":\"ListItem\",\"position\":2,\"name\":\"Destech-HRC IOT Basic Panel\"}]}]}<\/script>\n<!-- \/ Yoast SEO plugin. -->","yoast_head_json":{"title":"Destech-HRC IOT Basic Panel &ndash; Destek Otomasyon","robots":{"index":"index","follow":"follow","max-snippet":"max-snippet:-1","max-image-preview":"max-image-preview:large","max-video-preview":"max-video-preview:-1"},"canonical":"http:\/\/www.destekotomasyon.com\/index.php\/destech-hrc-iot-basic-panel\/","og_locale":"tr_TR","og_type":"article","og_title":"Destech-HRC IOT Basic Panel &ndash; Destek Otomasyon","og_description":"Destech HRC IoT Basic Panel; Kullan\u0131c\u0131n\u0131n kablosuz bir a\u011fa (Wi-Fi) ba\u011flanmas\u0131n\u0131 sa\u011flayacak \u015fekilde tasarlanm\u0131\u015ft\u0131r ve \u00fczerinde bulunan LED \u0131\u015f\u0131klar ile kullan\u0131c\u0131y\u0131 bilgilendirebilmektedir. IoT Basic Panel, 3 LED, 1 buton ve dahili s\u0131cakl\u0131k sens\u00f6r\u00fc i\u00e7eren, \u00f6zel olarak tasarlanm\u0131\u015f g\u00f6m\u00fcl\u00fc bir kartt\u0131r. Cihaz Ekleme A\u011f Kurulumu Ekran Hay\u0131r Dokunmatik Hay\u0131r LED 3 Button 1 Boyut 90\u00d765\u00d715 mm [&hellip;]","og_url":"http:\/\/www.destekotomasyon.com\/index.php\/destech-hrc-iot-basic-panel\/","og_site_name":"Destek Otomasyon","article_publisher":"https:\/\/www.facebook.com\/destekotomasyon\/?fref=ts","article_modified_time":"2024-01-29T11:13:57+00:00","og_image":[{"url":"http:\/\/www.destechhrc.com\/wp-content\/uploads\/2023\/10\/dhrc_iot_basic-2-1024x576.png"}],"twitter_card":"summary_large_image","twitter_misc":{"Tahmini okuma s\u00fcresi":"2 dakika"},"schema":{"@context":"https:\/\/schema.org","@graph":[{"@type":"Organization","@id":"http:\/\/www.destekotomasyon.com\/#organization","name":"Destek Otomasyon","url":"http:\/\/www.destekotomasyon.com\/","sameAs":["https:\/\/www.facebook.com\/destekotomasyon\/?fref=ts","https:\/\/www.instagram.com\/destekotomasyon\/","https:\/\/www.linkedin.com\/company\/destek-otomasyon","https:\/\/www.youtube.com\/channel\/UC-1U6Za9o0FAfcesell1n0A"],"logo":{"@type":"ImageObject","@id":"http:\/\/www.destekotomasyon.com\/#logo","inLanguage":"tr","url":"http:\/\/www.destekotomasyon.com\/wp-content\/uploads\/2020\/09\/cropped-Adsiz-tasarim-2.png","contentUrl":"http:\/\/www.destekotomasyon.com\/wp-content\/uploads\/2020\/09\/cropped-Adsiz-tasarim-2.png","width":153,"height":123,"caption":"Destek Otomasyon"},"image":{"@id":"http:\/\/www.destekotomasyon.com\/#logo"}},{"@type":"WebSite","@id":"http:\/\/www.destekotomasyon.com\/#website","url":"http:\/\/www.destekotomasyon.com\/","name":"Destek Otomasyon","description":"Destek Otomasyon Enerji Elektronik Makina San. ve Tic. Ltd. \u015eti.","publisher":{"@id":"http:\/\/www.destekotomasyon.com\/#organization"},"potentialAction":[{"@type":"SearchAction","target":{"@type":"EntryPoint","urlTemplate":"http:\/\/www.destekotomasyon.com\/?s={search_term_string}"},"query-input":"required name=search_term_string"}],"inLanguage":"tr"},{"@type":"ImageObject","@id":"http:\/\/www.destekotomasyon.com\/index.php\/destech-hrc-iot-basic-panel\/#primaryimage","inLanguage":"tr","url":"http:\/\/www.destechhrc.com\/wp-content\/uploads\/2023\/10\/dhrc_iot_basic-2-1024x576.png","contentUrl":"http:\/\/www.destechhrc.com\/wp-content\/uploads\/2023\/10\/dhrc_iot_basic-2-1024x576.png"},{"@type":"WebPage","@id":"http:\/\/www.destekotomasyon.com\/index.php\/destech-hrc-iot-basic-panel\/#webpage","url":"http:\/\/www.destekotomasyon.com\/index.php\/destech-hrc-iot-basic-panel\/","name":"Destech-HRC IOT Basic Panel &ndash; Destek Otomasyon","isPartOf":{"@id":"http:\/\/www.destekotomasyon.com\/#website"},"primaryImageOfPage":{"@id":"http:\/\/www.destekotomasyon.com\/index.php\/destech-hrc-iot-basic-panel\/#primaryimage"},"datePublished":"2024-01-29T09:46:42+00:00","dateModified":"2024-01-29T11:13:57+00:00","breadcrumb":{"@id":"http:\/\/www.destekotomasyon.com\/index.php\/destech-hrc-iot-basic-panel\/#breadcrumb"},"inLanguage":"tr","potentialAction":[{"@type":"ReadAction","target":["http:\/\/www.destekotomasyon.com\/index.php\/destech-hrc-iot-basic-panel\/"]}]},{"@type":"BreadcrumbList","@id":"http:\/\/www.destekotomasyon.com\/index.php\/destech-hrc-iot-basic-panel\/#breadcrumb","itemListElement":[{"@type":"ListItem","position":1,"name":"Ana sayfa","item":"http:\/\/www.destekotomasyon.com\/"},{"@type":"ListItem","position":2,"name":"Destech-HRC IOT Basic Panel"}]}]}},"_links":{"self":[{"href":"http:\/\/www.destekotomasyon.com\/index.php\/wp-json\/wp\/v2\/pages\/241"}],"collection":[{"href":"http:\/\/www.destekotomasyon.com\/index.php\/wp-json\/wp\/v2\/pages"}],"about":[{"href":"http:\/\/www.destekotomasyon.com\/index.php\/wp-json\/wp\/v2\/types\/page"}],"author":[{"embeddable":true,"href":"http:\/\/www.destekotomasyon.com\/index.php\/wp-json\/wp\/v2\/users\/1"}],"replies":[{"embeddable":true,"href":"http:\/\/www.destekotomasyon.com\/index.php\/wp-json\/wp\/v2\/comments?post=241"}],"version-history":[{"count":3,"href":"http:\/\/www.destekotomasyon.com\/index.php\/wp-json\/wp\/v2\/pages\/241\/revisions"}],"predecessor-version":[{"id":1934,"href":"http:\/\/www.destekotomasyon.com\/index.php\/wp-json\/wp\/v2\/pages\/241\/revisions\/1934"}],"wp:attachment":[{"href":"http:\/\/www.destekotomasyon.com\/index.php\/wp-json\/wp\/v2\/media?parent=241"}],"curies":[{"name":"wp","href":"https:\/\/api.w.org\/{rel}","templated":true}]}}