{"id":242,"date":"2020-10-01T12:19:56","date_gmt":"2020-10-01T09:19:56","guid":{"rendered":"http:\/\/new.destekotomasyon.com\/destek_new\/?page_id=242"},"modified":"2024-02-19T14:57:35","modified_gmt":"2024-02-19T11:57:35","slug":"nem-ve-sicaklik-takip-sistemi","status":"publish","type":"page","link":"http:\/\/www.destekotomasyon.com\/index.php\/nem-ve-sicaklik-takip-sistemi\/","title":{"rendered":"Nem ve S\u0131cakl\u0131k Takip Sistemi"},"content":{"rendered":"<p>Destek Otomasyon Nem ve S\u0131cakl\u0131k takip sistemleri, \u00a0anl\u0131k s\u0131cakl\u0131k ve nem de\u011ferlerini kablosuz al\u0131c\u0131ya iletmesi temelinde \u00e7al\u0131\u015fmaktad\u0131r.<\/p>\n<p><a href=\"https:\/\/www.instagram.com\/p\/CKWY8LbJTHv\/\">DestekOtomasyon<\/a> &#8216;un kendi \u00fcretim ve tasar\u0131m\u0131 olan nem ve s\u0131cakl\u0131k takip cihazlar\u0131 farkl\u0131 donan\u0131m ve kullan\u0131m ihtiya\u00e7lar\u0131na d\u00f6n\u00fck olarak\u00a0entegre\u00a0edilebilir.<\/p>\n<p>Ak\u0131ll\u0131 Nem Sens\u00f6r\u00fc M2M, iki ayr\u0131 noktadan\u00a0nem ve\u00a0s\u0131cakl\u0131k \u00f6l\u00e7\u00fcm\u00fc almaktad\u0131r. Eri\u015filen\u00a0veriler, \u00fczerinde yer alan grafik ekran arac\u0131l\u0131\u011f\u0131yla kullan\u0131c\u0131ya iletilmektedir. Destek M2M\u00a0web uygulamas\u0131 ile istenilen adet cihaz\u0131n\u00a0internet veya\u00a0lokal \u00fczerinden takibinin yap\u0131lmas\u0131 sa\u011flan\u0131r.\u00a0\u0130statistik men\u00fcleri ile\u00a0analizler\u00a0yap\u0131lmas\u0131na imkan tan\u0131r.<\/p>\n<p>Ak\u0131ll\u0131 Nem Sens\u00f6r\u00fc\u00a0Mini RF modeli ise ana mod\u00fcl ile 16 adete kadar ortam takibi sens\u00f6r\u00fcn\u00fc desteklemekte ve\u00a0nem s\u0131cakl\u0131k de\u011ferlerini kullan\u0131c\u0131ya iletmektedir. Bu sayede\u00a0kullan\u0131c\u0131 bulunulan ortama dair nem \u00a0ve\u00a0 s\u0131cakl\u0131k de\u011ferlerini optimize edilen standartlarda\u00a0izleyebilmekte ve\u00a0anl\u0131k\u00a0bildirimler alabilmektedir.<\/p>\n<p>Destek M2M web uygulamas\u0131 ile de istenilen adet cihaz\u0131n\u00a0internet veya\u00a0lokal a\u011f \u00fczerinden takibinin yap\u0131lmas\u0131 sa\u011flan\u0131r.\u00a0\u0130statistik men\u00fcleri ile\u00a0analizler\u00a0yap\u0131lmas\u0131na imkan tan\u0131nmaktad\u0131r.<\/p>\n<p><a style=\"letter-spacing: 0px;\" href=\"http:\/\/www.destekotomasyon.com\/index.php\/akilli-nem-sicaklik-sensoru-m2m\/\" rel=\"noopener\">Ak\u0131ll\u0131 Nem S\u0131cakl\u0131k Sens\u00f6r\u00fc M2M<\/a><\/p>\n<p><a style=\"letter-spacing: 0px;\" href=\"http:\/\/www.destekotomasyon.com\/index.php\/akilli-nem-sicaklik-sensoru-rf\/\" rel=\"noopener\">Ak\u0131ll\u0131 Nem S\u0131cakl\u0131k Sens\u00f6r\u00fc RF<\/a><\/p>\n","protected":false},"excerpt":{"rendered":"<p class=\"qua-blog-post-description\">Destek Otomasyon Nem ve S\u0131cakl\u0131k takip sistemleri, \u00a0anl\u0131k s\u0131cakl\u0131k ve nem de\u011ferlerini kablosuz al\u0131c\u0131ya iletmesi temelinde \u00e7al\u0131\u015fmaktad\u0131r. DestekOtomasyon &#8216;un kendi \u00fcretim ve tasar\u0131m\u0131 olan nem ve s\u0131cakl\u0131k takip cihazlar\u0131 farkl\u0131 donan\u0131m ve kullan\u0131m ihtiya\u00e7lar\u0131na d\u00f6n\u00fck olarak\u00a0entegre\u00a0edilebilir. Ak\u0131ll\u0131 Nem Sens\u00f6r\u00fc M2M, iki ayr\u0131 noktadan\u00a0nem ve\u00a0s\u0131cakl\u0131k \u00f6l\u00e7\u00fcm\u00fc almaktad\u0131r. Eri\u015filen\u00a0veriler, \u00fczerinde yer alan grafik ekran arac\u0131l\u0131\u011f\u0131yla kullan\u0131c\u0131ya iletilmektedir. [&hellip;]<\/p>\n","protected":false},"author":1,"featured_media":0,"parent":0,"menu_order":0,"comment_status":"closed","ping_status":"closed","template":"","meta":[],"yoast_head":"<!-- This site is optimized with the Yoast SEO plugin v18.4.1 - https:\/\/yoast.com\/wordpress\/plugins\/seo\/ -->\n<title>Nem ve S\u0131cakl\u0131k Takip Sistemi &ndash; Destek Otomasyon<\/title>\n<meta name=\"robots\" content=\"index, follow, max-snippet:-1, max-image-preview:large, max-video-preview:-1\" \/>\n<link rel=\"canonical\" href=\"http:\/\/www.destekotomasyon.com\/index.php\/nem-ve-sicaklik-takip-sistemi\/\" \/>\n<meta property=\"og:locale\" content=\"tr_TR\" \/>\n<meta property=\"og:type\" content=\"article\" \/>\n<meta property=\"og:title\" content=\"Nem ve S\u0131cakl\u0131k Takip Sistemi &ndash; Destek Otomasyon\" \/>\n<meta property=\"og:description\" content=\"Destek Otomasyon Nem ve S\u0131cakl\u0131k takip sistemleri, \u00a0anl\u0131k s\u0131cakl\u0131k ve nem de\u011ferlerini kablosuz al\u0131c\u0131ya iletmesi temelinde \u00e7al\u0131\u015fmaktad\u0131r. DestekOtomasyon &#8216;un kendi \u00fcretim ve tasar\u0131m\u0131 olan nem ve s\u0131cakl\u0131k takip cihazlar\u0131 farkl\u0131 donan\u0131m ve kullan\u0131m ihtiya\u00e7lar\u0131na d\u00f6n\u00fck olarak\u00a0entegre\u00a0edilebilir. Ak\u0131ll\u0131 Nem Sens\u00f6r\u00fc M2M, iki ayr\u0131 noktadan\u00a0nem ve\u00a0s\u0131cakl\u0131k \u00f6l\u00e7\u00fcm\u00fc almaktad\u0131r. Eri\u015filen\u00a0veriler, \u00fczerinde yer alan grafik ekran arac\u0131l\u0131\u011f\u0131yla kullan\u0131c\u0131ya iletilmektedir. [&hellip;]\" \/>\n<meta property=\"og:url\" content=\"http:\/\/www.destekotomasyon.com\/index.php\/nem-ve-sicaklik-takip-sistemi\/\" \/>\n<meta property=\"og:site_name\" content=\"Destek Otomasyon\" \/>\n<meta property=\"article:publisher\" content=\"https:\/\/www.facebook.com\/destekotomasyon\/?fref=ts\" \/>\n<meta property=\"article:modified_time\" content=\"2024-02-19T11:57:35+00:00\" \/>\n<meta name=\"twitter:card\" content=\"summary_large_image\" \/>\n<meta name=\"twitter:label1\" content=\"Tahmini okuma s\u00fcresi\" \/>\n\t<meta name=\"twitter:data1\" content=\"1 dakika\" \/>\n<script type=\"application\/ld+json\" class=\"yoast-schema-graph\">{\"@context\":\"https:\/\/schema.org\",\"@graph\":[{\"@type\":\"Organization\",\"@id\":\"http:\/\/www.destekotomasyon.com\/#organization\",\"name\":\"Destek Otomasyon\",\"url\":\"http:\/\/www.destekotomasyon.com\/\",\"sameAs\":[\"https:\/\/www.facebook.com\/destekotomasyon\/?fref=ts\",\"https:\/\/www.instagram.com\/destekotomasyon\/\",\"https:\/\/www.linkedin.com\/company\/destek-otomasyon\",\"https:\/\/www.youtube.com\/channel\/UC-1U6Za9o0FAfcesell1n0A\"],\"logo\":{\"@type\":\"ImageObject\",\"@id\":\"http:\/\/www.destekotomasyon.com\/#logo\",\"inLanguage\":\"tr\",\"url\":\"http:\/\/www.destekotomasyon.com\/wp-content\/uploads\/2020\/09\/cropped-Adsiz-tasarim-2.png\",\"contentUrl\":\"http:\/\/www.destekotomasyon.com\/wp-content\/uploads\/2020\/09\/cropped-Adsiz-tasarim-2.png\",\"width\":153,\"height\":123,\"caption\":\"Destek Otomasyon\"},\"image\":{\"@id\":\"http:\/\/www.destekotomasyon.com\/#logo\"}},{\"@type\":\"WebSite\",\"@id\":\"http:\/\/www.destekotomasyon.com\/#website\",\"url\":\"http:\/\/www.destekotomasyon.com\/\",\"name\":\"Destek Otomasyon\",\"description\":\"Destek Otomasyon Enerji Elektronik Makina San. ve Tic. Ltd. \u015eti.\",\"publisher\":{\"@id\":\"http:\/\/www.destekotomasyon.com\/#organization\"},\"potentialAction\":[{\"@type\":\"SearchAction\",\"target\":{\"@type\":\"EntryPoint\",\"urlTemplate\":\"http:\/\/www.destekotomasyon.com\/?s={search_term_string}\"},\"query-input\":\"required name=search_term_string\"}],\"inLanguage\":\"tr\"},{\"@type\":\"WebPage\",\"@id\":\"http:\/\/www.destekotomasyon.com\/index.php\/nem-ve-sicaklik-takip-sistemi\/#webpage\",\"url\":\"http:\/\/www.destekotomasyon.com\/index.php\/nem-ve-sicaklik-takip-sistemi\/\",\"name\":\"Nem ve S\u0131cakl\u0131k Takip Sistemi &ndash; Destek Otomasyon\",\"isPartOf\":{\"@id\":\"http:\/\/www.destekotomasyon.com\/#website\"},\"datePublished\":\"2020-10-01T09:19:56+00:00\",\"dateModified\":\"2024-02-19T11:57:35+00:00\",\"breadcrumb\":{\"@id\":\"http:\/\/www.destekotomasyon.com\/index.php\/nem-ve-sicaklik-takip-sistemi\/#breadcrumb\"},\"inLanguage\":\"tr\",\"potentialAction\":[{\"@type\":\"ReadAction\",\"target\":[\"http:\/\/www.destekotomasyon.com\/index.php\/nem-ve-sicaklik-takip-sistemi\/\"]}]},{\"@type\":\"BreadcrumbList\",\"@id\":\"http:\/\/www.destekotomasyon.com\/index.php\/nem-ve-sicaklik-takip-sistemi\/#breadcrumb\",\"itemListElement\":[{\"@type\":\"ListItem\",\"position\":1,\"name\":\"Ana sayfa\",\"item\":\"http:\/\/www.destekotomasyon.com\/\"},{\"@type\":\"ListItem\",\"position\":2,\"name\":\"Nem ve S\u0131cakl\u0131k Takip Sistemi\"}]}]}<\/script>\n<!-- \/ Yoast SEO plugin. -->","yoast_head_json":{"title":"Nem ve S\u0131cakl\u0131k Takip Sistemi &ndash; Destek Otomasyon","robots":{"index":"index","follow":"follow","max-snippet":"max-snippet:-1","max-image-preview":"max-image-preview:large","max-video-preview":"max-video-preview:-1"},"canonical":"http:\/\/www.destekotomasyon.com\/index.php\/nem-ve-sicaklik-takip-sistemi\/","og_locale":"tr_TR","og_type":"article","og_title":"Nem ve S\u0131cakl\u0131k Takip Sistemi &ndash; Destek Otomasyon","og_description":"Destek Otomasyon Nem ve S\u0131cakl\u0131k takip sistemleri, \u00a0anl\u0131k s\u0131cakl\u0131k ve nem de\u011ferlerini kablosuz al\u0131c\u0131ya iletmesi temelinde \u00e7al\u0131\u015fmaktad\u0131r. DestekOtomasyon &#8216;un kendi \u00fcretim ve tasar\u0131m\u0131 olan nem ve s\u0131cakl\u0131k takip cihazlar\u0131 farkl\u0131 donan\u0131m ve kullan\u0131m ihtiya\u00e7lar\u0131na d\u00f6n\u00fck olarak\u00a0entegre\u00a0edilebilir. Ak\u0131ll\u0131 Nem Sens\u00f6r\u00fc M2M, iki ayr\u0131 noktadan\u00a0nem ve\u00a0s\u0131cakl\u0131k \u00f6l\u00e7\u00fcm\u00fc almaktad\u0131r. Eri\u015filen\u00a0veriler, \u00fczerinde yer alan grafik ekran arac\u0131l\u0131\u011f\u0131yla kullan\u0131c\u0131ya iletilmektedir. [&hellip;]","og_url":"http:\/\/www.destekotomasyon.com\/index.php\/nem-ve-sicaklik-takip-sistemi\/","og_site_name":"Destek Otomasyon","article_publisher":"https:\/\/www.facebook.com\/destekotomasyon\/?fref=ts","article_modified_time":"2024-02-19T11:57:35+00:00","twitter_card":"summary_large_image","twitter_misc":{"Tahmini okuma s\u00fcresi":"1 dakika"},"schema":{"@context":"https:\/\/schema.org","@graph":[{"@type":"Organization","@id":"http:\/\/www.destekotomasyon.com\/#organization","name":"Destek Otomasyon","url":"http:\/\/www.destekotomasyon.com\/","sameAs":["https:\/\/www.facebook.com\/destekotomasyon\/?fref=ts","https:\/\/www.instagram.com\/destekotomasyon\/","https:\/\/www.linkedin.com\/company\/destek-otomasyon","https:\/\/www.youtube.com\/channel\/UC-1U6Za9o0FAfcesell1n0A"],"logo":{"@type":"ImageObject","@id":"http:\/\/www.destekotomasyon.com\/#logo","inLanguage":"tr","url":"http:\/\/www.destekotomasyon.com\/wp-content\/uploads\/2020\/09\/cropped-Adsiz-tasarim-2.png","contentUrl":"http:\/\/www.destekotomasyon.com\/wp-content\/uploads\/2020\/09\/cropped-Adsiz-tasarim-2.png","width":153,"height":123,"caption":"Destek Otomasyon"},"image":{"@id":"http:\/\/www.destekotomasyon.com\/#logo"}},{"@type":"WebSite","@id":"http:\/\/www.destekotomasyon.com\/#website","url":"http:\/\/www.destekotomasyon.com\/","name":"Destek Otomasyon","description":"Destek Otomasyon Enerji Elektronik Makina San. ve Tic. Ltd. \u015eti.","publisher":{"@id":"http:\/\/www.destekotomasyon.com\/#organization"},"potentialAction":[{"@type":"SearchAction","target":{"@type":"EntryPoint","urlTemplate":"http:\/\/www.destekotomasyon.com\/?s={search_term_string}"},"query-input":"required name=search_term_string"}],"inLanguage":"tr"},{"@type":"WebPage","@id":"http:\/\/www.destekotomasyon.com\/index.php\/nem-ve-sicaklik-takip-sistemi\/#webpage","url":"http:\/\/www.destekotomasyon.com\/index.php\/nem-ve-sicaklik-takip-sistemi\/","name":"Nem ve S\u0131cakl\u0131k Takip Sistemi &ndash; Destek Otomasyon","isPartOf":{"@id":"http:\/\/www.destekotomasyon.com\/#website"},"datePublished":"2020-10-01T09:19:56+00:00","dateModified":"2024-02-19T11:57:35+00:00","breadcrumb":{"@id":"http:\/\/www.destekotomasyon.com\/index.php\/nem-ve-sicaklik-takip-sistemi\/#breadcrumb"},"inLanguage":"tr","potentialAction":[{"@type":"ReadAction","target":["http:\/\/www.destekotomasyon.com\/index.php\/nem-ve-sicaklik-takip-sistemi\/"]}]},{"@type":"BreadcrumbList","@id":"http:\/\/www.destekotomasyon.com\/index.php\/nem-ve-sicaklik-takip-sistemi\/#breadcrumb","itemListElement":[{"@type":"ListItem","position":1,"name":"Ana sayfa","item":"http:\/\/www.destekotomasyon.com\/"},{"@type":"ListItem","position":2,"name":"Nem ve S\u0131cakl\u0131k Takip Sistemi"}]}]}},"_links":{"self":[{"href":"http:\/\/www.destekotomasyon.com\/index.php\/wp-json\/wp\/v2\/pages\/242"}],"collection":[{"href":"http:\/\/www.destekotomasyon.com\/index.php\/wp-json\/wp\/v2\/pages"}],"about":[{"href":"http:\/\/www.destekotomasyon.com\/index.php\/wp-json\/wp\/v2\/types\/page"}],"author":[{"embeddable":true,"href":"http:\/\/www.destekotomasyon.com\/index.php\/wp-json\/wp\/v2\/users\/1"}],"replies":[{"embeddable":true,"href":"http:\/\/www.destekotomasyon.com\/index.php\/wp-json\/wp\/v2\/comments?post=242"}],"version-history":[{"count":65,"href":"http:\/\/www.destekotomasyon.com\/index.php\/wp-json\/wp\/v2\/pages\/242\/revisions"}],"predecessor-version":[{"id":1958,"href":"http:\/\/www.destekotomasyon.com\/index.php\/wp-json\/wp\/v2\/pages\/242\/revisions\/1958"}],"wp:attachment":[{"href":"http:\/\/www.destekotomasyon.com\/index.php\/wp-json\/wp\/v2\/media?parent=242"}],"curies":[{"name":"wp","href":"https:\/\/api.w.org\/{rel}","templated":true}]}}