{"id":372,"date":"2020-10-02T18:19:31","date_gmt":"2020-10-02T15:19:31","guid":{"rendered":"http:\/\/new.destekotomasyon.com\/destek_new\/?page_id=372"},"modified":"2021-03-31T13:31:44","modified_gmt":"2021-03-31T10:31:44","slug":"vizyon","status":"publish","type":"page","link":"http:\/\/www.destekotomasyon.com\/index.php\/vizyon\/","title":{"rendered":"Vizyon"},"content":{"rendered":"\t\t<div data-elementor-type=\"wp-page\" data-elementor-id=\"372\" class=\"elementor elementor-372\" data-elementor-settings=\"[]\">\n\t\t\t\t\t\t<div class=\"elementor-inner\">\n\t\t\t\t\t\t\t<div class=\"elementor-section-wrap\">\n\t\t\t\t\t\t\t<section class=\"elementor-section elementor-top-section elementor-element elementor-element-b9cd600 elementor-section-boxed elementor-section-height-default elementor-section-height-default\" data-id=\"b9cd600\" data-element_type=\"section\">\n\t\t\t\t\t\t<div class=\"elementor-container elementor-column-gap-default\">\n\t\t\t\t\t\t\t<div class=\"elementor-row\">\n\t\t\t\t\t<div class=\"elementor-column elementor-col-100 elementor-top-column elementor-element elementor-element-4a4d77f\" data-id=\"4a4d77f\" data-element_type=\"column\">\n\t\t\t<div class=\"elementor-column-wrap elementor-element-populated\">\n\t\t\t\t\t\t\t<div class=\"elementor-widget-wrap\">\n\t\t\t\t\t\t<div class=\"elementor-element elementor-element-aa43bd1 elementor-widget elementor-widget-image\" data-id=\"aa43bd1\" data-element_type=\"widget\" data-widget_type=\"image.default\">\n\t\t\t\t<div class=\"elementor-widget-container\">\n\t\t\t\t\t<div class=\"elementor-image\">\n\t\t\t\t\t\t\t\t\t\t<img width=\"768\" height=\"370\" src=\"http:\/\/www.destekotomasyon.com\/wp-content\/uploads\/2021\/03\/Adsiz-tasarim-49.png\" class=\"attachment-medium_large size-medium_large\" alt=\"\" loading=\"lazy\" srcset=\"http:\/\/www.destekotomasyon.com\/wp-content\/uploads\/2021\/03\/Adsiz-tasarim-49.png 768w, http:\/\/www.destekotomasyon.com\/wp-content\/uploads\/2021\/03\/Adsiz-tasarim-49-300x145.png 300w\" sizes=\"(max-width: 768px) 100vw, 768px\" \/>\t\t\t\t\t\t\t\t\t\t\t<\/div>\n\t\t\t\t<\/div>\n\t\t\t\t<\/div>\n\t\t\t\t\t\t<\/div>\n\t\t\t\t\t<\/div>\n\t\t<\/div>\n\t\t\t\t\t\t\t\t<\/div>\n\t\t\t\t\t<\/div>\n\t\t<\/section>\n\t\t\t\t<section class=\"elementor-section elementor-top-section elementor-element elementor-element-2e3b1a1 elementor-section-boxed elementor-section-height-default elementor-section-height-default\" data-id=\"2e3b1a1\" data-element_type=\"section\">\n\t\t\t\t\t\t<div class=\"elementor-container elementor-column-gap-default\">\n\t\t\t\t\t\t\t<div class=\"elementor-row\">\n\t\t\t\t\t<div class=\"elementor-column elementor-col-100 elementor-top-column elementor-element elementor-element-cbc91fc\" data-id=\"cbc91fc\" data-element_type=\"column\">\n\t\t\t<div class=\"elementor-column-wrap elementor-element-populated\">\n\t\t\t\t\t\t\t<div class=\"elementor-widget-wrap\">\n\t\t\t\t\t\t<div class=\"elementor-element elementor-element-ef98d61 elementor-widget elementor-widget-text-editor\" data-id=\"ef98d61\" data-element_type=\"widget\" data-widget_type=\"text-editor.default\">\n\t\t\t\t<div class=\"elementor-widget-container\">\n\t\t\t\t\t<div class=\"elementor-text-editor elementor-clearfix\"><p align=\"justify\">Destek Otomasyon, sekt\u00f6rel varolu\u015funu tamamlayan her \u015firket gibi b\u00fcy\u00fck, fark yaratan ve s\u00fcrekli geli\u015fmeyi hedefleyen bir vizyona sahiptir.<\/p>\n<p align=\"justify\">B\u00fcy\u00fcyen, fark yaratan, yenilik\u00e7i ve s\u00fcrd\u00fcr\u00fclebilir ad\u0131mlarla geli\u015fen, \u00fcreten ve yar\u0131n\u0131 haz\u0131rlayan, en k\u00fc\u00e7\u00fc\u011f\u00fcnden en b\u00fcy\u00fc\u011f\u00fcne t\u00fcm \u00fcretim mekanizmalar\u0131n\u0131n destek\u00e7isi olmak, Destek Otomasyonun i\u00e7selle\u015ftirdi\u011fi temeli olu\u015fturmaktad\u0131r.<\/p>\n<p align=\"justify\">Bu d\u00fc\u015f\u00fcnce ile kazan\u0131lan \u00e7al\u0131\u015fma ruhu ile Destek Otomasyon, her yeni g\u00fcn\u00fcn her bir dakikas\u0131n\u0131 gelece\u011fe ta\u015f\u0131d\u0131\u011f\u0131 b\u00fcy\u00fck hedefleri ger\u00e7ekletirme azmi ile ya\u015famakta, bu hedeflerin \u00f6n\u00fcndeki t\u00fcm problemleri \u00e7\u00f6zmeye odaklanmakta ve bu noktada ula\u015ft\u0131\u011f\u0131 her varl\u0131\u011fa ilham vermeyi hedeflemektedir.<\/p><\/div>\n\t\t\t\t<\/div>\n\t\t\t\t<\/div>\n\t\t\t\t\t\t<\/div>\n\t\t\t\t\t<\/div>\n\t\t<\/div>\n\t\t\t\t\t\t\t\t<\/div>\n\t\t\t\t\t<\/div>\n\t\t<\/section>\n\t\t\t\t<section class=\"elementor-section elementor-top-section elementor-element elementor-element-311aeee elementor-section-boxed elementor-section-height-default elementor-section-height-default\" data-id=\"311aeee\" data-element_type=\"section\">\n\t\t\t\t\t\t<div class=\"elementor-container elementor-column-gap-default\">\n\t\t\t\t\t\t\t<div class=\"elementor-row\">\n\t\t\t\t\t<div class=\"elementor-column elementor-col-100 elementor-top-column elementor-element elementor-element-2e477c9\" data-id=\"2e477c9\" data-element_type=\"column\">\n\t\t\t<div class=\"elementor-column-wrap elementor-element-populated\">\n\t\t\t\t\t\t\t<div class=\"elementor-widget-wrap\">\n\t\t\t\t\t\t<div class=\"elementor-element elementor-element-a002f97 elementor-shape-circle elementor-grid-0 e-grid-align-center elementor-widget elementor-widget-social-icons\" data-id=\"a002f97\" data-element_type=\"widget\" data-widget_type=\"social-icons.default\">\n\t\t\t\t<div class=\"elementor-widget-container\">\n\t\t\t\t\t<div class=\"elementor-social-icons-wrapper elementor-grid\">\n\t\t\t\t\t\t\t<div class=\"elementor-grid-item\">\n\t\t\t\t\t<a class=\"elementor-icon elementor-social-icon elementor-social-icon-facebook elementor-repeater-item-9d33102\" href=\"https:\/\/www.facebook.com\/destekotomasyon\/?fref=ts%20\" target=\"_blank\">\n\t\t\t\t\t\t<span class=\"elementor-screen-only\">Facebook<\/span>\n\t\t\t\t\t\t<i class=\"fab fa-facebook\"><\/i>\t\t\t\t\t<\/a>\n\t\t\t\t<\/div>\n\t\t\t\t\t\t\t<div class=\"elementor-grid-item\">\n\t\t\t\t\t<a class=\"elementor-icon elementor-social-icon elementor-social-icon-linkedin elementor-repeater-item-037cda7\" href=\"https:\/\/www.linkedin.com\/company\/destek-otomasyon\" target=\"_blank\">\n\t\t\t\t\t\t<span class=\"elementor-screen-only\">Linkedin<\/span>\n\t\t\t\t\t\t<i class=\"fab fa-linkedin\"><\/i>\t\t\t\t\t<\/a>\n\t\t\t\t<\/div>\n\t\t\t\t\t\t\t<div class=\"elementor-grid-item\">\n\t\t\t\t\t<a class=\"elementor-icon elementor-social-icon elementor-social-icon-youtube elementor-repeater-item-84e4fe3\" href=\"https:\/\/www.youtube.com\/channel\/UC-1U6Za9o0FAfcesell1n0A\" target=\"_blank\">\n\t\t\t\t\t\t<span class=\"elementor-screen-only\">Youtube<\/span>\n\t\t\t\t\t\t<i class=\"fab fa-youtube\"><\/i>\t\t\t\t\t<\/a>\n\t\t\t\t<\/div>\n\t\t\t\t\t\t\t<div class=\"elementor-grid-item\">\n\t\t\t\t\t<a class=\"elementor-icon elementor-social-icon elementor-social-icon-instagram elementor-repeater-item-5876c08\" href=\"https:\/\/www.instagram.com\/destekotomasyon\/\" target=\"_blank\">\n\t\t\t\t\t\t<span class=\"elementor-screen-only\">Instagram<\/span>\n\t\t\t\t\t\t<i class=\"fab fa-instagram\"><\/i>\t\t\t\t\t<\/a>\n\t\t\t\t<\/div>\n\t\t\t\t\t<\/div>\n\t\t\t\t<\/div>\n\t\t\t\t<\/div>\n\t\t\t\t\t\t<\/div>\n\t\t\t\t\t<\/div>\n\t\t<\/div>\n\t\t\t\t\t\t\t\t<\/div>\n\t\t\t\t\t<\/div>\n\t\t<\/section>\n\t\t\t\t\t\t<\/div>\n\t\t\t\t\t\t<\/div>\n\t\t\t\t\t<\/div>\n\t\t","protected":false},"excerpt":{"rendered":"<p class=\"qua-blog-post-description\">Destek Otomasyon, sekt\u00f6rel varolu\u015funu tamamlayan her \u015firket gibi b\u00fcy\u00fck, fark yaratan ve s\u00fcrekli geli\u015fmeyi hedefleyen bir vizyona sahiptir. B\u00fcy\u00fcyen, fark yaratan, yenilik\u00e7i ve s\u00fcrd\u00fcr\u00fclebilir ad\u0131mlarla geli\u015fen, \u00fcreten ve yar\u0131n\u0131 haz\u0131rlayan, en k\u00fc\u00e7\u00fc\u011f\u00fcnden en b\u00fcy\u00fc\u011f\u00fcne t\u00fcm \u00fcretim mekanizmalar\u0131n\u0131n destek\u00e7isi olmak, Destek Otomasyonun i\u00e7selle\u015ftirdi\u011fi temeli olu\u015fturmaktad\u0131r. Bu d\u00fc\u015f\u00fcnce ile kazan\u0131lan \u00e7al\u0131\u015fma ruhu ile Destek Otomasyon, her yeni [&hellip;]<\/p>\n","protected":false},"author":1,"featured_media":0,"parent":0,"menu_order":0,"comment_status":"closed","ping_status":"closed","template":"","meta":[],"yoast_head":"<!-- This site is optimized with the Yoast SEO plugin v18.4.1 - https:\/\/yoast.com\/wordpress\/plugins\/seo\/ -->\n<title>Vizyon &ndash; Destek Otomasyon<\/title>\n<meta name=\"robots\" content=\"index, follow, max-snippet:-1, max-image-preview:large, max-video-preview:-1\" \/>\n<link rel=\"canonical\" href=\"http:\/\/www.destekotomasyon.com\/index.php\/vizyon\/\" \/>\n<meta property=\"og:locale\" content=\"tr_TR\" \/>\n<meta property=\"og:type\" content=\"article\" \/>\n<meta property=\"og:title\" content=\"Vizyon &ndash; Destek Otomasyon\" \/>\n<meta property=\"og:description\" content=\"Destek Otomasyon, sekt\u00f6rel varolu\u015funu tamamlayan her \u015firket gibi b\u00fcy\u00fck, fark yaratan ve s\u00fcrekli geli\u015fmeyi hedefleyen bir vizyona sahiptir. B\u00fcy\u00fcyen, fark yaratan, yenilik\u00e7i ve s\u00fcrd\u00fcr\u00fclebilir ad\u0131mlarla geli\u015fen, \u00fcreten ve yar\u0131n\u0131 haz\u0131rlayan, en k\u00fc\u00e7\u00fc\u011f\u00fcnden en b\u00fcy\u00fc\u011f\u00fcne t\u00fcm \u00fcretim mekanizmalar\u0131n\u0131n destek\u00e7isi olmak, Destek Otomasyonun i\u00e7selle\u015ftirdi\u011fi temeli olu\u015fturmaktad\u0131r. Bu d\u00fc\u015f\u00fcnce ile kazan\u0131lan \u00e7al\u0131\u015fma ruhu ile Destek Otomasyon, her yeni [&hellip;]\" \/>\n<meta property=\"og:url\" content=\"http:\/\/www.destekotomasyon.com\/index.php\/vizyon\/\" \/>\n<meta property=\"og:site_name\" content=\"Destek Otomasyon\" \/>\n<meta property=\"article:publisher\" content=\"https:\/\/www.facebook.com\/destekotomasyon\/?fref=ts\" \/>\n<meta property=\"article:modified_time\" content=\"2021-03-31T10:31:44+00:00\" \/>\n<meta property=\"og:image\" content=\"http:\/\/www.destekotomasyon.com\/wp-content\/uploads\/2021\/03\/Adsiz-tasarim-49.png\" \/>\n<meta name=\"twitter:card\" content=\"summary_large_image\" \/>\n<meta name=\"twitter:label1\" content=\"Tahmini okuma s\u00fcresi\" \/>\n\t<meta name=\"twitter:data1\" content=\"1 dakika\" \/>\n<script type=\"application\/ld+json\" class=\"yoast-schema-graph\">{\"@context\":\"https:\/\/schema.org\",\"@graph\":[{\"@type\":\"Organization\",\"@id\":\"http:\/\/www.destekotomasyon.com\/#organization\",\"name\":\"Destek Otomasyon\",\"url\":\"http:\/\/www.destekotomasyon.com\/\",\"sameAs\":[\"https:\/\/www.facebook.com\/destekotomasyon\/?fref=ts\",\"https:\/\/www.instagram.com\/destekotomasyon\/\",\"https:\/\/www.linkedin.com\/company\/destek-otomasyon\",\"https:\/\/www.youtube.com\/channel\/UC-1U6Za9o0FAfcesell1n0A\"],\"logo\":{\"@type\":\"ImageObject\",\"@id\":\"http:\/\/www.destekotomasyon.com\/#logo\",\"inLanguage\":\"tr\",\"url\":\"http:\/\/www.destekotomasyon.com\/wp-content\/uploads\/2020\/09\/cropped-Adsiz-tasarim-2.png\",\"contentUrl\":\"http:\/\/www.destekotomasyon.com\/wp-content\/uploads\/2020\/09\/cropped-Adsiz-tasarim-2.png\",\"width\":153,\"height\":123,\"caption\":\"Destek Otomasyon\"},\"image\":{\"@id\":\"http:\/\/www.destekotomasyon.com\/#logo\"}},{\"@type\":\"WebSite\",\"@id\":\"http:\/\/www.destekotomasyon.com\/#website\",\"url\":\"http:\/\/www.destekotomasyon.com\/\",\"name\":\"Destek Otomasyon\",\"description\":\"Destek Otomasyon Enerji Elektronik Makina San. ve Tic. Ltd. \u015eti.\",\"publisher\":{\"@id\":\"http:\/\/www.destekotomasyon.com\/#organization\"},\"potentialAction\":[{\"@type\":\"SearchAction\",\"target\":{\"@type\":\"EntryPoint\",\"urlTemplate\":\"http:\/\/www.destekotomasyon.com\/?s={search_term_string}\"},\"query-input\":\"required name=search_term_string\"}],\"inLanguage\":\"tr\"},{\"@type\":\"ImageObject\",\"@id\":\"http:\/\/www.destekotomasyon.com\/index.php\/vizyon\/#primaryimage\",\"inLanguage\":\"tr\",\"url\":\"http:\/\/www.destekotomasyon.com\/wp-content\/uploads\/2021\/03\/Adsiz-tasarim-49.png\",\"contentUrl\":\"http:\/\/www.destekotomasyon.com\/wp-content\/uploads\/2021\/03\/Adsiz-tasarim-49.png\",\"width\":768,\"height\":370},{\"@type\":\"WebPage\",\"@id\":\"http:\/\/www.destekotomasyon.com\/index.php\/vizyon\/#webpage\",\"url\":\"http:\/\/www.destekotomasyon.com\/index.php\/vizyon\/\",\"name\":\"Vizyon &ndash; Destek Otomasyon\",\"isPartOf\":{\"@id\":\"http:\/\/www.destekotomasyon.com\/#website\"},\"primaryImageOfPage\":{\"@id\":\"http:\/\/www.destekotomasyon.com\/index.php\/vizyon\/#primaryimage\"},\"datePublished\":\"2020-10-02T15:19:31+00:00\",\"dateModified\":\"2021-03-31T10:31:44+00:00\",\"breadcrumb\":{\"@id\":\"http:\/\/www.destekotomasyon.com\/index.php\/vizyon\/#breadcrumb\"},\"inLanguage\":\"tr\",\"potentialAction\":[{\"@type\":\"ReadAction\",\"target\":[\"http:\/\/www.destekotomasyon.com\/index.php\/vizyon\/\"]}]},{\"@type\":\"BreadcrumbList\",\"@id\":\"http:\/\/www.destekotomasyon.com\/index.php\/vizyon\/#breadcrumb\",\"itemListElement\":[{\"@type\":\"ListItem\",\"position\":1,\"name\":\"Ana sayfa\",\"item\":\"http:\/\/www.destekotomasyon.com\/\"},{\"@type\":\"ListItem\",\"position\":2,\"name\":\"Vizyon\"}]}]}<\/script>\n<!-- \/ Yoast SEO plugin. -->","yoast_head_json":{"title":"Vizyon &ndash; Destek Otomasyon","robots":{"index":"index","follow":"follow","max-snippet":"max-snippet:-1","max-image-preview":"max-image-preview:large","max-video-preview":"max-video-preview:-1"},"canonical":"http:\/\/www.destekotomasyon.com\/index.php\/vizyon\/","og_locale":"tr_TR","og_type":"article","og_title":"Vizyon &ndash; Destek Otomasyon","og_description":"Destek Otomasyon, sekt\u00f6rel varolu\u015funu tamamlayan her \u015firket gibi b\u00fcy\u00fck, fark yaratan ve s\u00fcrekli geli\u015fmeyi hedefleyen bir vizyona sahiptir. B\u00fcy\u00fcyen, fark yaratan, yenilik\u00e7i ve s\u00fcrd\u00fcr\u00fclebilir ad\u0131mlarla geli\u015fen, \u00fcreten ve yar\u0131n\u0131 haz\u0131rlayan, en k\u00fc\u00e7\u00fc\u011f\u00fcnden en b\u00fcy\u00fc\u011f\u00fcne t\u00fcm \u00fcretim mekanizmalar\u0131n\u0131n destek\u00e7isi olmak, Destek Otomasyonun i\u00e7selle\u015ftirdi\u011fi temeli olu\u015fturmaktad\u0131r. Bu d\u00fc\u015f\u00fcnce ile kazan\u0131lan \u00e7al\u0131\u015fma ruhu ile Destek Otomasyon, her yeni [&hellip;]","og_url":"http:\/\/www.destekotomasyon.com\/index.php\/vizyon\/","og_site_name":"Destek Otomasyon","article_publisher":"https:\/\/www.facebook.com\/destekotomasyon\/?fref=ts","article_modified_time":"2021-03-31T10:31:44+00:00","og_image":[{"url":"http:\/\/www.destekotomasyon.com\/wp-content\/uploads\/2021\/03\/Adsiz-tasarim-49.png"}],"twitter_card":"summary_large_image","twitter_misc":{"Tahmini okuma s\u00fcresi":"1 dakika"},"schema":{"@context":"https:\/\/schema.org","@graph":[{"@type":"Organization","@id":"http:\/\/www.destekotomasyon.com\/#organization","name":"Destek Otomasyon","url":"http:\/\/www.destekotomasyon.com\/","sameAs":["https:\/\/www.facebook.com\/destekotomasyon\/?fref=ts","https:\/\/www.instagram.com\/destekotomasyon\/","https:\/\/www.linkedin.com\/company\/destek-otomasyon","https:\/\/www.youtube.com\/channel\/UC-1U6Za9o0FAfcesell1n0A"],"logo":{"@type":"ImageObject","@id":"http:\/\/www.destekotomasyon.com\/#logo","inLanguage":"tr","url":"http:\/\/www.destekotomasyon.com\/wp-content\/uploads\/2020\/09\/cropped-Adsiz-tasarim-2.png","contentUrl":"http:\/\/www.destekotomasyon.com\/wp-content\/uploads\/2020\/09\/cropped-Adsiz-tasarim-2.png","width":153,"height":123,"caption":"Destek Otomasyon"},"image":{"@id":"http:\/\/www.destekotomasyon.com\/#logo"}},{"@type":"WebSite","@id":"http:\/\/www.destekotomasyon.com\/#website","url":"http:\/\/www.destekotomasyon.com\/","name":"Destek Otomasyon","description":"Destek Otomasyon Enerji Elektronik Makina San. ve Tic. Ltd. \u015eti.","publisher":{"@id":"http:\/\/www.destekotomasyon.com\/#organization"},"potentialAction":[{"@type":"SearchAction","target":{"@type":"EntryPoint","urlTemplate":"http:\/\/www.destekotomasyon.com\/?s={search_term_string}"},"query-input":"required name=search_term_string"}],"inLanguage":"tr"},{"@type":"ImageObject","@id":"http:\/\/www.destekotomasyon.com\/index.php\/vizyon\/#primaryimage","inLanguage":"tr","url":"http:\/\/www.destekotomasyon.com\/wp-content\/uploads\/2021\/03\/Adsiz-tasarim-49.png","contentUrl":"http:\/\/www.destekotomasyon.com\/wp-content\/uploads\/2021\/03\/Adsiz-tasarim-49.png","width":768,"height":370},{"@type":"WebPage","@id":"http:\/\/www.destekotomasyon.com\/index.php\/vizyon\/#webpage","url":"http:\/\/www.destekotomasyon.com\/index.php\/vizyon\/","name":"Vizyon &ndash; Destek Otomasyon","isPartOf":{"@id":"http:\/\/www.destekotomasyon.com\/#website"},"primaryImageOfPage":{"@id":"http:\/\/www.destekotomasyon.com\/index.php\/vizyon\/#primaryimage"},"datePublished":"2020-10-02T15:19:31+00:00","dateModified":"2021-03-31T10:31:44+00:00","breadcrumb":{"@id":"http:\/\/www.destekotomasyon.com\/index.php\/vizyon\/#breadcrumb"},"inLanguage":"tr","potentialAction":[{"@type":"ReadAction","target":["http:\/\/www.destekotomasyon.com\/index.php\/vizyon\/"]}]},{"@type":"BreadcrumbList","@id":"http:\/\/www.destekotomasyon.com\/index.php\/vizyon\/#breadcrumb","itemListElement":[{"@type":"ListItem","position":1,"name":"Ana sayfa","item":"http:\/\/www.destekotomasyon.com\/"},{"@type":"ListItem","position":2,"name":"Vizyon"}]}]}},"_links":{"self":[{"href":"http:\/\/www.destekotomasyon.com\/index.php\/wp-json\/wp\/v2\/pages\/372"}],"collection":[{"href":"http:\/\/www.destekotomasyon.com\/index.php\/wp-json\/wp\/v2\/pages"}],"about":[{"href":"http:\/\/www.destekotomasyon.com\/index.php\/wp-json\/wp\/v2\/types\/page"}],"author":[{"embeddable":true,"href":"http:\/\/www.destekotomasyon.com\/index.php\/wp-json\/wp\/v2\/users\/1"}],"replies":[{"embeddable":true,"href":"http:\/\/www.destekotomasyon.com\/index.php\/wp-json\/wp\/v2\/comments?post=372"}],"version-history":[{"count":29,"href":"http:\/\/www.destekotomasyon.com\/index.php\/wp-json\/wp\/v2\/pages\/372\/revisions"}],"predecessor-version":[{"id":1556,"href":"http:\/\/www.destekotomasyon.com\/index.php\/wp-json\/wp\/v2\/pages\/372\/revisions\/1556"}],"wp:attachment":[{"href":"http:\/\/www.destekotomasyon.com\/index.php\/wp-json\/wp\/v2\/media?parent=372"}],"curies":[{"name":"wp","href":"https:\/\/api.w.org\/{rel}","templated":true}]}}