{"id":511,"date":"2020-12-02T12:04:54","date_gmt":"2020-12-02T09:04:54","guid":{"rendered":"http:\/\/new.destekotomasyon.com\/destek_new\/?page_id=511"},"modified":"2024-01-29T11:47:25","modified_gmt":"2024-01-29T08:47:25","slug":"isi-geri-kazanim-kontrol-sistemleri","status":"publish","type":"page","link":"http:\/\/www.destekotomasyon.com\/index.php\/isi-geri-kazanim-kontrol-sistemleri\/","title":{"rendered":"Is\u0131 Geri Kazan\u0131m Kontrol Sistemleri"},"content":{"rendered":"\t\t<div data-elementor-type=\"wp-page\" data-elementor-id=\"511\" class=\"elementor elementor-511\" data-elementor-settings=\"[]\">\n\t\t\t\t\t\t<div class=\"elementor-inner\">\n\t\t\t\t\t\t\t<div class=\"elementor-section-wrap\">\n\t\t\t\t\t\t\t<section class=\"elementor-section elementor-top-section elementor-element elementor-element-684a028 elementor-section-boxed elementor-section-height-default elementor-section-height-default\" data-id=\"684a028\" data-element_type=\"section\">\n\t\t\t\t\t\t<div class=\"elementor-container elementor-column-gap-default\">\n\t\t\t\t\t\t\t<div class=\"elementor-row\">\n\t\t\t\t\t<div class=\"elementor-column elementor-col-100 elementor-top-column elementor-element elementor-element-e6d7082\" data-id=\"e6d7082\" data-element_type=\"column\">\n\t\t\t<div class=\"elementor-column-wrap elementor-element-populated\">\n\t\t\t\t\t\t\t<div class=\"elementor-widget-wrap\">\n\t\t\t\t\t\t<div class=\"elementor-element elementor-element-cd73508 elementor-tabs-view-horizontal elementor-widget elementor-widget-tabs\" data-id=\"cd73508\" data-element_type=\"widget\" data-widget_type=\"tabs.default\">\n\t\t\t\t<div class=\"elementor-widget-container\">\n\t\t\t\t\t<div class=\"elementor-tabs\">\n\t\t\t<div class=\"elementor-tabs-wrapper\" role=\"tablist\" >\n\t\t\t\t\t\t\t\t\t<div id=\"elementor-tab-title-2151\" class=\"elementor-tab-title elementor-tab-desktop-title\" aria-selected=\"true\" data-tab=\"1\" role=\"tab\" tabindex=\"0\" aria-controls=\"elementor-tab-content-2151\" aria-expanded=\"false\"><a href=\"\">Destech-HRC Kontrol Kart\u0131<\/a><\/div>\n\t\t\t\t\t\t\t\t\t<div id=\"elementor-tab-title-2152\" class=\"elementor-tab-title elementor-tab-desktop-title\" aria-selected=\"false\" data-tab=\"2\" role=\"tab\" tabindex=\"-1\" aria-controls=\"elementor-tab-content-2152\" aria-expanded=\"false\"><a href=\"\">Destech-HRC Kullan\u0131c\u0131 Panelleri<\/a><\/div>\n\t\t\t\t\t\t\t\t\t<div id=\"elementor-tab-title-2153\" class=\"elementor-tab-title elementor-tab-desktop-title\" aria-selected=\"false\" data-tab=\"3\" role=\"tab\" tabindex=\"-1\" aria-controls=\"elementor-tab-content-2153\" aria-expanded=\"false\"><a href=\"\">Destech-HRC Aksesurlar <\/a><\/div>\n\t\t\t\t\t\t\t<\/div>\n\t\t\t<div class=\"elementor-tabs-content-wrapper\" role=\"tablist\" aria-orientation=\"vertical\">\n\t\t\t\t\t\t\t\t\t<div class=\"elementor-tab-title elementor-tab-mobile-title\" aria-selected=\"true\" data-tab=\"1\" role=\"tab\" tabindex=\"0\" aria-controls=\"elementor-tab-content-2151\" aria-expanded=\"false\">Destech-HRC Kontrol Kart\u0131<\/div>\n\t\t\t\t\t<div id=\"elementor-tab-content-2151\" class=\"elementor-tab-content elementor-clearfix\" data-tab=\"1\" role=\"tabpanel\" aria-labelledby=\"elementor-tab-title-2151\" tabindex=\"0\" hidden=\"false\"><p><a href=\"http:\/\/www.destekotomasyon.com\/index.php\/destek-otomasyon-igk-kontrol-karti\/\"><img loading=\"lazy\" class=\"alignnone size-full wp-image-1880\" src=\"http:\/\/www.destekotomasyon.com\/wp-content\/uploads\/2024\/01\/Paragraf-mtniniz.png\" alt=\"\" width=\"1000\" height=\"300\" srcset=\"http:\/\/www.destekotomasyon.com\/wp-content\/uploads\/2024\/01\/Paragraf-mtniniz.png 1000w, http:\/\/www.destekotomasyon.com\/wp-content\/uploads\/2024\/01\/Paragraf-mtniniz-300x90.png 300w, http:\/\/www.destekotomasyon.com\/wp-content\/uploads\/2024\/01\/Paragraf-mtniniz-768x230.png 768w\" sizes=\"(max-width: 1000px) 100vw, 1000px\" \/><\/a><\/p><\/div>\n\t\t\t\t\t\t\t\t\t<div class=\"elementor-tab-title elementor-tab-mobile-title\" aria-selected=\"false\" data-tab=\"2\" role=\"tab\" tabindex=\"-1\" aria-controls=\"elementor-tab-content-2152\" aria-expanded=\"false\">Destech-HRC Kullan\u0131c\u0131 Panelleri<\/div>\n\t\t\t\t\t<div id=\"elementor-tab-content-2152\" class=\"elementor-tab-content elementor-clearfix\" data-tab=\"2\" role=\"tabpanel\" aria-labelledby=\"elementor-tab-title-2152\" tabindex=\"0\" hidden=\"hidden\"><p><a href=\"http:\/\/www.destekotomasyon.com\/index.php\/destek-otomasyon-kullanici-arayuzleri-kullanici-panelleri\/\"><img loading=\"lazy\" class=\"alignnone size-full wp-image-1881\" src=\"http:\/\/www.destekotomasyon.com\/wp-content\/uploads\/2024\/01\/Adsiz-tasarim.png\" alt=\"\" width=\"1000\" height=\"600\" srcset=\"http:\/\/www.destekotomasyon.com\/wp-content\/uploads\/2024\/01\/Adsiz-tasarim.png 1000w, http:\/\/www.destekotomasyon.com\/wp-content\/uploads\/2024\/01\/Adsiz-tasarim-300x180.png 300w, http:\/\/www.destekotomasyon.com\/wp-content\/uploads\/2024\/01\/Adsiz-tasarim-768x461.png 768w\" sizes=\"(max-width: 1000px) 100vw, 1000px\" \/><\/a><\/p><\/div>\n\t\t\t\t\t\t\t\t\t<div class=\"elementor-tab-title elementor-tab-mobile-title\" aria-selected=\"false\" data-tab=\"3\" role=\"tab\" tabindex=\"-1\" aria-controls=\"elementor-tab-content-2153\" aria-expanded=\"false\">Destech-HRC Aksesurlar <\/div>\n\t\t\t\t\t<div id=\"elementor-tab-content-2153\" class=\"elementor-tab-content elementor-clearfix\" data-tab=\"3\" role=\"tabpanel\" aria-labelledby=\"elementor-tab-title-2153\" tabindex=\"0\" hidden=\"hidden\"><p><a href=\"http:\/\/www.destekotomasyon.com\/index.php\/sensor-grubu-aksesuarlar\/\"><img loading=\"lazy\" class=\"alignnone size-full wp-image-1882\" src=\"http:\/\/www.destekotomasyon.com\/wp-content\/uploads\/2024\/01\/Adsiz-tasarim-1.png\" alt=\"\" width=\"1000\" height=\"400\" srcset=\"http:\/\/www.destekotomasyon.com\/wp-content\/uploads\/2024\/01\/Adsiz-tasarim-1.png 1000w, http:\/\/www.destekotomasyon.com\/wp-content\/uploads\/2024\/01\/Adsiz-tasarim-1-300x120.png 300w, http:\/\/www.destekotomasyon.com\/wp-content\/uploads\/2024\/01\/Adsiz-tasarim-1-768x307.png 768w\" sizes=\"(max-width: 1000px) 100vw, 1000px\" \/><\/a><\/p><\/div>\n\t\t\t\t\t\t\t<\/div>\n\t\t<\/div>\n\t\t\t\t<\/div>\n\t\t\t\t<\/div>\n\t\t\t\t\t\t<\/div>\n\t\t\t\t\t<\/div>\n\t\t<\/div>\n\t\t\t\t\t\t\t\t<\/div>\n\t\t\t\t\t<\/div>\n\t\t<\/section>\n\t\t\t\t\t\t<\/div>\n\t\t\t\t\t\t<\/div>\n\t\t\t\t\t<\/div>\n\t\t","protected":false},"excerpt":{"rendered":"<p class=\"qua-blog-post-description\">Destech-HRC Kontrol Kart\u0131 Destech-HRC Kullan\u0131c\u0131 Panelleri Destech-HRC Aksesurlar Destech-HRC Kontrol Kart\u0131 Destech-HRC Kullan\u0131c\u0131 Panelleri Destech-HRC Aksesurlar<\/p>\n","protected":false},"author":1,"featured_media":0,"parent":0,"menu_order":0,"comment_status":"closed","ping_status":"closed","template":"","meta":[],"yoast_head":"<!-- This site is optimized with the Yoast SEO plugin v18.4.1 - https:\/\/yoast.com\/wordpress\/plugins\/seo\/ -->\n<title>Is\u0131 Geri Kazan\u0131m Kontrol Sistemleri &ndash; Destek Otomasyon<\/title>\n<meta name=\"description\" content=\"Is\u0131 Geri Kazan\u0131m Cihazlar\u0131 ise temelde i\u00e7 ortamdan bir miktar havan\u0131n egzoz edilmesini ve d\u0131\u015f ortamdan taze hava al\u0131nmas\u0131n\u0131 sa\u011flayan bir...\" \/>\n<meta name=\"robots\" content=\"index, follow, max-snippet:-1, max-image-preview:large, max-video-preview:-1\" \/>\n<link rel=\"canonical\" href=\"http:\/\/www.destekotomasyon.com\/index.php\/isi-geri-kazanim-kontrol-sistemleri\/\" \/>\n<meta property=\"og:locale\" content=\"tr_TR\" \/>\n<meta property=\"og:type\" content=\"article\" \/>\n<meta property=\"og:title\" content=\"Is\u0131 Geri Kazan\u0131m Kontrol Sistemleri &ndash; Destek Otomasyon\" \/>\n<meta property=\"og:description\" content=\"Is\u0131 Geri Kazan\u0131m Cihazlar\u0131 ise temelde i\u00e7 ortamdan bir miktar havan\u0131n egzoz edilmesini ve d\u0131\u015f ortamdan taze hava al\u0131nmas\u0131n\u0131 sa\u011flayan bir...\" \/>\n<meta property=\"og:url\" content=\"http:\/\/www.destekotomasyon.com\/index.php\/isi-geri-kazanim-kontrol-sistemleri\/\" \/>\n<meta property=\"og:site_name\" content=\"Destek Otomasyon\" \/>\n<meta property=\"article:publisher\" content=\"https:\/\/www.facebook.com\/destekotomasyon\/?fref=ts\" \/>\n<meta property=\"article:modified_time\" content=\"2024-01-29T08:47:25+00:00\" \/>\n<meta property=\"og:image\" content=\"http:\/\/www.destekotomasyon.com\/wp-content\/uploads\/2024\/01\/Paragraf-mtniniz.png\" \/>\n<meta name=\"twitter:card\" content=\"summary_large_image\" \/>\n<meta name=\"twitter:label1\" content=\"Tahmini okuma s\u00fcresi\" \/>\n\t<meta name=\"twitter:data1\" content=\"1 dakika\" \/>\n<script type=\"application\/ld+json\" class=\"yoast-schema-graph\">{\"@context\":\"https:\/\/schema.org\",\"@graph\":[{\"@type\":\"Organization\",\"@id\":\"http:\/\/www.destekotomasyon.com\/#organization\",\"name\":\"Destek Otomasyon\",\"url\":\"http:\/\/www.destekotomasyon.com\/\",\"sameAs\":[\"https:\/\/www.facebook.com\/destekotomasyon\/?fref=ts\",\"https:\/\/www.instagram.com\/destekotomasyon\/\",\"https:\/\/www.linkedin.com\/company\/destek-otomasyon\",\"https:\/\/www.youtube.com\/channel\/UC-1U6Za9o0FAfcesell1n0A\"],\"logo\":{\"@type\":\"ImageObject\",\"@id\":\"http:\/\/www.destekotomasyon.com\/#logo\",\"inLanguage\":\"tr\",\"url\":\"http:\/\/www.destekotomasyon.com\/wp-content\/uploads\/2020\/09\/cropped-Adsiz-tasarim-2.png\",\"contentUrl\":\"http:\/\/www.destekotomasyon.com\/wp-content\/uploads\/2020\/09\/cropped-Adsiz-tasarim-2.png\",\"width\":153,\"height\":123,\"caption\":\"Destek Otomasyon\"},\"image\":{\"@id\":\"http:\/\/www.destekotomasyon.com\/#logo\"}},{\"@type\":\"WebSite\",\"@id\":\"http:\/\/www.destekotomasyon.com\/#website\",\"url\":\"http:\/\/www.destekotomasyon.com\/\",\"name\":\"Destek Otomasyon\",\"description\":\"Destek Otomasyon Enerji Elektronik Makina San. ve Tic. Ltd. \u015eti.\",\"publisher\":{\"@id\":\"http:\/\/www.destekotomasyon.com\/#organization\"},\"potentialAction\":[{\"@type\":\"SearchAction\",\"target\":{\"@type\":\"EntryPoint\",\"urlTemplate\":\"http:\/\/www.destekotomasyon.com\/?s={search_term_string}\"},\"query-input\":\"required name=search_term_string\"}],\"inLanguage\":\"tr\"},{\"@type\":\"ImageObject\",\"@id\":\"http:\/\/www.destekotomasyon.com\/index.php\/isi-geri-kazanim-kontrol-sistemleri\/#primaryimage\",\"inLanguage\":\"tr\",\"url\":\"http:\/\/www.destekotomasyon.com\/wp-content\/uploads\/2024\/01\/Paragraf-mtniniz.png\",\"contentUrl\":\"http:\/\/www.destekotomasyon.com\/wp-content\/uploads\/2024\/01\/Paragraf-mtniniz.png\",\"width\":1000,\"height\":300},{\"@type\":\"WebPage\",\"@id\":\"http:\/\/www.destekotomasyon.com\/index.php\/isi-geri-kazanim-kontrol-sistemleri\/#webpage\",\"url\":\"http:\/\/www.destekotomasyon.com\/index.php\/isi-geri-kazanim-kontrol-sistemleri\/\",\"name\":\"Is\u0131 Geri Kazan\u0131m Kontrol Sistemleri &ndash; Destek Otomasyon\",\"isPartOf\":{\"@id\":\"http:\/\/www.destekotomasyon.com\/#website\"},\"primaryImageOfPage\":{\"@id\":\"http:\/\/www.destekotomasyon.com\/index.php\/isi-geri-kazanim-kontrol-sistemleri\/#primaryimage\"},\"datePublished\":\"2020-12-02T09:04:54+00:00\",\"dateModified\":\"2024-01-29T08:47:25+00:00\",\"description\":\"Is\u0131 Geri Kazan\u0131m Cihazlar\u0131 ise temelde i\u00e7 ortamdan bir miktar havan\u0131n egzoz edilmesini ve d\u0131\u015f ortamdan taze hava al\u0131nmas\u0131n\u0131 sa\u011flayan bir...\",\"breadcrumb\":{\"@id\":\"http:\/\/www.destekotomasyon.com\/index.php\/isi-geri-kazanim-kontrol-sistemleri\/#breadcrumb\"},\"inLanguage\":\"tr\",\"potentialAction\":[{\"@type\":\"ReadAction\",\"target\":[\"http:\/\/www.destekotomasyon.com\/index.php\/isi-geri-kazanim-kontrol-sistemleri\/\"]}]},{\"@type\":\"BreadcrumbList\",\"@id\":\"http:\/\/www.destekotomasyon.com\/index.php\/isi-geri-kazanim-kontrol-sistemleri\/#breadcrumb\",\"itemListElement\":[{\"@type\":\"ListItem\",\"position\":1,\"name\":\"Ana sayfa\",\"item\":\"http:\/\/www.destekotomasyon.com\/\"},{\"@type\":\"ListItem\",\"position\":2,\"name\":\"Is\u0131 Geri Kazan\u0131m Kontrol Sistemleri\"}]}]}<\/script>\n<!-- \/ Yoast SEO plugin. -->","yoast_head_json":{"title":"Is\u0131 Geri Kazan\u0131m Kontrol Sistemleri &ndash; Destek Otomasyon","description":"Is\u0131 Geri Kazan\u0131m Cihazlar\u0131 ise temelde i\u00e7 ortamdan bir miktar havan\u0131n egzoz edilmesini ve d\u0131\u015f ortamdan taze hava al\u0131nmas\u0131n\u0131 sa\u011flayan bir...","robots":{"index":"index","follow":"follow","max-snippet":"max-snippet:-1","max-image-preview":"max-image-preview:large","max-video-preview":"max-video-preview:-1"},"canonical":"http:\/\/www.destekotomasyon.com\/index.php\/isi-geri-kazanim-kontrol-sistemleri\/","og_locale":"tr_TR","og_type":"article","og_title":"Is\u0131 Geri Kazan\u0131m Kontrol Sistemleri &ndash; Destek Otomasyon","og_description":"Is\u0131 Geri Kazan\u0131m Cihazlar\u0131 ise temelde i\u00e7 ortamdan bir miktar havan\u0131n egzoz edilmesini ve d\u0131\u015f ortamdan taze hava al\u0131nmas\u0131n\u0131 sa\u011flayan bir...","og_url":"http:\/\/www.destekotomasyon.com\/index.php\/isi-geri-kazanim-kontrol-sistemleri\/","og_site_name":"Destek Otomasyon","article_publisher":"https:\/\/www.facebook.com\/destekotomasyon\/?fref=ts","article_modified_time":"2024-01-29T08:47:25+00:00","og_image":[{"url":"http:\/\/www.destekotomasyon.com\/wp-content\/uploads\/2024\/01\/Paragraf-mtniniz.png"}],"twitter_card":"summary_large_image","twitter_misc":{"Tahmini okuma s\u00fcresi":"1 dakika"},"schema":{"@context":"https:\/\/schema.org","@graph":[{"@type":"Organization","@id":"http:\/\/www.destekotomasyon.com\/#organization","name":"Destek Otomasyon","url":"http:\/\/www.destekotomasyon.com\/","sameAs":["https:\/\/www.facebook.com\/destekotomasyon\/?fref=ts","https:\/\/www.instagram.com\/destekotomasyon\/","https:\/\/www.linkedin.com\/company\/destek-otomasyon","https:\/\/www.youtube.com\/channel\/UC-1U6Za9o0FAfcesell1n0A"],"logo":{"@type":"ImageObject","@id":"http:\/\/www.destekotomasyon.com\/#logo","inLanguage":"tr","url":"http:\/\/www.destekotomasyon.com\/wp-content\/uploads\/2020\/09\/cropped-Adsiz-tasarim-2.png","contentUrl":"http:\/\/www.destekotomasyon.com\/wp-content\/uploads\/2020\/09\/cropped-Adsiz-tasarim-2.png","width":153,"height":123,"caption":"Destek Otomasyon"},"image":{"@id":"http:\/\/www.destekotomasyon.com\/#logo"}},{"@type":"WebSite","@id":"http:\/\/www.destekotomasyon.com\/#website","url":"http:\/\/www.destekotomasyon.com\/","name":"Destek Otomasyon","description":"Destek Otomasyon Enerji Elektronik Makina San. ve Tic. Ltd. \u015eti.","publisher":{"@id":"http:\/\/www.destekotomasyon.com\/#organization"},"potentialAction":[{"@type":"SearchAction","target":{"@type":"EntryPoint","urlTemplate":"http:\/\/www.destekotomasyon.com\/?s={search_term_string}"},"query-input":"required name=search_term_string"}],"inLanguage":"tr"},{"@type":"ImageObject","@id":"http:\/\/www.destekotomasyon.com\/index.php\/isi-geri-kazanim-kontrol-sistemleri\/#primaryimage","inLanguage":"tr","url":"http:\/\/www.destekotomasyon.com\/wp-content\/uploads\/2024\/01\/Paragraf-mtniniz.png","contentUrl":"http:\/\/www.destekotomasyon.com\/wp-content\/uploads\/2024\/01\/Paragraf-mtniniz.png","width":1000,"height":300},{"@type":"WebPage","@id":"http:\/\/www.destekotomasyon.com\/index.php\/isi-geri-kazanim-kontrol-sistemleri\/#webpage","url":"http:\/\/www.destekotomasyon.com\/index.php\/isi-geri-kazanim-kontrol-sistemleri\/","name":"Is\u0131 Geri Kazan\u0131m Kontrol Sistemleri &ndash; Destek Otomasyon","isPartOf":{"@id":"http:\/\/www.destekotomasyon.com\/#website"},"primaryImageOfPage":{"@id":"http:\/\/www.destekotomasyon.com\/index.php\/isi-geri-kazanim-kontrol-sistemleri\/#primaryimage"},"datePublished":"2020-12-02T09:04:54+00:00","dateModified":"2024-01-29T08:47:25+00:00","description":"Is\u0131 Geri Kazan\u0131m Cihazlar\u0131 ise temelde i\u00e7 ortamdan bir miktar havan\u0131n egzoz edilmesini ve d\u0131\u015f ortamdan taze hava al\u0131nmas\u0131n\u0131 sa\u011flayan bir...","breadcrumb":{"@id":"http:\/\/www.destekotomasyon.com\/index.php\/isi-geri-kazanim-kontrol-sistemleri\/#breadcrumb"},"inLanguage":"tr","potentialAction":[{"@type":"ReadAction","target":["http:\/\/www.destekotomasyon.com\/index.php\/isi-geri-kazanim-kontrol-sistemleri\/"]}]},{"@type":"BreadcrumbList","@id":"http:\/\/www.destekotomasyon.com\/index.php\/isi-geri-kazanim-kontrol-sistemleri\/#breadcrumb","itemListElement":[{"@type":"ListItem","position":1,"name":"Ana sayfa","item":"http:\/\/www.destekotomasyon.com\/"},{"@type":"ListItem","position":2,"name":"Is\u0131 Geri Kazan\u0131m Kontrol Sistemleri"}]}]}},"_links":{"self":[{"href":"http:\/\/www.destekotomasyon.com\/index.php\/wp-json\/wp\/v2\/pages\/511"}],"collection":[{"href":"http:\/\/www.destekotomasyon.com\/index.php\/wp-json\/wp\/v2\/pages"}],"about":[{"href":"http:\/\/www.destekotomasyon.com\/index.php\/wp-json\/wp\/v2\/types\/page"}],"author":[{"embeddable":true,"href":"http:\/\/www.destekotomasyon.com\/index.php\/wp-json\/wp\/v2\/users\/1"}],"replies":[{"embeddable":true,"href":"http:\/\/www.destekotomasyon.com\/index.php\/wp-json\/wp\/v2\/comments?post=511"}],"version-history":[{"count":71,"href":"http:\/\/www.destekotomasyon.com\/index.php\/wp-json\/wp\/v2\/pages\/511\/revisions"}],"predecessor-version":[{"id":1891,"href":"http:\/\/www.destekotomasyon.com\/index.php\/wp-json\/wp\/v2\/pages\/511\/revisions\/1891"}],"wp:attachment":[{"href":"http:\/\/www.destekotomasyon.com\/index.php\/wp-json\/wp\/v2\/media?parent=511"}],"curies":[{"name":"wp","href":"https:\/\/api.w.org\/{rel}","templated":true}]}}