{"id":520,"date":"2020-12-02T12:06:26","date_gmt":"2020-12-02T09:06:26","guid":{"rendered":"http:\/\/new.destekotomasyon.com\/destek_new\/?page_id=520"},"modified":"2024-01-29T12:20:49","modified_gmt":"2024-01-29T09:20:49","slug":"yalin-kullanici-paneli","status":"publish","type":"page","link":"http:\/\/www.destekotomasyon.com\/index.php\/yalin-kullanici-paneli\/","title":{"rendered":"Destech-HRC Yal\u0131n Kullan\u0131c\u0131 Paneli"},"content":{"rendered":"\n<div class=\"wp-block-columns\">\n<div class=\"wp-block-column\">\n<div class=\"wp-block-group\"><div class=\"wp-block-group__inner-container\">\n<div class=\"wp-block-group\"><div class=\"wp-block-group__inner-container\">\n<figure class=\"wp-block-image size-large\"><img src=\"http:\/\/www.destechhrc.com\/wp-content\/uploads\/2023\/11\/dhrc_basic-1024x576.png\" alt=\"\" class=\"wp-image-1035\"\/><\/figure>\n<\/div><\/div>\n<\/div><\/div>\n<\/div>\n\n\n\n<div class=\"wp-block-column\">\n<p class=\"has-startupzy-secondary-color has-text-color has-normal-font-size\">Yal\u0131n Panel, cihaz \u00fczerindeki butonlar vas\u0131tas\u0131yla kontrol edilebilen, \u00fczerinde bulunan LED \u0131\u015f\u0131klar ile kullan\u0131c\u0131y\u0131 bilgilendirebilen yal\u0131n bir paneldir.<\/p>\n\n\n\n<p class=\"has-startupzy-secondary-color has-text-color has-normal-font-size\">Opsiyonel olarak sunulan hava kalitesi sens\u00f6r\u00fc modunun devreye al\u0131nmas\u0131 yal\u0131n panel ile yap\u0131labilmektedir.<\/p>\n\n\n\n<p class=\"has-startupzy-secondary-color has-text-color has-normal-font-size\">Yal\u0131n Panel ile cihaz 3 adet a\u00e7ma\/kapama butonu, fan h\u0131z seviyesi ve kullan\u0131c\u0131 ayarlar\u0131 ile kontrol edilebilmektedir. Panel \u00fczerinde fan h\u0131z\u0131n\u0131 g\u00f6steren 3 adet mavi LED ve 1 adet k\u0131rm\u0131z\u0131 uyar\u0131 ledi bulunmaktad\u0131r.<\/p>\n\n\n\n<p><\/p>\n<\/div>\n<\/div>\n\n\n\n<p class=\"has-startupzy-secondary-color has-text-color has-normal-font-size\">Panel \u00fczerinde bulunan uyar\u0131 LED&#8217;i sayesinde yang\u0131n senaryosu ve ar\u0131za durumunda kullan\u0131c\u0131ya bilgi verebilmektedir.<\/p>\n\n\n\n<p class=\"has-text-align-center has-startupzy-secondary-color has-text-color has-normal-font-size\"><strong>\u00d6zellikler:<\/strong><\/p>\n\n\n\n<figure class=\"wp-block-table\"><table><tbody><tr><td><strong>Ekran<\/strong><\/td><td>Hay\u0131r<\/td><\/tr><tr><td><strong>Dokunmatik<\/strong><\/td><td>Hay\u0131r<\/td><\/tr><tr><td><strong>LED<\/strong><\/td><td>4 <\/td><\/tr><tr><td><strong>Buton<\/strong><\/td><td>3 <\/td><\/tr><tr><td><strong>Haberle\u015fme Protokol\u00fc<\/strong><\/td><td>ModBUS<\/td><\/tr><tr><td><strong>Boyut<\/strong><\/td><td>&nbsp;90.70\u00d765.00\u00d714.40 mm<\/td><\/tr><tr><td><strong>Dahili Sens\u00f6r<\/strong><\/td><td>Hay\u0131r<\/td><\/tr><tr><td><strong>Zamanlay\u0131c\u0131<\/strong><\/td><td>Hay\u0131r<\/td><\/tr><tr><td><strong>Connection Cable<\/strong><\/td><td>5 metre<\/td><\/tr><tr><td><strong>Mobil Uygulama<\/strong><\/td><td>Hay\u0131r<\/td><\/tr><\/tbody><\/table><\/figure>\n\n\n\n<p class=\"has-startupzy-secondary-color has-text-color has-normal-font-size\"><strong><strong>Kutu i\u00e7eri\u011fi:<\/strong>\u00a0<\/strong>Destech HRC Yal\u0131n Kullan\u0131c\u0131 Paneli, ba\u011flant\u0131 kablosu ve montaj malzemeleri<\/p>\n\n\n\n<div class=\"wp-block-group\"><div class=\"wp-block-group__inner-container\">\n<div class=\"wp-block-columns\">\n<div class=\"wp-block-column\" style=\"flex-basis:66.66%\">\n<figure class=\"wp-block-image size-full is-resized\"><img loading=\"lazy\" src=\"http:\/\/www.destechhrc.com\/wp-content\/uploads\/2023\/10\/image-2.png\" alt=\"\" class=\"wp-image-792\" width=\"460\" height=\"657\"\/><\/figure>\n<\/div>\n\n\n\n<div class=\"wp-block-column\" style=\"flex-basis:33.33%\">\n<figure class=\"wp-block-image size-full is-resized\"><img loading=\"lazy\" src=\"http:\/\/www.destechhrc.com\/wp-content\/uploads\/2022\/06\/Ekran-goruntusu-2022-06-23-145048.png\" alt=\"\" class=\"wp-image-387\" width=\"423\" height=\"344\"\/><\/figure>\n<\/div>\n<\/div>\n<\/div><\/div>\n","protected":false},"excerpt":{"rendered":"<p class=\"qua-blog-post-description\">Yal\u0131n Panel, cihaz \u00fczerindeki butonlar vas\u0131tas\u0131yla kontrol edilebilen, \u00fczerinde bulunan LED \u0131\u015f\u0131klar ile kullan\u0131c\u0131y\u0131 bilgilendirebilen yal\u0131n bir paneldir. Opsiyonel olarak sunulan hava kalitesi sens\u00f6r\u00fc modunun devreye al\u0131nmas\u0131 yal\u0131n panel ile yap\u0131labilmektedir. Yal\u0131n Panel ile cihaz 3 adet a\u00e7ma\/kapama butonu, fan h\u0131z seviyesi ve kullan\u0131c\u0131 ayarlar\u0131 ile kontrol edilebilmektedir. Panel \u00fczerinde fan h\u0131z\u0131n\u0131 g\u00f6steren 3 adet [&hellip;]<\/p>\n","protected":false},"author":1,"featured_media":0,"parent":0,"menu_order":0,"comment_status":"closed","ping_status":"closed","template":"","meta":[],"yoast_head":"<!-- This site is optimized with the Yoast SEO plugin v18.4.1 - https:\/\/yoast.com\/wordpress\/plugins\/seo\/ -->\n<title>Destech-HRC Yal\u0131n Kullan\u0131c\u0131 Paneli &ndash; Destek Otomasyon<\/title>\n<meta name=\"robots\" content=\"index, follow, max-snippet:-1, max-image-preview:large, max-video-preview:-1\" \/>\n<link rel=\"canonical\" href=\"http:\/\/www.destekotomasyon.com\/index.php\/yalin-kullanici-paneli\/\" \/>\n<meta property=\"og:locale\" content=\"tr_TR\" \/>\n<meta property=\"og:type\" content=\"article\" \/>\n<meta property=\"og:title\" content=\"Destech-HRC Yal\u0131n Kullan\u0131c\u0131 Paneli &ndash; Destek Otomasyon\" \/>\n<meta property=\"og:description\" content=\"Yal\u0131n Panel, cihaz \u00fczerindeki butonlar vas\u0131tas\u0131yla kontrol edilebilen, \u00fczerinde bulunan LED \u0131\u015f\u0131klar ile kullan\u0131c\u0131y\u0131 bilgilendirebilen yal\u0131n bir paneldir. Opsiyonel olarak sunulan hava kalitesi sens\u00f6r\u00fc modunun devreye al\u0131nmas\u0131 yal\u0131n panel ile yap\u0131labilmektedir. Yal\u0131n Panel ile cihaz 3 adet a\u00e7ma\/kapama butonu, fan h\u0131z seviyesi ve kullan\u0131c\u0131 ayarlar\u0131 ile kontrol edilebilmektedir. Panel \u00fczerinde fan h\u0131z\u0131n\u0131 g\u00f6steren 3 adet [&hellip;]\" \/>\n<meta property=\"og:url\" content=\"http:\/\/www.destekotomasyon.com\/index.php\/yalin-kullanici-paneli\/\" \/>\n<meta property=\"og:site_name\" content=\"Destek Otomasyon\" \/>\n<meta property=\"article:publisher\" content=\"https:\/\/www.facebook.com\/destekotomasyon\/?fref=ts\" \/>\n<meta property=\"article:modified_time\" content=\"2024-01-29T09:20:49+00:00\" \/>\n<meta property=\"og:image\" content=\"http:\/\/www.destechhrc.com\/wp-content\/uploads\/2023\/11\/dhrc_basic-1024x576.png\" \/>\n<meta name=\"twitter:card\" content=\"summary_large_image\" \/>\n<meta name=\"twitter:label1\" content=\"Tahmini okuma s\u00fcresi\" \/>\n\t<meta name=\"twitter:data1\" content=\"2 dakika\" \/>\n<script type=\"application\/ld+json\" class=\"yoast-schema-graph\">{\"@context\":\"https:\/\/schema.org\",\"@graph\":[{\"@type\":\"Organization\",\"@id\":\"http:\/\/www.destekotomasyon.com\/#organization\",\"name\":\"Destek Otomasyon\",\"url\":\"http:\/\/www.destekotomasyon.com\/\",\"sameAs\":[\"https:\/\/www.facebook.com\/destekotomasyon\/?fref=ts\",\"https:\/\/www.instagram.com\/destekotomasyon\/\",\"https:\/\/www.linkedin.com\/company\/destek-otomasyon\",\"https:\/\/www.youtube.com\/channel\/UC-1U6Za9o0FAfcesell1n0A\"],\"logo\":{\"@type\":\"ImageObject\",\"@id\":\"http:\/\/www.destekotomasyon.com\/#logo\",\"inLanguage\":\"tr\",\"url\":\"http:\/\/www.destekotomasyon.com\/wp-content\/uploads\/2020\/09\/cropped-Adsiz-tasarim-2.png\",\"contentUrl\":\"http:\/\/www.destekotomasyon.com\/wp-content\/uploads\/2020\/09\/cropped-Adsiz-tasarim-2.png\",\"width\":153,\"height\":123,\"caption\":\"Destek Otomasyon\"},\"image\":{\"@id\":\"http:\/\/www.destekotomasyon.com\/#logo\"}},{\"@type\":\"WebSite\",\"@id\":\"http:\/\/www.destekotomasyon.com\/#website\",\"url\":\"http:\/\/www.destekotomasyon.com\/\",\"name\":\"Destek Otomasyon\",\"description\":\"Destek Otomasyon Enerji Elektronik Makina San. ve Tic. Ltd. \u015eti.\",\"publisher\":{\"@id\":\"http:\/\/www.destekotomasyon.com\/#organization\"},\"potentialAction\":[{\"@type\":\"SearchAction\",\"target\":{\"@type\":\"EntryPoint\",\"urlTemplate\":\"http:\/\/www.destekotomasyon.com\/?s={search_term_string}\"},\"query-input\":\"required name=search_term_string\"}],\"inLanguage\":\"tr\"},{\"@type\":\"ImageObject\",\"@id\":\"http:\/\/www.destekotomasyon.com\/index.php\/yalin-kullanici-paneli\/#primaryimage\",\"inLanguage\":\"tr\",\"url\":\"http:\/\/www.destechhrc.com\/wp-content\/uploads\/2023\/11\/dhrc_basic-1024x576.png\",\"contentUrl\":\"http:\/\/www.destechhrc.com\/wp-content\/uploads\/2023\/11\/dhrc_basic-1024x576.png\"},{\"@type\":\"WebPage\",\"@id\":\"http:\/\/www.destekotomasyon.com\/index.php\/yalin-kullanici-paneli\/#webpage\",\"url\":\"http:\/\/www.destekotomasyon.com\/index.php\/yalin-kullanici-paneli\/\",\"name\":\"Destech-HRC Yal\u0131n Kullan\u0131c\u0131 Paneli &ndash; Destek Otomasyon\",\"isPartOf\":{\"@id\":\"http:\/\/www.destekotomasyon.com\/#website\"},\"primaryImageOfPage\":{\"@id\":\"http:\/\/www.destekotomasyon.com\/index.php\/yalin-kullanici-paneli\/#primaryimage\"},\"datePublished\":\"2020-12-02T09:06:26+00:00\",\"dateModified\":\"2024-01-29T09:20:49+00:00\",\"breadcrumb\":{\"@id\":\"http:\/\/www.destekotomasyon.com\/index.php\/yalin-kullanici-paneli\/#breadcrumb\"},\"inLanguage\":\"tr\",\"potentialAction\":[{\"@type\":\"ReadAction\",\"target\":[\"http:\/\/www.destekotomasyon.com\/index.php\/yalin-kullanici-paneli\/\"]}]},{\"@type\":\"BreadcrumbList\",\"@id\":\"http:\/\/www.destekotomasyon.com\/index.php\/yalin-kullanici-paneli\/#breadcrumb\",\"itemListElement\":[{\"@type\":\"ListItem\",\"position\":1,\"name\":\"Ana sayfa\",\"item\":\"http:\/\/www.destekotomasyon.com\/\"},{\"@type\":\"ListItem\",\"position\":2,\"name\":\"Destech-HRC Yal\u0131n Kullan\u0131c\u0131 Paneli\"}]}]}<\/script>\n<!-- \/ Yoast SEO plugin. -->","yoast_head_json":{"title":"Destech-HRC Yal\u0131n Kullan\u0131c\u0131 Paneli &ndash; Destek Otomasyon","robots":{"index":"index","follow":"follow","max-snippet":"max-snippet:-1","max-image-preview":"max-image-preview:large","max-video-preview":"max-video-preview:-1"},"canonical":"http:\/\/www.destekotomasyon.com\/index.php\/yalin-kullanici-paneli\/","og_locale":"tr_TR","og_type":"article","og_title":"Destech-HRC Yal\u0131n Kullan\u0131c\u0131 Paneli &ndash; Destek Otomasyon","og_description":"Yal\u0131n Panel, cihaz \u00fczerindeki butonlar vas\u0131tas\u0131yla kontrol edilebilen, \u00fczerinde bulunan LED \u0131\u015f\u0131klar ile kullan\u0131c\u0131y\u0131 bilgilendirebilen yal\u0131n bir paneldir. Opsiyonel olarak sunulan hava kalitesi sens\u00f6r\u00fc modunun devreye al\u0131nmas\u0131 yal\u0131n panel ile yap\u0131labilmektedir. Yal\u0131n Panel ile cihaz 3 adet a\u00e7ma\/kapama butonu, fan h\u0131z seviyesi ve kullan\u0131c\u0131 ayarlar\u0131 ile kontrol edilebilmektedir. Panel \u00fczerinde fan h\u0131z\u0131n\u0131 g\u00f6steren 3 adet [&hellip;]","og_url":"http:\/\/www.destekotomasyon.com\/index.php\/yalin-kullanici-paneli\/","og_site_name":"Destek Otomasyon","article_publisher":"https:\/\/www.facebook.com\/destekotomasyon\/?fref=ts","article_modified_time":"2024-01-29T09:20:49+00:00","og_image":[{"url":"http:\/\/www.destechhrc.com\/wp-content\/uploads\/2023\/11\/dhrc_basic-1024x576.png"}],"twitter_card":"summary_large_image","twitter_misc":{"Tahmini okuma s\u00fcresi":"2 dakika"},"schema":{"@context":"https:\/\/schema.org","@graph":[{"@type":"Organization","@id":"http:\/\/www.destekotomasyon.com\/#organization","name":"Destek Otomasyon","url":"http:\/\/www.destekotomasyon.com\/","sameAs":["https:\/\/www.facebook.com\/destekotomasyon\/?fref=ts","https:\/\/www.instagram.com\/destekotomasyon\/","https:\/\/www.linkedin.com\/company\/destek-otomasyon","https:\/\/www.youtube.com\/channel\/UC-1U6Za9o0FAfcesell1n0A"],"logo":{"@type":"ImageObject","@id":"http:\/\/www.destekotomasyon.com\/#logo","inLanguage":"tr","url":"http:\/\/www.destekotomasyon.com\/wp-content\/uploads\/2020\/09\/cropped-Adsiz-tasarim-2.png","contentUrl":"http:\/\/www.destekotomasyon.com\/wp-content\/uploads\/2020\/09\/cropped-Adsiz-tasarim-2.png","width":153,"height":123,"caption":"Destek Otomasyon"},"image":{"@id":"http:\/\/www.destekotomasyon.com\/#logo"}},{"@type":"WebSite","@id":"http:\/\/www.destekotomasyon.com\/#website","url":"http:\/\/www.destekotomasyon.com\/","name":"Destek Otomasyon","description":"Destek Otomasyon Enerji Elektronik Makina San. ve Tic. Ltd. \u015eti.","publisher":{"@id":"http:\/\/www.destekotomasyon.com\/#organization"},"potentialAction":[{"@type":"SearchAction","target":{"@type":"EntryPoint","urlTemplate":"http:\/\/www.destekotomasyon.com\/?s={search_term_string}"},"query-input":"required name=search_term_string"}],"inLanguage":"tr"},{"@type":"ImageObject","@id":"http:\/\/www.destekotomasyon.com\/index.php\/yalin-kullanici-paneli\/#primaryimage","inLanguage":"tr","url":"http:\/\/www.destechhrc.com\/wp-content\/uploads\/2023\/11\/dhrc_basic-1024x576.png","contentUrl":"http:\/\/www.destechhrc.com\/wp-content\/uploads\/2023\/11\/dhrc_basic-1024x576.png"},{"@type":"WebPage","@id":"http:\/\/www.destekotomasyon.com\/index.php\/yalin-kullanici-paneli\/#webpage","url":"http:\/\/www.destekotomasyon.com\/index.php\/yalin-kullanici-paneli\/","name":"Destech-HRC Yal\u0131n Kullan\u0131c\u0131 Paneli &ndash; Destek Otomasyon","isPartOf":{"@id":"http:\/\/www.destekotomasyon.com\/#website"},"primaryImageOfPage":{"@id":"http:\/\/www.destekotomasyon.com\/index.php\/yalin-kullanici-paneli\/#primaryimage"},"datePublished":"2020-12-02T09:06:26+00:00","dateModified":"2024-01-29T09:20:49+00:00","breadcrumb":{"@id":"http:\/\/www.destekotomasyon.com\/index.php\/yalin-kullanici-paneli\/#breadcrumb"},"inLanguage":"tr","potentialAction":[{"@type":"ReadAction","target":["http:\/\/www.destekotomasyon.com\/index.php\/yalin-kullanici-paneli\/"]}]},{"@type":"BreadcrumbList","@id":"http:\/\/www.destekotomasyon.com\/index.php\/yalin-kullanici-paneli\/#breadcrumb","itemListElement":[{"@type":"ListItem","position":1,"name":"Ana sayfa","item":"http:\/\/www.destekotomasyon.com\/"},{"@type":"ListItem","position":2,"name":"Destech-HRC Yal\u0131n Kullan\u0131c\u0131 Paneli"}]}]}},"_links":{"self":[{"href":"http:\/\/www.destekotomasyon.com\/index.php\/wp-json\/wp\/v2\/pages\/520"}],"collection":[{"href":"http:\/\/www.destekotomasyon.com\/index.php\/wp-json\/wp\/v2\/pages"}],"about":[{"href":"http:\/\/www.destekotomasyon.com\/index.php\/wp-json\/wp\/v2\/types\/page"}],"author":[{"embeddable":true,"href":"http:\/\/www.destekotomasyon.com\/index.php\/wp-json\/wp\/v2\/users\/1"}],"replies":[{"embeddable":true,"href":"http:\/\/www.destekotomasyon.com\/index.php\/wp-json\/wp\/v2\/comments?post=520"}],"version-history":[{"count":2,"href":"http:\/\/www.destekotomasyon.com\/index.php\/wp-json\/wp\/v2\/pages\/520\/revisions"}],"predecessor-version":[{"id":1910,"href":"http:\/\/www.destekotomasyon.com\/index.php\/wp-json\/wp\/v2\/pages\/520\/revisions\/1910"}],"wp:attachment":[{"href":"http:\/\/www.destekotomasyon.com\/index.php\/wp-json\/wp\/v2\/media?parent=520"}],"curies":[{"name":"wp","href":"https:\/\/api.w.org\/{rel}","templated":true}]}}