{"id":608,"date":"2021-01-26T14:41:56","date_gmt":"2021-01-26T11:41:56","guid":{"rendered":"http:\/\/new.destekotomasyon.com\/destek_new\/?page_id=608"},"modified":"2024-01-29T14:27:01","modified_gmt":"2024-01-29T11:27:01","slug":"destek-otomasyon-kullanici-panelleri","status":"publish","type":"page","link":"http:\/\/www.destekotomasyon.com\/index.php\/destek-otomasyon-kullanici-panelleri\/","title":{"rendered":"Destech-HRC Kullan\u0131c\u0131 Panelleri"},"content":{"rendered":"\t\t<div data-elementor-type=\"wp-page\" data-elementor-id=\"608\" class=\"elementor elementor-608\" data-elementor-settings=\"[]\">\n\t\t\t\t\t\t<div class=\"elementor-inner\">\n\t\t\t\t\t\t\t<div class=\"elementor-section-wrap\">\n\t\t\t\t\t\t\t<section class=\"elementor-section elementor-top-section elementor-element elementor-element-e20451e elementor-section-boxed elementor-section-height-default elementor-section-height-default\" data-id=\"e20451e\" data-element_type=\"section\">\n\t\t\t\t\t\t<div class=\"elementor-container elementor-column-gap-default\">\n\t\t\t\t\t\t\t<div class=\"elementor-row\">\n\t\t\t\t\t<div class=\"elementor-column elementor-col-33 elementor-top-column elementor-element elementor-element-9b16267\" data-id=\"9b16267\" data-element_type=\"column\">\n\t\t\t<div class=\"elementor-column-wrap elementor-element-populated\">\n\t\t\t\t\t\t\t<div class=\"elementor-widget-wrap\">\n\t\t\t\t\t\t<div class=\"elementor-element elementor-element-a0c1a7f elementor-widget elementor-widget-image\" data-id=\"a0c1a7f\" data-element_type=\"widget\" data-widget_type=\"image.default\">\n\t\t\t\t<div class=\"elementor-widget-container\">\n\t\t\t\t\t<div class=\"elementor-image\">\n\t\t\t\t\t\t\t\t\t\t<img width=\"1024\" height=\"576\" src=\"http:\/\/www.destekotomasyon.com\/wp-content\/uploads\/2024\/01\/dhrc_touch-1024x576.png\" class=\"attachment-large size-large\" alt=\"\" loading=\"lazy\" srcset=\"http:\/\/www.destekotomasyon.com\/wp-content\/uploads\/2024\/01\/dhrc_touch-1024x576.png 1024w, http:\/\/www.destekotomasyon.com\/wp-content\/uploads\/2024\/01\/dhrc_touch-300x169.png 300w, http:\/\/www.destekotomasyon.com\/wp-content\/uploads\/2024\/01\/dhrc_touch-768x432.png 768w, http:\/\/www.destekotomasyon.com\/wp-content\/uploads\/2024\/01\/dhrc_touch-1536x864.png 1536w, http:\/\/www.destekotomasyon.com\/wp-content\/uploads\/2024\/01\/dhrc_touch-2048x1152.png 2048w\" sizes=\"(max-width: 1024px) 100vw, 1024px\" \/>\t\t\t\t\t\t\t\t\t\t\t<\/div>\n\t\t\t\t<\/div>\n\t\t\t\t<\/div>\n\t\t\t\t<div class=\"elementor-element elementor-element-438444f elementor-align-center elementor-widget elementor-widget-button\" data-id=\"438444f\" data-element_type=\"widget\" data-widget_type=\"button.default\">\n\t\t\t\t<div class=\"elementor-widget-container\">\n\t\t\t\t\t<div class=\"elementor-button-wrapper\">\n\t\t\t<a href=\"http:\/\/www.destekotomasyon.com\/index.php\/destech-hrc-iot-touch-panel\/\" class=\"elementor-button-link elementor-button elementor-size-md\" role=\"button\">\n\t\t\t\t\t\t<span class=\"elementor-button-content-wrapper\">\n\t\t\t\t\t\t<span class=\"elementor-button-text\">Destech-HRC IoT Touch Panel<\/span>\n\t\t<\/span>\n\t\t\t\t\t<\/a>\n\t\t<\/div>\n\t\t\t\t<\/div>\n\t\t\t\t<\/div>\n\t\t\t\t\t\t<\/div>\n\t\t\t\t\t<\/div>\n\t\t<\/div>\n\t\t\t\t<div class=\"elementor-column elementor-col-33 elementor-top-column elementor-element elementor-element-849b59f\" data-id=\"849b59f\" data-element_type=\"column\">\n\t\t\t<div class=\"elementor-column-wrap elementor-element-populated\">\n\t\t\t\t\t\t\t<div class=\"elementor-widget-wrap\">\n\t\t\t\t\t\t<div class=\"elementor-element elementor-element-3ca4c45 elementor-widget elementor-widget-image\" data-id=\"3ca4c45\" data-element_type=\"widget\" data-widget_type=\"image.default\">\n\t\t\t\t<div class=\"elementor-widget-container\">\n\t\t\t\t\t<div class=\"elementor-image\">\n\t\t\t\t\t\t\t\t\t\t<img width=\"1024\" height=\"576\" src=\"http:\/\/www.destekotomasyon.com\/wp-content\/uploads\/2024\/01\/dhrc_iot_pro-1024x576.png\" class=\"attachment-large size-large\" alt=\"\" loading=\"lazy\" srcset=\"http:\/\/www.destekotomasyon.com\/wp-content\/uploads\/2024\/01\/dhrc_iot_pro-1024x576.png 1024w, http:\/\/www.destekotomasyon.com\/wp-content\/uploads\/2024\/01\/dhrc_iot_pro-300x169.png 300w, http:\/\/www.destekotomasyon.com\/wp-content\/uploads\/2024\/01\/dhrc_iot_pro-768x432.png 768w, http:\/\/www.destekotomasyon.com\/wp-content\/uploads\/2024\/01\/dhrc_iot_pro-1536x864.png 1536w, http:\/\/www.destekotomasyon.com\/wp-content\/uploads\/2024\/01\/dhrc_iot_pro-2048x1152.png 2048w\" sizes=\"(max-width: 1024px) 100vw, 1024px\" \/>\t\t\t\t\t\t\t\t\t\t\t<\/div>\n\t\t\t\t<\/div>\n\t\t\t\t<\/div>\n\t\t\t\t<div class=\"elementor-element elementor-element-a2f8c5a elementor-align-center elementor-widget elementor-widget-button\" data-id=\"a2f8c5a\" data-element_type=\"widget\" data-widget_type=\"button.default\">\n\t\t\t\t<div class=\"elementor-widget-container\">\n\t\t\t\t\t<div class=\"elementor-button-wrapper\">\n\t\t\t<a href=\"http:\/\/www.destekotomasyon.com\/index.php\/destech-hrc-iot-pro-panel\/\" class=\"elementor-button-link elementor-button elementor-size-md\" role=\"button\">\n\t\t\t\t\t\t<span class=\"elementor-button-content-wrapper\">\n\t\t\t\t\t\t<span class=\"elementor-button-text\">Destech-HRC IoT  Pro Panel<\/span>\n\t\t<\/span>\n\t\t\t\t\t<\/a>\n\t\t<\/div>\n\t\t\t\t<\/div>\n\t\t\t\t<\/div>\n\t\t\t\t<div class=\"elementor-element elementor-element-801b6eb elementor-widget elementor-widget-spacer\" data-id=\"801b6eb\" data-element_type=\"widget\" data-widget_type=\"spacer.default\">\n\t\t\t\t<div class=\"elementor-widget-container\">\n\t\t\t\t\t<div class=\"elementor-spacer\">\n\t\t\t<div class=\"elementor-spacer-inner\"><\/div>\n\t\t<\/div>\n\t\t\t\t<\/div>\n\t\t\t\t<\/div>\n\t\t\t\t\t\t<\/div>\n\t\t\t\t\t<\/div>\n\t\t<\/div>\n\t\t\t\t<div class=\"elementor-column elementor-col-33 elementor-top-column elementor-element elementor-element-71f406d\" data-id=\"71f406d\" data-element_type=\"column\">\n\t\t\t<div class=\"elementor-column-wrap elementor-element-populated\">\n\t\t\t\t\t\t\t<div class=\"elementor-widget-wrap\">\n\t\t\t\t\t\t<div class=\"elementor-element elementor-element-bfc33a4 elementor-widget elementor-widget-image\" data-id=\"bfc33a4\" data-element_type=\"widget\" data-widget_type=\"image.default\">\n\t\t\t\t<div class=\"elementor-widget-container\">\n\t\t\t\t\t<div class=\"elementor-image\">\n\t\t\t\t\t\t\t\t\t\t<img width=\"1024\" height=\"576\" src=\"http:\/\/www.destekotomasyon.com\/wp-content\/uploads\/2024\/01\/dhrc_iot_basic-1024x576.png\" class=\"attachment-large size-large\" alt=\"\" loading=\"lazy\" srcset=\"http:\/\/www.destekotomasyon.com\/wp-content\/uploads\/2024\/01\/dhrc_iot_basic-1024x576.png 1024w, http:\/\/www.destekotomasyon.com\/wp-content\/uploads\/2024\/01\/dhrc_iot_basic-300x169.png 300w, http:\/\/www.destekotomasyon.com\/wp-content\/uploads\/2024\/01\/dhrc_iot_basic-768x432.png 768w, http:\/\/www.destekotomasyon.com\/wp-content\/uploads\/2024\/01\/dhrc_iot_basic-1536x864.png 1536w, http:\/\/www.destekotomasyon.com\/wp-content\/uploads\/2024\/01\/dhrc_iot_basic-2048x1152.png 2048w\" sizes=\"(max-width: 1024px) 100vw, 1024px\" \/>\t\t\t\t\t\t\t\t\t\t\t<\/div>\n\t\t\t\t<\/div>\n\t\t\t\t<\/div>\n\t\t\t\t<div class=\"elementor-element elementor-element-d284f4c elementor-align-center elementor-widget elementor-widget-button\" data-id=\"d284f4c\" data-element_type=\"widget\" data-widget_type=\"button.default\">\n\t\t\t\t<div class=\"elementor-widget-container\">\n\t\t\t\t\t<div class=\"elementor-button-wrapper\">\n\t\t\t<a href=\"http:\/\/www.destekotomasyon.com\/index.php\/destech-hrc-iot-basic-panel\/\" class=\"elementor-button-link elementor-button elementor-size-sm\" role=\"button\">\n\t\t\t\t\t\t<span class=\"elementor-button-content-wrapper\">\n\t\t\t\t\t\t<span class=\"elementor-button-text\">Destech-HRC IoT  Basic Panel<\/span>\n\t\t<\/span>\n\t\t\t\t\t<\/a>\n\t\t<\/div>\n\t\t\t\t<\/div>\n\t\t\t\t<\/div>\n\t\t\t\t\t\t<\/div>\n\t\t\t\t\t<\/div>\n\t\t<\/div>\n\t\t\t\t\t\t\t\t<\/div>\n\t\t\t\t\t<\/div>\n\t\t<\/section>\n\t\t\t\t<section class=\"elementor-section elementor-top-section elementor-element elementor-element-8e5ec88 elementor-section-boxed elementor-section-height-default elementor-section-height-default\" data-id=\"8e5ec88\" data-element_type=\"section\">\n\t\t\t\t\t\t<div class=\"elementor-container elementor-column-gap-default\">\n\t\t\t\t\t\t\t<div class=\"elementor-row\">\n\t\t\t\t\t<div class=\"elementor-column elementor-col-33 elementor-top-column elementor-element elementor-element-4a7c61a\" data-id=\"4a7c61a\" data-element_type=\"column\">\n\t\t\t<div class=\"elementor-column-wrap elementor-element-populated\">\n\t\t\t\t\t\t\t<div class=\"elementor-widget-wrap\">\n\t\t\t\t\t\t<div class=\"elementor-element elementor-element-9e01523 elementor-widget elementor-widget-image\" data-id=\"9e01523\" data-element_type=\"widget\" data-widget_type=\"image.default\">\n\t\t\t\t<div class=\"elementor-widget-container\">\n\t\t\t\t\t<div class=\"elementor-image\">\n\t\t\t\t\t\t\t\t\t\t<img width=\"1024\" height=\"576\" src=\"http:\/\/www.destekotomasyon.com\/wp-content\/uploads\/2024\/01\/dhrc_touch-1-1024x576.png\" class=\"attachment-large size-large\" alt=\"\" loading=\"lazy\" srcset=\"http:\/\/www.destekotomasyon.com\/wp-content\/uploads\/2024\/01\/dhrc_touch-1-1024x576.png 1024w, http:\/\/www.destekotomasyon.com\/wp-content\/uploads\/2024\/01\/dhrc_touch-1-300x169.png 300w, http:\/\/www.destekotomasyon.com\/wp-content\/uploads\/2024\/01\/dhrc_touch-1-768x432.png 768w, http:\/\/www.destekotomasyon.com\/wp-content\/uploads\/2024\/01\/dhrc_touch-1-1536x864.png 1536w, http:\/\/www.destekotomasyon.com\/wp-content\/uploads\/2024\/01\/dhrc_touch-1-2048x1152.png 2048w\" sizes=\"(max-width: 1024px) 100vw, 1024px\" \/>\t\t\t\t\t\t\t\t\t\t\t<\/div>\n\t\t\t\t<\/div>\n\t\t\t\t<\/div>\n\t\t\t\t<div class=\"elementor-element elementor-element-46aaf8f elementor-align-center elementor-widget elementor-widget-button\" data-id=\"46aaf8f\" data-element_type=\"widget\" data-widget_type=\"button.default\">\n\t\t\t\t<div class=\"elementor-widget-container\">\n\t\t\t\t\t<div class=\"elementor-button-wrapper\">\n\t\t\t<a href=\"http:\/\/www.destekotomasyon.com\/index.php\/destech-hrc-touch-panel\/\" class=\"elementor-button-link elementor-button elementor-size-sm\" role=\"button\">\n\t\t\t\t\t\t<span class=\"elementor-button-content-wrapper\">\n\t\t\t\t\t\t<span class=\"elementor-button-text\">Dokunmatik Panel<\/span>\n\t\t<\/span>\n\t\t\t\t\t<\/a>\n\t\t<\/div>\n\t\t\t\t<\/div>\n\t\t\t\t<\/div>\n\t\t\t\t\t\t<\/div>\n\t\t\t\t\t<\/div>\n\t\t<\/div>\n\t\t\t\t<div class=\"elementor-column elementor-col-33 elementor-top-column elementor-element elementor-element-ee8e0a5\" data-id=\"ee8e0a5\" data-element_type=\"column\">\n\t\t\t<div class=\"elementor-column-wrap elementor-element-populated\">\n\t\t\t\t\t\t\t<div class=\"elementor-widget-wrap\">\n\t\t\t\t\t\t<div class=\"elementor-element elementor-element-0b07865 elementor-widget elementor-widget-image\" data-id=\"0b07865\" data-element_type=\"widget\" data-widget_type=\"image.default\">\n\t\t\t\t<div class=\"elementor-widget-container\">\n\t\t\t\t\t<div class=\"elementor-image\">\n\t\t\t\t\t\t\t\t\t\t<img width=\"1024\" height=\"576\" src=\"http:\/\/www.destekotomasyon.com\/wp-content\/uploads\/2024\/01\/dhrc_glcd-1024x576.png\" class=\"attachment-large size-large\" alt=\"\" loading=\"lazy\" srcset=\"http:\/\/www.destekotomasyon.com\/wp-content\/uploads\/2024\/01\/dhrc_glcd-1024x576.png 1024w, http:\/\/www.destekotomasyon.com\/wp-content\/uploads\/2024\/01\/dhrc_glcd-300x169.png 300w, http:\/\/www.destekotomasyon.com\/wp-content\/uploads\/2024\/01\/dhrc_glcd-768x432.png 768w, http:\/\/www.destekotomasyon.com\/wp-content\/uploads\/2024\/01\/dhrc_glcd-1536x864.png 1536w, http:\/\/www.destekotomasyon.com\/wp-content\/uploads\/2024\/01\/dhrc_glcd-2048x1152.png 2048w\" sizes=\"(max-width: 1024px) 100vw, 1024px\" \/>\t\t\t\t\t\t\t\t\t\t\t<\/div>\n\t\t\t\t<\/div>\n\t\t\t\t<\/div>\n\t\t\t\t<div class=\"elementor-element elementor-element-f0bf201 elementor-align-center elementor-widget elementor-widget-button\" data-id=\"f0bf201\" data-element_type=\"widget\" data-settings=\"{&quot;_animation&quot;:&quot;none&quot;}\" data-widget_type=\"button.default\">\n\t\t\t\t<div class=\"elementor-widget-container\">\n\t\t\t\t\t<div class=\"elementor-button-wrapper\">\n\t\t\t<a href=\"http:\/\/www.destekotomasyon.com\/index.php\/grafik-ekran\/\" class=\"elementor-button-link elementor-button elementor-size-sm\" role=\"button\">\n\t\t\t\t\t\t<span class=\"elementor-button-content-wrapper\">\n\t\t\t\t\t\t<span class=\"elementor-button-text\">Grafik Ekran<\/span>\n\t\t<\/span>\n\t\t\t\t\t<\/a>\n\t\t<\/div>\n\t\t\t\t<\/div>\n\t\t\t\t<\/div>\n\t\t\t\t\t\t<\/div>\n\t\t\t\t\t<\/div>\n\t\t<\/div>\n\t\t\t\t<div class=\"elementor-column elementor-col-33 elementor-top-column elementor-element elementor-element-b0a9562\" data-id=\"b0a9562\" data-element_type=\"column\">\n\t\t\t<div class=\"elementor-column-wrap elementor-element-populated\">\n\t\t\t\t\t\t\t<div class=\"elementor-widget-wrap\">\n\t\t\t\t\t\t<div class=\"elementor-element elementor-element-f56c06c elementor-widget elementor-widget-image\" data-id=\"f56c06c\" data-element_type=\"widget\" data-widget_type=\"image.default\">\n\t\t\t\t<div class=\"elementor-widget-container\">\n\t\t\t\t\t<div class=\"elementor-image\">\n\t\t\t\t\t\t\t\t\t\t<img width=\"1024\" height=\"576\" src=\"http:\/\/www.destekotomasyon.com\/wp-content\/uploads\/2024\/01\/dhrc_basic-1024x576.png\" class=\"attachment-large size-large\" alt=\"\" loading=\"lazy\" srcset=\"http:\/\/www.destekotomasyon.com\/wp-content\/uploads\/2024\/01\/dhrc_basic-1024x576.png 1024w, http:\/\/www.destekotomasyon.com\/wp-content\/uploads\/2024\/01\/dhrc_basic-300x169.png 300w, http:\/\/www.destekotomasyon.com\/wp-content\/uploads\/2024\/01\/dhrc_basic-768x432.png 768w, http:\/\/www.destekotomasyon.com\/wp-content\/uploads\/2024\/01\/dhrc_basic-1536x864.png 1536w, http:\/\/www.destekotomasyon.com\/wp-content\/uploads\/2024\/01\/dhrc_basic-2048x1152.png 2048w\" sizes=\"(max-width: 1024px) 100vw, 1024px\" \/>\t\t\t\t\t\t\t\t\t\t\t<\/div>\n\t\t\t\t<\/div>\n\t\t\t\t<\/div>\n\t\t\t\t<div class=\"elementor-element elementor-element-c714a9c elementor-align-center elementor-widget elementor-widget-button\" data-id=\"c714a9c\" data-element_type=\"widget\" data-widget_type=\"button.default\">\n\t\t\t\t<div class=\"elementor-widget-container\">\n\t\t\t\t\t<div class=\"elementor-button-wrapper\">\n\t\t\t<a href=\"http:\/\/www.destekotomasyon.com\/index.php\/yalin-kullanici-paneli\/\" class=\"elementor-button-link elementor-button elementor-size-sm\" role=\"button\">\n\t\t\t\t\t\t<span class=\"elementor-button-content-wrapper\">\n\t\t\t\t\t\t<span class=\"elementor-button-text\">Basic Panel<\/span>\n\t\t<\/span>\n\t\t\t\t\t<\/a>\n\t\t<\/div>\n\t\t\t\t<\/div>\n\t\t\t\t<\/div>\n\t\t\t\t\t\t<\/div>\n\t\t\t\t\t<\/div>\n\t\t<\/div>\n\t\t\t\t\t\t\t\t<\/div>\n\t\t\t\t\t<\/div>\n\t\t<\/section>\n\t\t\t\t\t\t<\/div>\n\t\t\t\t\t\t<\/div>\n\t\t\t\t\t<\/div>\n\t\t","protected":false},"excerpt":{"rendered":"<p class=\"qua-blog-post-description\">Destech-HRC IoT Touch Panel Destech-HRC IoT Pro Panel Destech-HRC IoT Basic Panel Dokunmatik Panel Grafik Ekran Basic Panel<\/p>\n","protected":false},"author":1,"featured_media":0,"parent":0,"menu_order":0,"comment_status":"closed","ping_status":"closed","template":"","meta":[],"yoast_head":"<!-- This site is optimized with the Yoast SEO plugin v18.4.1 - https:\/\/yoast.com\/wordpress\/plugins\/seo\/ -->\n<title>Destech-HRC Kullan\u0131c\u0131 Panelleri &ndash; Destek Otomasyon Destech-HRC Kullan\u0131c\u0131 Panelleri<\/title>\n<meta name=\"description\" content=\"Kullan\u0131c\u0131 aray\u00fczleri, Is\u0131 Geri Kazan\u0131m Cihaz\u0131n\u0131n fonksiyonelli\u011fini artt\u0131ran, kullan\u0131c\u0131 taraf\u0131ndan istenilen ayarlar\u0131n\u0131n yap\u0131labilmesi i\u00e7in...\" \/>\n<meta name=\"robots\" content=\"index, follow, max-snippet:-1, max-image-preview:large, max-video-preview:-1\" \/>\n<link rel=\"canonical\" href=\"http:\/\/www.destekotomasyon.com\/index.php\/destek-otomasyon-kullanici-panelleri\/\" \/>\n<meta property=\"og:locale\" content=\"tr_TR\" \/>\n<meta property=\"og:type\" content=\"article\" \/>\n<meta property=\"og:title\" content=\"Destech-HRC Kullan\u0131c\u0131 Panelleri &ndash; Destek Otomasyon Destech-HRC Kullan\u0131c\u0131 Panelleri\" \/>\n<meta property=\"og:description\" content=\"Kullan\u0131c\u0131 aray\u00fczleri, Is\u0131 Geri Kazan\u0131m Cihaz\u0131n\u0131n fonksiyonelli\u011fini artt\u0131ran, kullan\u0131c\u0131 taraf\u0131ndan istenilen ayarlar\u0131n\u0131n yap\u0131labilmesi i\u00e7in...\" \/>\n<meta property=\"og:url\" content=\"http:\/\/www.destekotomasyon.com\/index.php\/destek-otomasyon-kullanici-panelleri\/\" \/>\n<meta property=\"og:site_name\" content=\"Destek Otomasyon\" \/>\n<meta property=\"article:publisher\" content=\"https:\/\/www.facebook.com\/destekotomasyon\/?fref=ts\" \/>\n<meta property=\"article:modified_time\" content=\"2024-01-29T11:27:01+00:00\" \/>\n<meta property=\"og:image\" content=\"http:\/\/www.destekotomasyon.com\/wp-content\/uploads\/2024\/01\/dhrc_touch-1024x576.png\" \/>\n<meta name=\"twitter:card\" content=\"summary_large_image\" \/>\n<meta name=\"twitter:label1\" content=\"Tahmini okuma s\u00fcresi\" \/>\n\t<meta name=\"twitter:data1\" content=\"2 dakika\" \/>\n<script type=\"application\/ld+json\" class=\"yoast-schema-graph\">{\"@context\":\"https:\/\/schema.org\",\"@graph\":[{\"@type\":\"Organization\",\"@id\":\"http:\/\/www.destekotomasyon.com\/#organization\",\"name\":\"Destek Otomasyon\",\"url\":\"http:\/\/www.destekotomasyon.com\/\",\"sameAs\":[\"https:\/\/www.facebook.com\/destekotomasyon\/?fref=ts\",\"https:\/\/www.instagram.com\/destekotomasyon\/\",\"https:\/\/www.linkedin.com\/company\/destek-otomasyon\",\"https:\/\/www.youtube.com\/channel\/UC-1U6Za9o0FAfcesell1n0A\"],\"logo\":{\"@type\":\"ImageObject\",\"@id\":\"http:\/\/www.destekotomasyon.com\/#logo\",\"inLanguage\":\"tr\",\"url\":\"http:\/\/www.destekotomasyon.com\/wp-content\/uploads\/2020\/09\/cropped-Adsiz-tasarim-2.png\",\"contentUrl\":\"http:\/\/www.destekotomasyon.com\/wp-content\/uploads\/2020\/09\/cropped-Adsiz-tasarim-2.png\",\"width\":153,\"height\":123,\"caption\":\"Destek Otomasyon\"},\"image\":{\"@id\":\"http:\/\/www.destekotomasyon.com\/#logo\"}},{\"@type\":\"WebSite\",\"@id\":\"http:\/\/www.destekotomasyon.com\/#website\",\"url\":\"http:\/\/www.destekotomasyon.com\/\",\"name\":\"Destek Otomasyon\",\"description\":\"Destek Otomasyon Enerji Elektronik Makina San. ve Tic. Ltd. \u015eti.\",\"publisher\":{\"@id\":\"http:\/\/www.destekotomasyon.com\/#organization\"},\"potentialAction\":[{\"@type\":\"SearchAction\",\"target\":{\"@type\":\"EntryPoint\",\"urlTemplate\":\"http:\/\/www.destekotomasyon.com\/?s={search_term_string}\"},\"query-input\":\"required name=search_term_string\"}],\"inLanguage\":\"tr\"},{\"@type\":\"ImageObject\",\"@id\":\"http:\/\/www.destekotomasyon.com\/index.php\/destek-otomasyon-kullanici-panelleri\/#primaryimage\",\"inLanguage\":\"tr\",\"url\":\"http:\/\/www.destekotomasyon.com\/wp-content\/uploads\/2024\/01\/dhrc_touch.png\",\"contentUrl\":\"http:\/\/www.destekotomasyon.com\/wp-content\/uploads\/2024\/01\/dhrc_touch.png\",\"width\":3840,\"height\":2160},{\"@type\":\"WebPage\",\"@id\":\"http:\/\/www.destekotomasyon.com\/index.php\/destek-otomasyon-kullanici-panelleri\/#webpage\",\"url\":\"http:\/\/www.destekotomasyon.com\/index.php\/destek-otomasyon-kullanici-panelleri\/\",\"name\":\"Destech-HRC Kullan\u0131c\u0131 Panelleri &ndash; Destek Otomasyon Destech-HRC Kullan\u0131c\u0131 Panelleri\",\"isPartOf\":{\"@id\":\"http:\/\/www.destekotomasyon.com\/#website\"},\"primaryImageOfPage\":{\"@id\":\"http:\/\/www.destekotomasyon.com\/index.php\/destek-otomasyon-kullanici-panelleri\/#primaryimage\"},\"datePublished\":\"2021-01-26T11:41:56+00:00\",\"dateModified\":\"2024-01-29T11:27:01+00:00\",\"description\":\"Kullan\u0131c\u0131 aray\u00fczleri, Is\u0131 Geri Kazan\u0131m Cihaz\u0131n\u0131n fonksiyonelli\u011fini artt\u0131ran, kullan\u0131c\u0131 taraf\u0131ndan istenilen ayarlar\u0131n\u0131n yap\u0131labilmesi i\u00e7in...\",\"breadcrumb\":{\"@id\":\"http:\/\/www.destekotomasyon.com\/index.php\/destek-otomasyon-kullanici-panelleri\/#breadcrumb\"},\"inLanguage\":\"tr\",\"potentialAction\":[{\"@type\":\"ReadAction\",\"target\":[\"http:\/\/www.destekotomasyon.com\/index.php\/destek-otomasyon-kullanici-panelleri\/\"]}]},{\"@type\":\"BreadcrumbList\",\"@id\":\"http:\/\/www.destekotomasyon.com\/index.php\/destek-otomasyon-kullanici-panelleri\/#breadcrumb\",\"itemListElement\":[{\"@type\":\"ListItem\",\"position\":1,\"name\":\"Ana sayfa\",\"item\":\"http:\/\/www.destekotomasyon.com\/\"},{\"@type\":\"ListItem\",\"position\":2,\"name\":\"Destech-HRC Kullan\u0131c\u0131 Panelleri\"}]}]}<\/script>\n<!-- \/ Yoast SEO plugin. -->","yoast_head_json":{"title":"Destech-HRC Kullan\u0131c\u0131 Panelleri &ndash; Destek Otomasyon Destech-HRC Kullan\u0131c\u0131 Panelleri","description":"Kullan\u0131c\u0131 aray\u00fczleri, Is\u0131 Geri Kazan\u0131m Cihaz\u0131n\u0131n fonksiyonelli\u011fini artt\u0131ran, kullan\u0131c\u0131 taraf\u0131ndan istenilen ayarlar\u0131n\u0131n yap\u0131labilmesi i\u00e7in...","robots":{"index":"index","follow":"follow","max-snippet":"max-snippet:-1","max-image-preview":"max-image-preview:large","max-video-preview":"max-video-preview:-1"},"canonical":"http:\/\/www.destekotomasyon.com\/index.php\/destek-otomasyon-kullanici-panelleri\/","og_locale":"tr_TR","og_type":"article","og_title":"Destech-HRC Kullan\u0131c\u0131 Panelleri &ndash; Destek Otomasyon Destech-HRC Kullan\u0131c\u0131 Panelleri","og_description":"Kullan\u0131c\u0131 aray\u00fczleri, Is\u0131 Geri Kazan\u0131m Cihaz\u0131n\u0131n fonksiyonelli\u011fini artt\u0131ran, kullan\u0131c\u0131 taraf\u0131ndan istenilen ayarlar\u0131n\u0131n yap\u0131labilmesi i\u00e7in...","og_url":"http:\/\/www.destekotomasyon.com\/index.php\/destek-otomasyon-kullanici-panelleri\/","og_site_name":"Destek Otomasyon","article_publisher":"https:\/\/www.facebook.com\/destekotomasyon\/?fref=ts","article_modified_time":"2024-01-29T11:27:01+00:00","og_image":[{"url":"http:\/\/www.destekotomasyon.com\/wp-content\/uploads\/2024\/01\/dhrc_touch-1024x576.png"}],"twitter_card":"summary_large_image","twitter_misc":{"Tahmini okuma s\u00fcresi":"2 dakika"},"schema":{"@context":"https:\/\/schema.org","@graph":[{"@type":"Organization","@id":"http:\/\/www.destekotomasyon.com\/#organization","name":"Destek Otomasyon","url":"http:\/\/www.destekotomasyon.com\/","sameAs":["https:\/\/www.facebook.com\/destekotomasyon\/?fref=ts","https:\/\/www.instagram.com\/destekotomasyon\/","https:\/\/www.linkedin.com\/company\/destek-otomasyon","https:\/\/www.youtube.com\/channel\/UC-1U6Za9o0FAfcesell1n0A"],"logo":{"@type":"ImageObject","@id":"http:\/\/www.destekotomasyon.com\/#logo","inLanguage":"tr","url":"http:\/\/www.destekotomasyon.com\/wp-content\/uploads\/2020\/09\/cropped-Adsiz-tasarim-2.png","contentUrl":"http:\/\/www.destekotomasyon.com\/wp-content\/uploads\/2020\/09\/cropped-Adsiz-tasarim-2.png","width":153,"height":123,"caption":"Destek Otomasyon"},"image":{"@id":"http:\/\/www.destekotomasyon.com\/#logo"}},{"@type":"WebSite","@id":"http:\/\/www.destekotomasyon.com\/#website","url":"http:\/\/www.destekotomasyon.com\/","name":"Destek Otomasyon","description":"Destek Otomasyon Enerji Elektronik Makina San. ve Tic. Ltd. \u015eti.","publisher":{"@id":"http:\/\/www.destekotomasyon.com\/#organization"},"potentialAction":[{"@type":"SearchAction","target":{"@type":"EntryPoint","urlTemplate":"http:\/\/www.destekotomasyon.com\/?s={search_term_string}"},"query-input":"required name=search_term_string"}],"inLanguage":"tr"},{"@type":"ImageObject","@id":"http:\/\/www.destekotomasyon.com\/index.php\/destek-otomasyon-kullanici-panelleri\/#primaryimage","inLanguage":"tr","url":"http:\/\/www.destekotomasyon.com\/wp-content\/uploads\/2024\/01\/dhrc_touch.png","contentUrl":"http:\/\/www.destekotomasyon.com\/wp-content\/uploads\/2024\/01\/dhrc_touch.png","width":3840,"height":2160},{"@type":"WebPage","@id":"http:\/\/www.destekotomasyon.com\/index.php\/destek-otomasyon-kullanici-panelleri\/#webpage","url":"http:\/\/www.destekotomasyon.com\/index.php\/destek-otomasyon-kullanici-panelleri\/","name":"Destech-HRC Kullan\u0131c\u0131 Panelleri &ndash; Destek Otomasyon Destech-HRC Kullan\u0131c\u0131 Panelleri","isPartOf":{"@id":"http:\/\/www.destekotomasyon.com\/#website"},"primaryImageOfPage":{"@id":"http:\/\/www.destekotomasyon.com\/index.php\/destek-otomasyon-kullanici-panelleri\/#primaryimage"},"datePublished":"2021-01-26T11:41:56+00:00","dateModified":"2024-01-29T11:27:01+00:00","description":"Kullan\u0131c\u0131 aray\u00fczleri, Is\u0131 Geri Kazan\u0131m Cihaz\u0131n\u0131n fonksiyonelli\u011fini artt\u0131ran, kullan\u0131c\u0131 taraf\u0131ndan istenilen ayarlar\u0131n\u0131n yap\u0131labilmesi i\u00e7in...","breadcrumb":{"@id":"http:\/\/www.destekotomasyon.com\/index.php\/destek-otomasyon-kullanici-panelleri\/#breadcrumb"},"inLanguage":"tr","potentialAction":[{"@type":"ReadAction","target":["http:\/\/www.destekotomasyon.com\/index.php\/destek-otomasyon-kullanici-panelleri\/"]}]},{"@type":"BreadcrumbList","@id":"http:\/\/www.destekotomasyon.com\/index.php\/destek-otomasyon-kullanici-panelleri\/#breadcrumb","itemListElement":[{"@type":"ListItem","position":1,"name":"Ana sayfa","item":"http:\/\/www.destekotomasyon.com\/"},{"@type":"ListItem","position":2,"name":"Destech-HRC Kullan\u0131c\u0131 Panelleri"}]}]}},"_links":{"self":[{"href":"http:\/\/www.destekotomasyon.com\/index.php\/wp-json\/wp\/v2\/pages\/608"}],"collection":[{"href":"http:\/\/www.destekotomasyon.com\/index.php\/wp-json\/wp\/v2\/pages"}],"about":[{"href":"http:\/\/www.destekotomasyon.com\/index.php\/wp-json\/wp\/v2\/types\/page"}],"author":[{"embeddable":true,"href":"http:\/\/www.destekotomasyon.com\/index.php\/wp-json\/wp\/v2\/users\/1"}],"replies":[{"embeddable":true,"href":"http:\/\/www.destekotomasyon.com\/index.php\/wp-json\/wp\/v2\/comments?post=608"}],"version-history":[{"count":125,"href":"http:\/\/www.destekotomasyon.com\/index.php\/wp-json\/wp\/v2\/pages\/608\/revisions"}],"predecessor-version":[{"id":1942,"href":"http:\/\/www.destekotomasyon.com\/index.php\/wp-json\/wp\/v2\/pages\/608\/revisions\/1942"}],"wp:attachment":[{"href":"http:\/\/www.destekotomasyon.com\/index.php\/wp-json\/wp\/v2\/media?parent=608"}],"curies":[{"name":"wp","href":"https:\/\/api.w.org\/{rel}","templated":true}]}}