{"id":611,"date":"2021-01-26T15:01:42","date_gmt":"2021-01-26T12:01:42","guid":{"rendered":"http:\/\/new.destekotomasyon.com\/destek_new\/?page_id=611"},"modified":"2024-01-29T14:29:18","modified_gmt":"2024-01-29T11:29:18","slug":"sensor-grubu-aksesuarlar","status":"publish","type":"page","link":"http:\/\/www.destekotomasyon.com\/index.php\/sensor-grubu-aksesuarlar\/","title":{"rendered":"Destech-HRC Aksesuarlar"},"content":{"rendered":"<p><img width=\"768\" height=\"370\" src=\"http:\/\/www.destekotomasyon.com\/wp-content\/uploads\/2022\/06\/ONE-CIKAN-URUNLERIMIZ-12.png\" alt=\"destech hrc sens\u00f6rler sens\u00f6r grubu aksesuarlar\" loading=\"lazy\" srcset=\"http:\/\/www.destekotomasyon.com\/wp-content\/uploads\/2022\/06\/ONE-CIKAN-URUNLERIMIZ-12.png 768w, http:\/\/www.destekotomasyon.com\/wp-content\/uploads\/2022\/06\/ONE-CIKAN-URUNLERIMIZ-12-300x145.png 300w\" sizes=\"(max-width: 768px) 100vw, 768px\"><\/p>\n\n\n<p>Art\u0131k konut i\u00e7i kullan\u0131mda dahi kendine yer bulan IGK cihazlar\u0131n\u0131n temel amac\u0131 i\u00e7 ortamdaki havan\u0131n d\u0131\u015far\u0131ya verilip, d\u0131\u015f ortamdan da taze havan\u0131n i\u00e7 mekana al\u0131nmas\u0131d\u0131r. IGK cihazlar\u0131 ise bu amac\u0131, \u00e7oklu fonksiyonlar\u0131n koordineli \u00e7al\u0131\u015fmas\u0131n\u0131 sa\u011flayan kontrol kartlar\u0131 ve sens\u00f6rler ile ger\u00e7ekle\u015ftirmektedir.<\/p>\n\n\n\n<p>Destek Otomasyon\u2019 un kendi tasar\u0131m ve \u00fcretimi olan CO2 sens\u00f6r\u00fc, hava i\u00e7erisindeki CO\u2019 miktar\u0131n\u0131 \u00f6l\u00e7mek i\u00e7in kullan\u0131lan sens\u00f6rd\u00fcr. Nem sens\u00f6r\u00fc ise havan\u0131n neminin \u00f6l\u00e7\u00fcm\u00fc i\u00e7in kullan\u0131lmaktad\u0131r. S\u0131cakl\u0131k sens\u00f6r\u00fc ise NTC 10k\u03a9 tipi, hava s\u0131cakl\u0131\u011f\u0131 \u00f6l\u00e7\u00fcm\u00fcnde yararlan\u0131lan sens\u00f6rd\u00fcr. Kontrol kart\u0131 bu sens\u00f6rlere g\u00f6re kalibre edilebilmektedir. Kanal tipi kullan\u0131m i\u00e7in uygun bir sens\u00f6rlerdir.<\/p>\n\n\n<p>Is\u0131 geri kazan\u0131m sistemlerinde daha iyi performansa ula\u015farak \u0131s\u0131nma ve havaland\u0131rma i\u00e7in kullan\u0131lan enerjide maksimum tasarrufa ula\u015fmak ve cihazlar\u0131n farkl\u0131l\u0131klar\u0131na g\u00f6re de\u011fi\u015fen opsiyonlara uygun olarak sunulan aksesuar listesi;&nbsp;<\/p>\n<h4><b>1. S\u0131cakl\u0131k Sens\u00f6r\u00fc <\/b><\/h4>\n<p>NTC 10k\u2126 (@25\u00b0C) tipi hava s\u0131cakl\u0131\u011f\u0131 \u00f6l\u00e7\u00fcm\u00fc i\u00e7in kullan\u0131lan sens\u00f6rd\u00fcr. Kontrol kart\u0131 bu sens\u00f6re g\u00f6re kalibre edilebilmektedir. Kanal tipi kullan\u0131ma uygundur.<\/p>\n<p><strong>2. Nem Sens\u00f6r\u00fc<\/strong><\/p>\n<p>Havan\u0131n neminin \u00f6l\u00e7\u00fcm\u00fc i\u00e7in kullan\u0131lan sens\u00f6rd\u00fcr. Kontrol kart\u0131 bu sens\u00f6re g\u00f6re kalibre edilebilmektedir. Kanal tipi kullan\u0131ma uygundur.<\/p>\n<p><b>3.<\/b> <b style=\"background-color: transparent;\">CO<\/b><b style=\"background-color: transparent;\"><sub>2<\/sub><\/b><b style=\"background-color: transparent;\"> Sens\u00f6r\u00fc<\/b><\/p>\n<p><a name=\"_Toc44340733\"><\/a><\/p>\n<p>Hava i\u00e7erisindeki CO<sub>2<\/sub> miktar\u0131n\u0131 \u00f6l\u00e7mek i\u00e7in kullan\u0131lan sens\u00f6rd\u00fcr. Kontrol kart\u0131 bu sens\u00f6re g\u00f6re kalibre edilebilmektedir. Kanal tipi kullan\u0131ma uygundur.<\/p>\n<p><a name=\"_Toc44340734\"><\/a><b>4. Nem &amp; CO<\/b><b><sub>2<\/sub><\/b><b> Sens\u00f6r\u00fc<\/b><\/p>\n<p>Hava i\u00e7erisindeki CO<sub>2<\/sub> ve nem miktar\u0131n\u0131 ayn\u0131 anda \u00f6l\u00e7mek i\u00e7in kullan\u0131lan sens\u00f6rd\u00fcr. 2 sens\u00f6r\u00fcn birle\u015ftirilmesi ile olu\u015fturulmu\u015ftur. Kontrol kart\u0131 bu sens\u00f6re g\u00f6re kalibre edilebilmektedir. Kanal tipi kullan\u0131ma uygundur.<\/p>\n<p><a name=\"_Toc44340735\"><\/a><b>5. Bas\u0131n\u00e7 transmitter<\/b><\/p>\n<p>Hava bas\u0131n\u00e7 fark\u0131n\u0131n \u00f6l\u00e7\u00fclmesi i\u00e7in kullan\u0131lan sens\u00f6rd\u00fcr. Sabit debi, sabit bas\u0131n\u00e7 fonksiyonlar\u0131 ve filtre kirlilik \u00f6l\u00e7\u00fcm\u00fc i\u00e7in kullan\u0131labilir. Kontrol kart\u0131 bu sens\u00f6re g\u00f6re kalibre edilebilmektedir. Kanal tipi kullan\u0131ma uygundur.<\/p>\n<h2>AC Kontrol Kart\u0131<\/h2>\n<p>\t\t\t\t\t\t\t\t\t\t<img width=\"768\" height=\"396\" src=\"http:\/\/www.destekotomasyon.com\/wp-content\/uploads\/2022\/06\/Adsiz-tasarim-31-768x396.png\" alt=\"\" loading=\"lazy\" srcset=\"http:\/\/www.destekotomasyon.com\/wp-content\/uploads\/2022\/06\/Adsiz-tasarim-31-768x396.png 768w, http:\/\/www.destekotomasyon.com\/wp-content\/uploads\/2022\/06\/Adsiz-tasarim-31-300x155.png 300w, http:\/\/www.destekotomasyon.com\/wp-content\/uploads\/2022\/06\/Adsiz-tasarim-31-1024x528.png 1024w, http:\/\/www.destekotomasyon.com\/wp-content\/uploads\/2022\/06\/Adsiz-tasarim-31.png 1436w\" sizes=\"(max-width: 768px) 100vw, 768px\">\t\t\t\t\t\t\t\t\t\t\t<\/p>\n<p>AC Fan Kontrol\u00fc i\u00e7in tasarlanan AC H\u0131z Ayar Kart\u0131, cihaz \u00fczerinde yer alan trimpot ile h\u0131z kontrol\u00fc sa\u011flar. Kontrol kart\u0131, kullan\u0131c\u0131 aray\u00fczleri ile kullan\u0131ma uygundur. AC h\u0131z ayar kart\u0131 fan \u00e7\u0131k\u0131\u015f, fan ar\u0131za, panel boost, low-mid-high fonksiyonlar\u0131 ile kontrol kart\u0131na ihtiya\u00e7 duyulmaks\u0131z\u0131n kullan\u0131c\u0131 aray\u00fczleri ile birlikte kullan\u0131labilmektedir.&nbsp;<\/p>\n<p>\t\t\t\t\t<a href=\"https:\/\/www.facebook.com\/destekotomasyon\/?fref=ts%20\" target=\"_blank\" rel=\"noopener\"><br>\n\t\t\t\t\t\tFacebook<br>\n\t\t\t\t\t\t\t\t\t\t\t<\/a><br>\n\t\t\t\t\t<a href=\"https:\/\/www.linkedin.com\/company\/destek-otomasyon\" target=\"_blank\" rel=\"noopener\"><br>\n\t\t\t\t\t\tLinkedin<br>\n\t\t\t\t\t\t\t\t\t\t\t<\/a><br>\n\t\t\t\t\t<a href=\"https:\/\/www.youtube.com\/channel\/UC-1U6Za9o0FAfcesell1n0A\" target=\"_blank\" rel=\"noopener\"><br>\n\t\t\t\t\t\tYoutube<br>\n\t\t\t\t\t\t\t\t\t\t\t<\/a><br>\n\t\t\t\t\t<a href=\"https:\/\/www.instagram.com\/destekotomasyon\/\" target=\"_blank\" rel=\"noopener\"><br>\n\t\t\t\t\t\tInstagram<br>\n\t\t\t\t\t\t\t\t\t\t\t<\/a><\/p>","protected":false},"excerpt":{"rendered":"<p class=\"qua-blog-post-description\">Art\u0131k konut i\u00e7i kullan\u0131mda dahi kendine yer bulan IGK cihazlar\u0131n\u0131n temel amac\u0131 i\u00e7 ortamdaki havan\u0131n d\u0131\u015far\u0131ya verilip, d\u0131\u015f ortamdan da taze havan\u0131n i\u00e7 mekana al\u0131nmas\u0131d\u0131r. IGK cihazlar\u0131 ise bu amac\u0131, \u00e7oklu fonksiyonlar\u0131n koordineli \u00e7al\u0131\u015fmas\u0131n\u0131 sa\u011flayan kontrol kartlar\u0131 ve sens\u00f6rler ile ger\u00e7ekle\u015ftirmektedir. Destek Otomasyon\u2019 un kendi tasar\u0131m ve \u00fcretimi olan CO2 sens\u00f6r\u00fc, hava i\u00e7erisindeki CO\u2019 miktar\u0131n\u0131 [&hellip;]<\/p>\n","protected":false},"author":1,"featured_media":0,"parent":0,"menu_order":0,"comment_status":"closed","ping_status":"closed","template":"","meta":[],"yoast_head":"<!-- This site is optimized with the Yoast SEO plugin v18.4.1 - https:\/\/yoast.com\/wordpress\/plugins\/seo\/ -->\n<title>Destech-HRC Aksesuarlar &ndash; Destek Otomasyon Destek Otomasyon<\/title>\n<meta name=\"description\" content=\"Art\u0131k konut i\u00e7i kullan\u0131mda dahi kendine yer bulan IGK cihazlar\u0131n\u0131n temel amac\u0131 i\u00e7 ortamdaki havan\u0131n d\u0131\u015far\u0131ya verilip, d\u0131\u015f ortamdan...\" \/>\n<meta name=\"robots\" content=\"index, follow, max-snippet:-1, max-image-preview:large, max-video-preview:-1\" \/>\n<link rel=\"canonical\" href=\"http:\/\/www.destekotomasyon.com\/index.php\/sensor-grubu-aksesuarlar\/\" \/>\n<meta property=\"og:locale\" content=\"tr_TR\" \/>\n<meta property=\"og:type\" content=\"article\" \/>\n<meta property=\"og:title\" content=\"Destech-HRC Aksesuarlar &ndash; Destek Otomasyon Destek Otomasyon\" \/>\n<meta property=\"og:description\" content=\"Art\u0131k konut i\u00e7i kullan\u0131mda dahi kendine yer bulan IGK cihazlar\u0131n\u0131n temel amac\u0131 i\u00e7 ortamdaki havan\u0131n d\u0131\u015far\u0131ya verilip, d\u0131\u015f ortamdan...\" \/>\n<meta property=\"og:url\" content=\"http:\/\/www.destekotomasyon.com\/index.php\/sensor-grubu-aksesuarlar\/\" \/>\n<meta property=\"og:site_name\" content=\"Destek Otomasyon\" \/>\n<meta property=\"article:publisher\" content=\"https:\/\/www.facebook.com\/destekotomasyon\/?fref=ts\" \/>\n<meta property=\"article:modified_time\" content=\"2024-01-29T11:29:18+00:00\" \/>\n<meta property=\"og:image\" content=\"http:\/\/www.destekotomasyon.com\/wp-content\/uploads\/2022\/06\/ONE-CIKAN-URUNLERIMIZ-12.png\" \/>\n<meta name=\"twitter:card\" content=\"summary_large_image\" \/>\n<meta name=\"twitter:label1\" content=\"Tahmini okuma s\u00fcresi\" \/>\n\t<meta name=\"twitter:data1\" content=\"3 dakika\" \/>\n<script type=\"application\/ld+json\" class=\"yoast-schema-graph\">{\"@context\":\"https:\/\/schema.org\",\"@graph\":[{\"@type\":\"Organization\",\"@id\":\"http:\/\/www.destekotomasyon.com\/#organization\",\"name\":\"Destek Otomasyon\",\"url\":\"http:\/\/www.destekotomasyon.com\/\",\"sameAs\":[\"https:\/\/www.facebook.com\/destekotomasyon\/?fref=ts\",\"https:\/\/www.instagram.com\/destekotomasyon\/\",\"https:\/\/www.linkedin.com\/company\/destek-otomasyon\",\"https:\/\/www.youtube.com\/channel\/UC-1U6Za9o0FAfcesell1n0A\"],\"logo\":{\"@type\":\"ImageObject\",\"@id\":\"http:\/\/www.destekotomasyon.com\/#logo\",\"inLanguage\":\"tr\",\"url\":\"http:\/\/www.destekotomasyon.com\/wp-content\/uploads\/2020\/09\/cropped-Adsiz-tasarim-2.png\",\"contentUrl\":\"http:\/\/www.destekotomasyon.com\/wp-content\/uploads\/2020\/09\/cropped-Adsiz-tasarim-2.png\",\"width\":153,\"height\":123,\"caption\":\"Destek Otomasyon\"},\"image\":{\"@id\":\"http:\/\/www.destekotomasyon.com\/#logo\"}},{\"@type\":\"WebSite\",\"@id\":\"http:\/\/www.destekotomasyon.com\/#website\",\"url\":\"http:\/\/www.destekotomasyon.com\/\",\"name\":\"Destek Otomasyon\",\"description\":\"Destek Otomasyon Enerji Elektronik Makina San. ve Tic. Ltd. \u015eti.\",\"publisher\":{\"@id\":\"http:\/\/www.destekotomasyon.com\/#organization\"},\"potentialAction\":[{\"@type\":\"SearchAction\",\"target\":{\"@type\":\"EntryPoint\",\"urlTemplate\":\"http:\/\/www.destekotomasyon.com\/?s={search_term_string}\"},\"query-input\":\"required name=search_term_string\"}],\"inLanguage\":\"tr\"},{\"@type\":\"ImageObject\",\"@id\":\"http:\/\/www.destekotomasyon.com\/index.php\/sensor-grubu-aksesuarlar\/#primaryimage\",\"inLanguage\":\"tr\",\"url\":\"http:\/\/www.destekotomasyon.com\/wp-content\/uploads\/2022\/06\/ONE-CIKAN-URUNLERIMIZ-12.png\",\"contentUrl\":\"http:\/\/www.destekotomasyon.com\/wp-content\/uploads\/2022\/06\/ONE-CIKAN-URUNLERIMIZ-12.png\",\"width\":768,\"height\":370,\"caption\":\"destech hrc sens\u00f6rler sens\u00f6r grubu aksesuarlar\"},{\"@type\":\"WebPage\",\"@id\":\"http:\/\/www.destekotomasyon.com\/index.php\/sensor-grubu-aksesuarlar\/#webpage\",\"url\":\"http:\/\/www.destekotomasyon.com\/index.php\/sensor-grubu-aksesuarlar\/\",\"name\":\"Destech-HRC Aksesuarlar &ndash; Destek Otomasyon Destek Otomasyon\",\"isPartOf\":{\"@id\":\"http:\/\/www.destekotomasyon.com\/#website\"},\"primaryImageOfPage\":{\"@id\":\"http:\/\/www.destekotomasyon.com\/index.php\/sensor-grubu-aksesuarlar\/#primaryimage\"},\"datePublished\":\"2021-01-26T12:01:42+00:00\",\"dateModified\":\"2024-01-29T11:29:18+00:00\",\"description\":\"Art\u0131k konut i\u00e7i kullan\u0131mda dahi kendine yer bulan IGK cihazlar\u0131n\u0131n temel amac\u0131 i\u00e7 ortamdaki havan\u0131n d\u0131\u015far\u0131ya verilip, d\u0131\u015f ortamdan...\",\"breadcrumb\":{\"@id\":\"http:\/\/www.destekotomasyon.com\/index.php\/sensor-grubu-aksesuarlar\/#breadcrumb\"},\"inLanguage\":\"tr\",\"potentialAction\":[{\"@type\":\"ReadAction\",\"target\":[\"http:\/\/www.destekotomasyon.com\/index.php\/sensor-grubu-aksesuarlar\/\"]}]},{\"@type\":\"BreadcrumbList\",\"@id\":\"http:\/\/www.destekotomasyon.com\/index.php\/sensor-grubu-aksesuarlar\/#breadcrumb\",\"itemListElement\":[{\"@type\":\"ListItem\",\"position\":1,\"name\":\"Ana sayfa\",\"item\":\"http:\/\/www.destekotomasyon.com\/\"},{\"@type\":\"ListItem\",\"position\":2,\"name\":\"Destech-HRC Aksesuarlar\"}]}]}<\/script>\n<!-- \/ Yoast SEO plugin. -->","yoast_head_json":{"title":"Destech-HRC Aksesuarlar &ndash; Destek Otomasyon Destek Otomasyon","description":"Art\u0131k konut i\u00e7i kullan\u0131mda dahi kendine yer bulan IGK cihazlar\u0131n\u0131n temel amac\u0131 i\u00e7 ortamdaki havan\u0131n d\u0131\u015far\u0131ya verilip, d\u0131\u015f ortamdan...","robots":{"index":"index","follow":"follow","max-snippet":"max-snippet:-1","max-image-preview":"max-image-preview:large","max-video-preview":"max-video-preview:-1"},"canonical":"http:\/\/www.destekotomasyon.com\/index.php\/sensor-grubu-aksesuarlar\/","og_locale":"tr_TR","og_type":"article","og_title":"Destech-HRC Aksesuarlar &ndash; Destek Otomasyon Destek Otomasyon","og_description":"Art\u0131k konut i\u00e7i kullan\u0131mda dahi kendine yer bulan IGK cihazlar\u0131n\u0131n temel amac\u0131 i\u00e7 ortamdaki havan\u0131n d\u0131\u015far\u0131ya verilip, d\u0131\u015f ortamdan...","og_url":"http:\/\/www.destekotomasyon.com\/index.php\/sensor-grubu-aksesuarlar\/","og_site_name":"Destek Otomasyon","article_publisher":"https:\/\/www.facebook.com\/destekotomasyon\/?fref=ts","article_modified_time":"2024-01-29T11:29:18+00:00","og_image":[{"url":"http:\/\/www.destekotomasyon.com\/wp-content\/uploads\/2022\/06\/ONE-CIKAN-URUNLERIMIZ-12.png"}],"twitter_card":"summary_large_image","twitter_misc":{"Tahmini okuma s\u00fcresi":"3 dakika"},"schema":{"@context":"https:\/\/schema.org","@graph":[{"@type":"Organization","@id":"http:\/\/www.destekotomasyon.com\/#organization","name":"Destek Otomasyon","url":"http:\/\/www.destekotomasyon.com\/","sameAs":["https:\/\/www.facebook.com\/destekotomasyon\/?fref=ts","https:\/\/www.instagram.com\/destekotomasyon\/","https:\/\/www.linkedin.com\/company\/destek-otomasyon","https:\/\/www.youtube.com\/channel\/UC-1U6Za9o0FAfcesell1n0A"],"logo":{"@type":"ImageObject","@id":"http:\/\/www.destekotomasyon.com\/#logo","inLanguage":"tr","url":"http:\/\/www.destekotomasyon.com\/wp-content\/uploads\/2020\/09\/cropped-Adsiz-tasarim-2.png","contentUrl":"http:\/\/www.destekotomasyon.com\/wp-content\/uploads\/2020\/09\/cropped-Adsiz-tasarim-2.png","width":153,"height":123,"caption":"Destek Otomasyon"},"image":{"@id":"http:\/\/www.destekotomasyon.com\/#logo"}},{"@type":"WebSite","@id":"http:\/\/www.destekotomasyon.com\/#website","url":"http:\/\/www.destekotomasyon.com\/","name":"Destek Otomasyon","description":"Destek Otomasyon Enerji Elektronik Makina San. ve Tic. Ltd. \u015eti.","publisher":{"@id":"http:\/\/www.destekotomasyon.com\/#organization"},"potentialAction":[{"@type":"SearchAction","target":{"@type":"EntryPoint","urlTemplate":"http:\/\/www.destekotomasyon.com\/?s={search_term_string}"},"query-input":"required name=search_term_string"}],"inLanguage":"tr"},{"@type":"ImageObject","@id":"http:\/\/www.destekotomasyon.com\/index.php\/sensor-grubu-aksesuarlar\/#primaryimage","inLanguage":"tr","url":"http:\/\/www.destekotomasyon.com\/wp-content\/uploads\/2022\/06\/ONE-CIKAN-URUNLERIMIZ-12.png","contentUrl":"http:\/\/www.destekotomasyon.com\/wp-content\/uploads\/2022\/06\/ONE-CIKAN-URUNLERIMIZ-12.png","width":768,"height":370,"caption":"destech hrc sens\u00f6rler sens\u00f6r grubu aksesuarlar"},{"@type":"WebPage","@id":"http:\/\/www.destekotomasyon.com\/index.php\/sensor-grubu-aksesuarlar\/#webpage","url":"http:\/\/www.destekotomasyon.com\/index.php\/sensor-grubu-aksesuarlar\/","name":"Destech-HRC Aksesuarlar &ndash; Destek Otomasyon Destek Otomasyon","isPartOf":{"@id":"http:\/\/www.destekotomasyon.com\/#website"},"primaryImageOfPage":{"@id":"http:\/\/www.destekotomasyon.com\/index.php\/sensor-grubu-aksesuarlar\/#primaryimage"},"datePublished":"2021-01-26T12:01:42+00:00","dateModified":"2024-01-29T11:29:18+00:00","description":"Art\u0131k konut i\u00e7i kullan\u0131mda dahi kendine yer bulan IGK cihazlar\u0131n\u0131n temel amac\u0131 i\u00e7 ortamdaki havan\u0131n d\u0131\u015far\u0131ya verilip, d\u0131\u015f ortamdan...","breadcrumb":{"@id":"http:\/\/www.destekotomasyon.com\/index.php\/sensor-grubu-aksesuarlar\/#breadcrumb"},"inLanguage":"tr","potentialAction":[{"@type":"ReadAction","target":["http:\/\/www.destekotomasyon.com\/index.php\/sensor-grubu-aksesuarlar\/"]}]},{"@type":"BreadcrumbList","@id":"http:\/\/www.destekotomasyon.com\/index.php\/sensor-grubu-aksesuarlar\/#breadcrumb","itemListElement":[{"@type":"ListItem","position":1,"name":"Ana sayfa","item":"http:\/\/www.destekotomasyon.com\/"},{"@type":"ListItem","position":2,"name":"Destech-HRC Aksesuarlar"}]}]}},"_links":{"self":[{"href":"http:\/\/www.destekotomasyon.com\/index.php\/wp-json\/wp\/v2\/pages\/611"}],"collection":[{"href":"http:\/\/www.destekotomasyon.com\/index.php\/wp-json\/wp\/v2\/pages"}],"about":[{"href":"http:\/\/www.destekotomasyon.com\/index.php\/wp-json\/wp\/v2\/types\/page"}],"author":[{"embeddable":true,"href":"http:\/\/www.destekotomasyon.com\/index.php\/wp-json\/wp\/v2\/users\/1"}],"replies":[{"embeddable":true,"href":"http:\/\/www.destekotomasyon.com\/index.php\/wp-json\/wp\/v2\/comments?post=611"}],"version-history":[{"count":70,"href":"http:\/\/www.destekotomasyon.com\/index.php\/wp-json\/wp\/v2\/pages\/611\/revisions"}],"predecessor-version":[{"id":1943,"href":"http:\/\/www.destekotomasyon.com\/index.php\/wp-json\/wp\/v2\/pages\/611\/revisions\/1943"}],"wp:attachment":[{"href":"http:\/\/www.destekotomasyon.com\/index.php\/wp-json\/wp\/v2\/media?parent=611"}],"curies":[{"name":"wp","href":"https:\/\/api.w.org\/{rel}","templated":true}]}}