{"id":980,"date":"2021-02-17T17:30:46","date_gmt":"2021-02-17T14:30:46","guid":{"rendered":"http:\/\/new.destekotomasyon.com\/destek_new\/?page_id=980"},"modified":"2024-01-29T14:19:35","modified_gmt":"2024-01-29T11:19:35","slug":"destech-hrc-touch-panel","status":"publish","type":"page","link":"http:\/\/www.destekotomasyon.com\/index.php\/destech-hrc-touch-panel\/","title":{"rendered":"Destech-HRC Dokunmatik Panel"},"content":{"rendered":"\n<div class=\"wp-block-columns\">\n<div class=\"wp-block-column\">\n<figure class=\"wp-block-image size-large\"><img loading=\"lazy\" width=\"1024\" height=\"576\" src=\"http:\/\/www.destekotomasyon.com\/wp-content\/uploads\/2024\/01\/dhrc_touch-1024x576.png\" alt=\"\" class=\"wp-image-1846\" srcset=\"http:\/\/www.destekotomasyon.com\/wp-content\/uploads\/2024\/01\/dhrc_touch-1024x576.png 1024w, http:\/\/www.destekotomasyon.com\/wp-content\/uploads\/2024\/01\/dhrc_touch-300x169.png 300w, http:\/\/www.destekotomasyon.com\/wp-content\/uploads\/2024\/01\/dhrc_touch-768x432.png 768w, http:\/\/www.destekotomasyon.com\/wp-content\/uploads\/2024\/01\/dhrc_touch-1536x864.png 1536w, http:\/\/www.destekotomasyon.com\/wp-content\/uploads\/2024\/01\/dhrc_touch-2048x1152.png 2048w\" sizes=\"(max-width: 1024px) 100vw, 1024px\" \/><\/figure>\n<\/div>\n\n\n\n<div class=\"wp-block-column\">\n<p>Destech HRC Dokunmatik Panel, 3,5 in\u00e7lik dokunmatik bir kullan\u0131c\u0131 aray\u00fcz\u00fcd\u00fcr. <\/p>\n\n\n\n<p>Bu tasar\u0131m ve basit aray\u00fcz sayesinde a\u00e7ma\/kapama, sistem fan h\u0131z\u0131n\u0131n ayarlanmas\u0131, ar\u0131za durumunda s\u0131f\u0131rlama ve filtre s\u00fcresinin s\u0131f\u0131rlanmas\u0131 i\u015flemleri yap\u0131labilmektedir.<\/p>\n\n\n\n<p>Her se\u00e7enek i\u00e7in ayr\u0131 g\u00f6stergelerle kullan\u0131c\u0131n\u0131n fark\u0131ndal\u0131\u011f\u0131 sa\u011flan\u0131r.<\/p>\n<\/div>\n<\/div>\n\n\n\n<figure class=\"wp-block-table\"><table><tbody><tr><td><strong>Ekran<\/strong><\/td><td>3.5\u2033 Renkli<\/td><\/tr><tr><td><strong>Dokunmatik<\/strong><\/td><td>Evet<\/td><\/tr><tr><td><strong>LED<\/strong><\/td><td>Hay\u0131r<\/td><\/tr><tr><td><strong>Buton<\/strong><\/td><td>Hay\u0131r<\/td><\/tr><tr><td><strong>Haberle\u015fme Protokol\u00fc<\/strong><\/td><td>ModBUS x2<\/td><\/tr><tr><td><strong>Boyut<\/strong><\/td><td>65\u00d7105\u00d718 mm<\/td><\/tr><tr><td><strong>Dahili Sens\u00f6r<\/strong><\/td><td>S\u0131cakl\u0131k Sens\u00f6r\u00fc<\/td><\/tr><tr><td><strong>Ba\u011flant\u0131<\/strong><\/td><td>5 metre (100 m artt\u0131r\u0131labilir)<\/td><\/tr><tr><td><strong>Zamanlay\u0131c\u0131<\/strong><\/td><td>Haftan\u0131n 7 g\u00fcn\u00fc i\u00e7in 4 farkl\u0131 zamanlay\u0131c\u0131<\/td><\/tr><tr><td><strong>Mobil Uygulama<\/strong><\/td><td>Hay\u0131r<\/td><\/tr><\/tbody><\/table><\/figure>\n\n\n\n<p><strong>Kutu i\u00e7eri\u011fi:<\/strong>&nbsp;Destech HRC Dokunmatik Panel, ba\u011flant\u0131 kablosu ve montaj malzemeleri<\/p>\n\n\n\n<div class=\"wp-block-columns\">\n<div class=\"wp-block-column\">\n<div class=\"wp-block-image size-full\"><figure class=\"aligncenter is-resized\"><img loading=\"lazy\" src=\"http:\/\/www.destechhrc.com\/wp-content\/uploads\/2022\/06\/Ekran-goruntusu-2022-06-23-143907-1.png\" alt=\"\" class=\"wp-image-385\" width=\"466\" height=\"606\"\/><\/figure><\/div>\n<\/div>\n\n\n\n<div class=\"wp-block-column\">\n<div class=\"wp-block-image size-full\"><figure class=\"aligncenter is-resized\"><img loading=\"lazy\" src=\"http:\/\/www.destechhrc.com\/wp-content\/uploads\/2022\/06\/Ekran-goruntusu-2022-06-23-sdvsdvsdvsdv.png\" alt=\"\" class=\"wp-image-384\" width=\"414\" height=\"285\"\/><\/figure><\/div>\n<\/div>\n<\/div>\n","protected":false},"excerpt":{"rendered":"<p class=\"qua-blog-post-description\">Destech HRC Dokunmatik Panel, 3,5 in\u00e7lik dokunmatik bir kullan\u0131c\u0131 aray\u00fcz\u00fcd\u00fcr. Bu tasar\u0131m ve basit aray\u00fcz sayesinde a\u00e7ma\/kapama, sistem fan h\u0131z\u0131n\u0131n ayarlanmas\u0131, ar\u0131za durumunda s\u0131f\u0131rlama ve filtre s\u00fcresinin s\u0131f\u0131rlanmas\u0131 i\u015flemleri yap\u0131labilmektedir. Her se\u00e7enek i\u00e7in ayr\u0131 g\u00f6stergelerle kullan\u0131c\u0131n\u0131n fark\u0131ndal\u0131\u011f\u0131 sa\u011flan\u0131r. Ekran 3.5\u2033 Renkli Dokunmatik Evet LED Hay\u0131r Buton Hay\u0131r Haberle\u015fme Protokol\u00fc ModBUS x2 Boyut 65\u00d7105\u00d718 mm Dahili [&hellip;]<\/p>\n","protected":false},"author":1,"featured_media":0,"parent":0,"menu_order":0,"comment_status":"closed","ping_status":"closed","template":"","meta":[],"yoast_head":"<!-- This site is optimized with the Yoast SEO plugin v18.4.1 - https:\/\/yoast.com\/wordpress\/plugins\/seo\/ -->\n<title>Destech-HRC Dokunmatik Panel &ndash; Destek Otomasyon<\/title>\n<meta name=\"robots\" content=\"index, follow, max-snippet:-1, max-image-preview:large, max-video-preview:-1\" \/>\n<link rel=\"canonical\" href=\"http:\/\/www.destekotomasyon.com\/index.php\/destech-hrc-touch-panel\/\" \/>\n<meta property=\"og:locale\" content=\"tr_TR\" \/>\n<meta property=\"og:type\" content=\"article\" \/>\n<meta property=\"og:title\" content=\"Destech-HRC Dokunmatik Panel &ndash; Destek Otomasyon\" \/>\n<meta property=\"og:description\" content=\"Destech HRC Dokunmatik Panel, 3,5 in\u00e7lik dokunmatik bir kullan\u0131c\u0131 aray\u00fcz\u00fcd\u00fcr. Bu tasar\u0131m ve basit aray\u00fcz sayesinde a\u00e7ma\/kapama, sistem fan h\u0131z\u0131n\u0131n ayarlanmas\u0131, ar\u0131za durumunda s\u0131f\u0131rlama ve filtre s\u00fcresinin s\u0131f\u0131rlanmas\u0131 i\u015flemleri yap\u0131labilmektedir. Her se\u00e7enek i\u00e7in ayr\u0131 g\u00f6stergelerle kullan\u0131c\u0131n\u0131n fark\u0131ndal\u0131\u011f\u0131 sa\u011flan\u0131r. Ekran 3.5\u2033 Renkli Dokunmatik Evet LED Hay\u0131r Buton Hay\u0131r Haberle\u015fme Protokol\u00fc ModBUS x2 Boyut 65\u00d7105\u00d718 mm Dahili [&hellip;]\" \/>\n<meta property=\"og:url\" content=\"http:\/\/www.destekotomasyon.com\/index.php\/destech-hrc-touch-panel\/\" \/>\n<meta property=\"og:site_name\" content=\"Destek Otomasyon\" \/>\n<meta property=\"article:publisher\" content=\"https:\/\/www.facebook.com\/destekotomasyon\/?fref=ts\" \/>\n<meta property=\"article:modified_time\" content=\"2024-01-29T11:19:35+00:00\" \/>\n<meta property=\"og:image\" content=\"http:\/\/www.destekotomasyon.com\/wp-content\/uploads\/2024\/01\/dhrc_touch-1024x576.png\" \/>\n<meta name=\"twitter:card\" content=\"summary_large_image\" \/>\n<meta name=\"twitter:label1\" content=\"Tahmini okuma s\u00fcresi\" \/>\n\t<meta name=\"twitter:data1\" content=\"2 dakika\" \/>\n<script type=\"application\/ld+json\" class=\"yoast-schema-graph\">{\"@context\":\"https:\/\/schema.org\",\"@graph\":[{\"@type\":\"Organization\",\"@id\":\"http:\/\/www.destekotomasyon.com\/#organization\",\"name\":\"Destek Otomasyon\",\"url\":\"http:\/\/www.destekotomasyon.com\/\",\"sameAs\":[\"https:\/\/www.facebook.com\/destekotomasyon\/?fref=ts\",\"https:\/\/www.instagram.com\/destekotomasyon\/\",\"https:\/\/www.linkedin.com\/company\/destek-otomasyon\",\"https:\/\/www.youtube.com\/channel\/UC-1U6Za9o0FAfcesell1n0A\"],\"logo\":{\"@type\":\"ImageObject\",\"@id\":\"http:\/\/www.destekotomasyon.com\/#logo\",\"inLanguage\":\"tr\",\"url\":\"http:\/\/www.destekotomasyon.com\/wp-content\/uploads\/2020\/09\/cropped-Adsiz-tasarim-2.png\",\"contentUrl\":\"http:\/\/www.destekotomasyon.com\/wp-content\/uploads\/2020\/09\/cropped-Adsiz-tasarim-2.png\",\"width\":153,\"height\":123,\"caption\":\"Destek Otomasyon\"},\"image\":{\"@id\":\"http:\/\/www.destekotomasyon.com\/#logo\"}},{\"@type\":\"WebSite\",\"@id\":\"http:\/\/www.destekotomasyon.com\/#website\",\"url\":\"http:\/\/www.destekotomasyon.com\/\",\"name\":\"Destek Otomasyon\",\"description\":\"Destek Otomasyon Enerji Elektronik Makina San. ve Tic. Ltd. \u015eti.\",\"publisher\":{\"@id\":\"http:\/\/www.destekotomasyon.com\/#organization\"},\"potentialAction\":[{\"@type\":\"SearchAction\",\"target\":{\"@type\":\"EntryPoint\",\"urlTemplate\":\"http:\/\/www.destekotomasyon.com\/?s={search_term_string}\"},\"query-input\":\"required name=search_term_string\"}],\"inLanguage\":\"tr\"},{\"@type\":\"ImageObject\",\"@id\":\"http:\/\/www.destekotomasyon.com\/index.php\/destech-hrc-touch-panel\/#primaryimage\",\"inLanguage\":\"tr\",\"url\":\"http:\/\/www.destekotomasyon.com\/wp-content\/uploads\/2024\/01\/dhrc_touch.png\",\"contentUrl\":\"http:\/\/www.destekotomasyon.com\/wp-content\/uploads\/2024\/01\/dhrc_touch.png\",\"width\":3840,\"height\":2160},{\"@type\":\"WebPage\",\"@id\":\"http:\/\/www.destekotomasyon.com\/index.php\/destech-hrc-touch-panel\/#webpage\",\"url\":\"http:\/\/www.destekotomasyon.com\/index.php\/destech-hrc-touch-panel\/\",\"name\":\"Destech-HRC Dokunmatik Panel &ndash; Destek Otomasyon\",\"isPartOf\":{\"@id\":\"http:\/\/www.destekotomasyon.com\/#website\"},\"primaryImageOfPage\":{\"@id\":\"http:\/\/www.destekotomasyon.com\/index.php\/destech-hrc-touch-panel\/#primaryimage\"},\"datePublished\":\"2021-02-17T14:30:46+00:00\",\"dateModified\":\"2024-01-29T11:19:35+00:00\",\"breadcrumb\":{\"@id\":\"http:\/\/www.destekotomasyon.com\/index.php\/destech-hrc-touch-panel\/#breadcrumb\"},\"inLanguage\":\"tr\",\"potentialAction\":[{\"@type\":\"ReadAction\",\"target\":[\"http:\/\/www.destekotomasyon.com\/index.php\/destech-hrc-touch-panel\/\"]}]},{\"@type\":\"BreadcrumbList\",\"@id\":\"http:\/\/www.destekotomasyon.com\/index.php\/destech-hrc-touch-panel\/#breadcrumb\",\"itemListElement\":[{\"@type\":\"ListItem\",\"position\":1,\"name\":\"Ana sayfa\",\"item\":\"http:\/\/www.destekotomasyon.com\/\"},{\"@type\":\"ListItem\",\"position\":2,\"name\":\"Destech-HRC Dokunmatik Panel\"}]}]}<\/script>\n<!-- \/ Yoast SEO plugin. -->","yoast_head_json":{"title":"Destech-HRC Dokunmatik Panel &ndash; Destek Otomasyon","robots":{"index":"index","follow":"follow","max-snippet":"max-snippet:-1","max-image-preview":"max-image-preview:large","max-video-preview":"max-video-preview:-1"},"canonical":"http:\/\/www.destekotomasyon.com\/index.php\/destech-hrc-touch-panel\/","og_locale":"tr_TR","og_type":"article","og_title":"Destech-HRC Dokunmatik Panel &ndash; Destek Otomasyon","og_description":"Destech HRC Dokunmatik Panel, 3,5 in\u00e7lik dokunmatik bir kullan\u0131c\u0131 aray\u00fcz\u00fcd\u00fcr. Bu tasar\u0131m ve basit aray\u00fcz sayesinde a\u00e7ma\/kapama, sistem fan h\u0131z\u0131n\u0131n ayarlanmas\u0131, ar\u0131za durumunda s\u0131f\u0131rlama ve filtre s\u00fcresinin s\u0131f\u0131rlanmas\u0131 i\u015flemleri yap\u0131labilmektedir. Her se\u00e7enek i\u00e7in ayr\u0131 g\u00f6stergelerle kullan\u0131c\u0131n\u0131n fark\u0131ndal\u0131\u011f\u0131 sa\u011flan\u0131r. Ekran 3.5\u2033 Renkli Dokunmatik Evet LED Hay\u0131r Buton Hay\u0131r Haberle\u015fme Protokol\u00fc ModBUS x2 Boyut 65\u00d7105\u00d718 mm Dahili [&hellip;]","og_url":"http:\/\/www.destekotomasyon.com\/index.php\/destech-hrc-touch-panel\/","og_site_name":"Destek Otomasyon","article_publisher":"https:\/\/www.facebook.com\/destekotomasyon\/?fref=ts","article_modified_time":"2024-01-29T11:19:35+00:00","og_image":[{"url":"http:\/\/www.destekotomasyon.com\/wp-content\/uploads\/2024\/01\/dhrc_touch-1024x576.png"}],"twitter_card":"summary_large_image","twitter_misc":{"Tahmini okuma s\u00fcresi":"2 dakika"},"schema":{"@context":"https:\/\/schema.org","@graph":[{"@type":"Organization","@id":"http:\/\/www.destekotomasyon.com\/#organization","name":"Destek Otomasyon","url":"http:\/\/www.destekotomasyon.com\/","sameAs":["https:\/\/www.facebook.com\/destekotomasyon\/?fref=ts","https:\/\/www.instagram.com\/destekotomasyon\/","https:\/\/www.linkedin.com\/company\/destek-otomasyon","https:\/\/www.youtube.com\/channel\/UC-1U6Za9o0FAfcesell1n0A"],"logo":{"@type":"ImageObject","@id":"http:\/\/www.destekotomasyon.com\/#logo","inLanguage":"tr","url":"http:\/\/www.destekotomasyon.com\/wp-content\/uploads\/2020\/09\/cropped-Adsiz-tasarim-2.png","contentUrl":"http:\/\/www.destekotomasyon.com\/wp-content\/uploads\/2020\/09\/cropped-Adsiz-tasarim-2.png","width":153,"height":123,"caption":"Destek Otomasyon"},"image":{"@id":"http:\/\/www.destekotomasyon.com\/#logo"}},{"@type":"WebSite","@id":"http:\/\/www.destekotomasyon.com\/#website","url":"http:\/\/www.destekotomasyon.com\/","name":"Destek Otomasyon","description":"Destek Otomasyon Enerji Elektronik Makina San. ve Tic. Ltd. \u015eti.","publisher":{"@id":"http:\/\/www.destekotomasyon.com\/#organization"},"potentialAction":[{"@type":"SearchAction","target":{"@type":"EntryPoint","urlTemplate":"http:\/\/www.destekotomasyon.com\/?s={search_term_string}"},"query-input":"required name=search_term_string"}],"inLanguage":"tr"},{"@type":"ImageObject","@id":"http:\/\/www.destekotomasyon.com\/index.php\/destech-hrc-touch-panel\/#primaryimage","inLanguage":"tr","url":"http:\/\/www.destekotomasyon.com\/wp-content\/uploads\/2024\/01\/dhrc_touch.png","contentUrl":"http:\/\/www.destekotomasyon.com\/wp-content\/uploads\/2024\/01\/dhrc_touch.png","width":3840,"height":2160},{"@type":"WebPage","@id":"http:\/\/www.destekotomasyon.com\/index.php\/destech-hrc-touch-panel\/#webpage","url":"http:\/\/www.destekotomasyon.com\/index.php\/destech-hrc-touch-panel\/","name":"Destech-HRC Dokunmatik Panel &ndash; Destek Otomasyon","isPartOf":{"@id":"http:\/\/www.destekotomasyon.com\/#website"},"primaryImageOfPage":{"@id":"http:\/\/www.destekotomasyon.com\/index.php\/destech-hrc-touch-panel\/#primaryimage"},"datePublished":"2021-02-17T14:30:46+00:00","dateModified":"2024-01-29T11:19:35+00:00","breadcrumb":{"@id":"http:\/\/www.destekotomasyon.com\/index.php\/destech-hrc-touch-panel\/#breadcrumb"},"inLanguage":"tr","potentialAction":[{"@type":"ReadAction","target":["http:\/\/www.destekotomasyon.com\/index.php\/destech-hrc-touch-panel\/"]}]},{"@type":"BreadcrumbList","@id":"http:\/\/www.destekotomasyon.com\/index.php\/destech-hrc-touch-panel\/#breadcrumb","itemListElement":[{"@type":"ListItem","position":1,"name":"Ana sayfa","item":"http:\/\/www.destekotomasyon.com\/"},{"@type":"ListItem","position":2,"name":"Destech-HRC Dokunmatik Panel"}]}]}},"_links":{"self":[{"href":"http:\/\/www.destekotomasyon.com\/index.php\/wp-json\/wp\/v2\/pages\/980"}],"collection":[{"href":"http:\/\/www.destekotomasyon.com\/index.php\/wp-json\/wp\/v2\/pages"}],"about":[{"href":"http:\/\/www.destekotomasyon.com\/index.php\/wp-json\/wp\/v2\/types\/page"}],"author":[{"embeddable":true,"href":"http:\/\/www.destekotomasyon.com\/index.php\/wp-json\/wp\/v2\/users\/1"}],"replies":[{"embeddable":true,"href":"http:\/\/www.destekotomasyon.com\/index.php\/wp-json\/wp\/v2\/comments?post=980"}],"version-history":[{"count":6,"href":"http:\/\/www.destekotomasyon.com\/index.php\/wp-json\/wp\/v2\/pages\/980\/revisions"}],"predecessor-version":[{"id":1938,"href":"http:\/\/www.destekotomasyon.com\/index.php\/wp-json\/wp\/v2\/pages\/980\/revisions\/1938"}],"wp:attachment":[{"href":"http:\/\/www.destekotomasyon.com\/index.php\/wp-json\/wp\/v2\/media?parent=980"}],"curies":[{"name":"wp","href":"https:\/\/api.w.org\/{rel}","templated":true}]}}